{"id":577,"date":"2021-04-13T21:08:54","date_gmt":"2021-04-13T21:08:54","guid":{"rendered":"https:\/\/demo.creativethemes.com\/blocksy\/homi\/?post_type=product&#038;p=577"},"modified":"2023-10-11T17:32:54","modified_gmt":"2023-10-11T15:32:54","slug":"combinaison-de-protection-3m-4510","status":"publish","type":"product","link":"https:\/\/saharatradings.com\/index.php\/produit\/combinaison-de-protection-3m-4510\/","title":{"rendered":"COMBINAISON DE PROTECTION 3M\u2122 4510"},"content":{"rendered":"<ul>\n<li>Combinaison de type 5\/6 con\u00e7ue pour offrir une protection contre les poussi\u00e8res dangereuses et des projections liquides limit\u00e9es<\/li>\n<li>Protection contre les\u00a0agents biologiques EN 14126<\/li>\n<li>Fabriqu\u00e9 en non tiss\u00e9 l\u00e9ger et doux recouvert d&rsquo;un stratifi\u00e9 microporeux respirable pour assurer une bonne r\u00e9sistance et une protection contre les projections<\/li>\n<li>Protection certifi\u00e9e contre les poussi\u00e8res dangereuses de type\u00a05\/6 et les projections liquides limit\u00e9es<\/li>\n<li>Capuche \u00e0 2 pans, fermeture \u00e0 glissi\u00e8re double curseur avec rabat de protection et ouvertures \u00e9lastiques r\u00e9duisant le risque d&rsquo;exposition cutan\u00e9e<\/li>\n<li>Le rev\u00eatement antistatique EN 1149-5 r\u00e9duit les d\u00e9charges d&rsquo;\u00e9lectricit\u00e9 statique et le risque d&rsquo;\u00e9tincelles<\/li>\n<\/ul>\n","protected":false},"excerpt":{"rendered":"<p>Combinaison de type 5\/6 con\u00e7ue pour offrir une protection contre les poussi\u00e8res dangereuses et des projections liquides limit\u00e9es Protection contre les\u00a0agents biologiques EN 14126 Fabriqu\u00e9 en non tiss\u00e9 l\u00e9ger et doux recouvert d&rsquo;un stratifi\u00e9 microporeux respirable pour assurer une bonne r\u00e9sistance et une protection contre les projections Protection certifi\u00e9e contre les poussi\u00e8res dangereuses de type\u00a05\/6 [&hellip;]<\/p>\n","protected":false},"featured_media":2128,"comment_status":"open","ping_status":"closed","template":"","meta":[],"product_brand":[],"product_cat":[39],"product_tag":[],"class_list":{"0":"post-577","1":"product","2":"type-product","3":"status-publish","4":"has-post-thumbnail","6":"product_cat-combinaisons-de-protection","8":"first","9":"instock","10":"taxable","11":"shipping-taxable","12":"product-type-simple"},"_links":{"self":[{"href":"https:\/\/saharatradings.com\/index.php\/wp-json\/wp\/v2\/product\/577","targetHints":{"allow":["GET"]}}],"collection":[{"href":"https:\/\/saharatradings.com\/index.php\/wp-json\/wp\/v2\/product"}],"about":[{"href":"https:\/\/saharatradings.com\/index.php\/wp-json\/wp\/v2\/types\/product"}],"replies":[{"embeddable":true,"href":"https:\/\/saharatradings.com\/index.php\/wp-json\/wp\/v2\/comments?post=577"}],"version-history":[{"count":1,"href":"https:\/\/saharatradings.com\/index.php\/wp-json\/wp\/v2\/product\/577\/revisions"}],"predecessor-version":[{"id":2129,"href":"https:\/\/saharatradings.com\/index.php\/wp-json\/wp\/v2\/product\/577\/revisions\/2129"}],"wp:featuredmedia":[{"embeddable":true,"href":"https:\/\/saharatradings.com\/index.php\/wp-json\/wp\/v2\/media\/2128"}],"wp:attachment":[{"href":"https:\/\/saharatradings.com\/index.php\/wp-json\/wp\/v2\/media?parent=577"}],"wp:term":[{"taxonomy":"product_brand","embeddable":true,"href":"https:\/\/saharatradings.com\/index.php\/wp-json\/wp\/v2\/product_brand?post=577"},{"taxonomy":"product_cat","embeddable":true,"href":"https:\/\/saharatradings.com\/index.php\/wp-json\/wp\/v2\/product_cat?post=577"},{"taxonomy":"product_tag","embeddable":true,"href":"https:\/\/saharatradings.com\/index.php\/wp-json\/wp\/v2\/product_tag?post=577"}],"curies":[{"name":"wp","href":"https:\/\/api.w.org\/{rel}","templated":true}]}}