{"id":285,"date":"2021-04-12T16:43:52","date_gmt":"2021-04-12T16:43:52","guid":{"rendered":"https:\/\/demo.creativethemes.com\/blocksy\/homi\/?post_type=product&#038;p=285"},"modified":"2023-10-11T18:42:58","modified_gmt":"2023-10-11T16:42:58","slug":"chaine-de-signalisation-en-plastique-rouge-blanc","status":"publish","type":"product","link":"https:\/\/saharatradings.com\/index.php\/produit\/chaine-de-signalisation-en-plastique-rouge-blanc\/","title":{"rendered":"CHAINE DE SIGNALISATION EN PLASTIQUE (ROUGE-BLANC)"},"content":{"rendered":"<p>Les cha\u00eenes de balisage, ou de signalisation, sont tr\u00e8s utiles pour d\u00e9limiter des espaces particuliers au sein d\u2019un espace plus grand. Par exemple dans votre atelier, elles peuvent d\u00e9limiter la zone d\u2019utilisation des machines \u00e0 risques, cela permettra \u00e0 vos employ\u00e9s de ne pas circuler involontairement dans des zones \u00e0 risques. Ces cha\u00eenes peuvent aussi servir de signalisation de cheminement. Vous les installez pour orienter la circulation de vos visiteurs ou de vos collaborateurs l\u00e0 o\u00f9 vous le souhaitez et \u00e9vitez par exemple les zones r\u00e9serv\u00e9es aux engins. Ces cha\u00eenes peuvent \u00e9galement cl\u00f4turer une zone, ainsi les personnes pr\u00e9sentes dans le p\u00e9rim\u00e8tre pourront comprendre d\u2019un seul coup d\u2019\u0153il que la zone est interdite d\u2019acc\u00e8s au personnel non autoris\u00e9.<\/p>\n","protected":false},"excerpt":{"rendered":"<p>Les cha\u00eenes de balisage, ou de signalisation, sont tr\u00e8s utiles pour d\u00e9limiter des espaces particuliers au sein d\u2019un espace plus grand. Par exemple dans votre atelier, elles peuvent d\u00e9limiter la zone d\u2019utilisation des machines \u00e0 risques, cela permettra \u00e0 vos employ\u00e9s de ne pas circuler involontairement dans des zones \u00e0 risques. Ces cha\u00eenes peuvent aussi [&hellip;]<\/p>\n","protected":false},"featured_media":2170,"comment_status":"open","ping_status":"closed","template":"","meta":[],"product_brand":[],"product_cat":[34],"product_tag":[],"class_list":{"0":"post-285","1":"product","2":"type-product","3":"status-publish","4":"has-post-thumbnail","6":"product_cat-circulation","8":"first","9":"instock","10":"taxable","11":"shipping-taxable","12":"product-type-simple"},"_links":{"self":[{"href":"https:\/\/saharatradings.com\/index.php\/wp-json\/wp\/v2\/product\/285","targetHints":{"allow":["GET"]}}],"collection":[{"href":"https:\/\/saharatradings.com\/index.php\/wp-json\/wp\/v2\/product"}],"about":[{"href":"https:\/\/saharatradings.com\/index.php\/wp-json\/wp\/v2\/types\/product"}],"replies":[{"embeddable":true,"href":"https:\/\/saharatradings.com\/index.php\/wp-json\/wp\/v2\/comments?post=285"}],"version-history":[{"count":1,"href":"https:\/\/saharatradings.com\/index.php\/wp-json\/wp\/v2\/product\/285\/revisions"}],"predecessor-version":[{"id":2169,"href":"https:\/\/saharatradings.com\/index.php\/wp-json\/wp\/v2\/product\/285\/revisions\/2169"}],"wp:featuredmedia":[{"embeddable":true,"href":"https:\/\/saharatradings.com\/index.php\/wp-json\/wp\/v2\/media\/2170"}],"wp:attachment":[{"href":"https:\/\/saharatradings.com\/index.php\/wp-json\/wp\/v2\/media?parent=285"}],"wp:term":[{"taxonomy":"product_brand","embeddable":true,"href":"https:\/\/saharatradings.com\/index.php\/wp-json\/wp\/v2\/product_brand?post=285"},{"taxonomy":"product_cat","embeddable":true,"href":"https:\/\/saharatradings.com\/index.php\/wp-json\/wp\/v2\/product_cat?post=285"},{"taxonomy":"product_tag","embeddable":true,"href":"https:\/\/saharatradings.com\/index.php\/wp-json\/wp\/v2\/product_tag?post=285"}],"curies":[{"name":"wp","href":"https:\/\/api.w.org\/{rel}","templated":true}]}}