{"id":283,"date":"2021-04-12T16:42:18","date_gmt":"2021-04-12T14:42:18","guid":{"rendered":"https:\/\/demo.creativethemes.com\/blocksy\/homi\/?post_type=product&#038;p=283"},"modified":"2023-10-11T19:19:45","modified_gmt":"2023-10-11T17:19:45","slug":"panneaux-de-signalisation-qframe","status":"publish","type":"product","link":"https:\/\/saharatradings.com\/index.php\/produit\/panneaux-de-signalisation-qframe\/","title":{"rendered":"PANNEAUX DE SIGNALISATION Q-FRAME"},"content":{"rendered":"<p>Q-Frame<\/p>\n<p>Cadre Q<\/p>\n<p>Une premi\u00e8re dans l&rsquo;industrie de Melba Swintex, un cadre Quick Fit enti\u00e8rement en plastique. Les fixations r\u00e9volutionnaires Quick-Lock sont install\u00e9es en standard. Elles restent solidement en place, permettant une installation rapide et facile de la face de l&rsquo;enseigne. Le cadre peut recevoir des plaques de signalisation de 300 mm et 450 mm de diam\u00e8tre. Noir en standard avec marquage d&rsquo;entreprise et diverses options de couleurs disponibles*.<\/p>\n<p>&nbsp;<\/p>\n<p><strong>Caract\u00e9ristiques :<\/strong><\/p>\n<ul>\n<li>Accepte les enseignes de 300 mm et 450 mm de diam\u00e8tre.<\/li>\n<li>Attaches r\u00e9volutionnaires Quick-Lock.<\/li>\n<li>Plus l\u00e9g\u00e8res que l&rsquo;acier = moins de poids dans le v\u00e9hicule.<\/li>\n<li>Non m\u00e9tallique, sans valeur de rebut.<\/li>\n<li>Non-conducteur.<\/li>\n<li>100% recyclable.<\/li>\n<li>Empilables &#8211; 80 sur une palette.<\/li>\n<li>Peut \u00eatre marqu\u00e9 du logo du client. Un tirage minimum est appliqu\u00e9.<\/li>\n<li>Peut \u00eatre fabriqu\u00e9 aux couleurs de l&rsquo;entreprise. Le tirage minimum s&rsquo;applique.<\/li>\n<li>La sangle de s\u00e9curit\u00e9 de 25 mm emp\u00eache l&rsquo;\u00e9vasement de la jambe.<\/li>\n<\/ul>\n<p><strong>Normes<\/strong><\/p>\n<p>Conforme aux exigences de la norme BS 8442:2015 lorsqu&rsquo;il est utilis\u00e9 avec la plaque d&rsquo;identification correcte.<\/p>\n","protected":false},"excerpt":{"rendered":"<p>Q-Frame Cadre Q Une premi\u00e8re dans l&rsquo;industrie de Melba Swintex, un cadre Quick Fit enti\u00e8rement en plastique. Les fixations r\u00e9volutionnaires Quick-Lock sont install\u00e9es en standard. Elles restent solidement en place, permettant une installation rapide et facile de la face de l&rsquo;enseigne. Le cadre peut recevoir des plaques de signalisation de 300 mm et 450 mm [&hellip;]<\/p>\n","protected":false},"featured_media":2185,"comment_status":"open","ping_status":"closed","template":"","meta":[],"product_brand":[],"product_cat":[37],"product_tag":[],"class_list":{"0":"post-283","1":"product","2":"type-product","3":"status-publish","4":"has-post-thumbnail","6":"product_cat-panneaux-de-signalisations-q-frame","8":"first","9":"instock","10":"taxable","11":"shipping-taxable","12":"product-type-simple"},"_links":{"self":[{"href":"https:\/\/saharatradings.com\/index.php\/wp-json\/wp\/v2\/product\/283","targetHints":{"allow":["GET"]}}],"collection":[{"href":"https:\/\/saharatradings.com\/index.php\/wp-json\/wp\/v2\/product"}],"about":[{"href":"https:\/\/saharatradings.com\/index.php\/wp-json\/wp\/v2\/types\/product"}],"replies":[{"embeddable":true,"href":"https:\/\/saharatradings.com\/index.php\/wp-json\/wp\/v2\/comments?post=283"}],"version-history":[{"count":1,"href":"https:\/\/saharatradings.com\/index.php\/wp-json\/wp\/v2\/product\/283\/revisions"}],"predecessor-version":[{"id":2184,"href":"https:\/\/saharatradings.com\/index.php\/wp-json\/wp\/v2\/product\/283\/revisions\/2184"}],"wp:featuredmedia":[{"embeddable":true,"href":"https:\/\/saharatradings.com\/index.php\/wp-json\/wp\/v2\/media\/2185"}],"wp:attachment":[{"href":"https:\/\/saharatradings.com\/index.php\/wp-json\/wp\/v2\/media?parent=283"}],"wp:term":[{"taxonomy":"product_brand","embeddable":true,"href":"https:\/\/saharatradings.com\/index.php\/wp-json\/wp\/v2\/product_brand?post=283"},{"taxonomy":"product_cat","embeddable":true,"href":"https:\/\/saharatradings.com\/index.php\/wp-json\/wp\/v2\/product_cat?post=283"},{"taxonomy":"product_tag","embeddable":true,"href":"https:\/\/saharatradings.com\/index.php\/wp-json\/wp\/v2\/product_tag?post=283"}],"curies":[{"name":"wp","href":"https:\/\/api.w.org\/{rel}","templated":true}]}}