{"id":2825,"date":"2023-12-04T16:14:04","date_gmt":"2023-12-04T15:14:04","guid":{"rendered":"http:\/\/localhost\/saharatradings\/?post_type=product&#038;p=2825"},"modified":"2023-12-04T16:14:09","modified_gmt":"2023-12-04T15:14:09","slug":"pa75-torche-rechargeable-usb","status":"publish","type":"product","link":"https:\/\/saharatradings.com\/index.php\/produit\/pa75-torche-rechargeable-usb\/","title":{"rendered":"PA75 &#8211; Torche rechargeable USB"},"content":{"rendered":"<p><strong>Description<\/strong><\/p>\n<p>Cette torche rechargeable est compacte et l\u00e9g\u00e8re. La distance du faisceau et la mise au point sont r\u00e9glables avec un syst\u00e8me de lentilles pouvant \u00eatre tourn\u00e9.<br \/>\nCette lampe peut \u00e9galement servir de chargeur de t\u00e9l\u00e9phone USB de secours avec suffisamment de puissance pour une charge compl\u00e8te de votre t\u00e9l\u00e9phone.<\/p>\n<h3>Caract\u00e9ristiques<\/h3>\n<p>\uf0b7\u00a0 Luminosit\u00e9 600 lumens<\/p>\n<p>\uf0b7\u00a0 Dur\u00e9e: 4 heures<\/p>\n<p>\uf0b7\u00a0 Rechargeable par USB<\/p>\n<p>\uf0b7\u00a0 Temps de recharge 3 heures<\/p>\n<p>\uf0b7\u00a0 Fonction fort-medium-faible-sos-flash<\/p>\n<p>\uf0b7\u00a0 Capacit\u00e9 de la banque d&rsquo;alimentation 2200mAh<\/p>\n<p>\uf0b7\u00a0 Autres options de batterie: AAA x 3<\/p>\n<p>\uf0b7\u00a0 C\u00e2ble de chargement micro USB inclus<\/p>\n<p>\uf0b7\u00a0 Certifi\u00e9 CE<\/p>\n<p>\uf0b7\u00a0 Conditionnement facilitant la vente au d\u00e9tail<\/p>\n<p>\uf0b7\u00a0 15cm x 3.5cm<\/p>\n<h3>Mati\u00e8res<\/h3>\n<p>Aluminium<\/p>\n","protected":false},"excerpt":{"rendered":"<p>Description Cette torche rechargeable est compacte et l\u00e9g\u00e8re. La distance du faisceau et la mise au point sont r\u00e9glables avec un syst\u00e8me de lentilles pouvant \u00eatre tourn\u00e9. Cette lampe peut \u00e9galement servir de chargeur de t\u00e9l\u00e9phone USB de secours avec suffisamment de puissance pour une charge compl\u00e8te de votre t\u00e9l\u00e9phone. Caract\u00e9ristiques \uf0b7\u00a0 Luminosit\u00e9 600 lumens [&hellip;]<\/p>\n","protected":false},"featured_media":2827,"comment_status":"open","ping_status":"closed","template":"","meta":[],"product_brand":[],"product_cat":[50],"product_tag":[],"class_list":{"0":"post-2825","1":"product","2":"type-product","3":"status-publish","4":"has-post-thumbnail","6":"product_cat-torche","8":"first","9":"instock","10":"taxable","11":"shipping-taxable","12":"product-type-simple"},"_links":{"self":[{"href":"https:\/\/saharatradings.com\/index.php\/wp-json\/wp\/v2\/product\/2825","targetHints":{"allow":["GET"]}}],"collection":[{"href":"https:\/\/saharatradings.com\/index.php\/wp-json\/wp\/v2\/product"}],"about":[{"href":"https:\/\/saharatradings.com\/index.php\/wp-json\/wp\/v2\/types\/product"}],"replies":[{"embeddable":true,"href":"https:\/\/saharatradings.com\/index.php\/wp-json\/wp\/v2\/comments?post=2825"}],"version-history":[{"count":2,"href":"https:\/\/saharatradings.com\/index.php\/wp-json\/wp\/v2\/product\/2825\/revisions"}],"predecessor-version":[{"id":2830,"href":"https:\/\/saharatradings.com\/index.php\/wp-json\/wp\/v2\/product\/2825\/revisions\/2830"}],"wp:featuredmedia":[{"embeddable":true,"href":"https:\/\/saharatradings.com\/index.php\/wp-json\/wp\/v2\/media\/2827"}],"wp:attachment":[{"href":"https:\/\/saharatradings.com\/index.php\/wp-json\/wp\/v2\/media?parent=2825"}],"wp:term":[{"taxonomy":"product_brand","embeddable":true,"href":"https:\/\/saharatradings.com\/index.php\/wp-json\/wp\/v2\/product_brand?post=2825"},{"taxonomy":"product_cat","embeddable":true,"href":"https:\/\/saharatradings.com\/index.php\/wp-json\/wp\/v2\/product_cat?post=2825"},{"taxonomy":"product_tag","embeddable":true,"href":"https:\/\/saharatradings.com\/index.php\/wp-json\/wp\/v2\/product_tag?post=2825"}],"curies":[{"name":"wp","href":"https:\/\/api.w.org\/{rel}","templated":true}]}}