{"id":2422,"date":"2023-10-14T21:37:46","date_gmt":"2023-10-14T19:37:46","guid":{"rendered":"http:\/\/localhost\/saharatradings\/?post_type=product&#038;p=2422"},"modified":"2023-10-14T21:43:42","modified_gmt":"2023-10-14T19:43:42","slug":"camelbak","status":"publish","type":"product","link":"https:\/\/saharatradings.com\/index.php\/produit\/camelbak\/","title":{"rendered":"CAMELBAK"},"content":{"rendered":"<p>Miniature et imposant \u00e0 la fois ! Ce petit sac bien rempli est la preuve que les grandes aventures se vivent avec de petits bagages. L&rsquo;aventure vous attend, o\u00f9 que vous soyez.<\/p>\n<p>&nbsp;<\/p>\n<ul>\n<li><strong>CARACT\u00c9RISTIQUES<\/strong><\/li>\n<li>Poche de stockage extensible : elle vous procure davantage de place pour ranger toutes vos affaires indispensables pour partir \u00e0 l&rsquo;aventure, ainsi que de petits souvenirs et pierres pr\u00e9cieuses glan\u00e9s le long du chemin.<\/li>\n<li>Organiseur d&rsquo;outils int\u00e9gr\u00e9 : une place pour chaque chose et chaque chose \u00e0 sa place. Gardez tous vos objets pr\u00e9f\u00e9r\u00e9s \u00e0 port\u00e9e de main et bien organis\u00e9s.<\/li>\n<li>Poche zipp\u00e9e s\u00e9curis\u00e9e : pour s&rsquo;assurer que vos tr\u00e9sors les plus pr\u00e9cieux sont sains et saufs.<\/li>\n<li>Bretelles ventil\u00e9es : les bretelles a\u00e9r\u00e9es permettent \u00e0 l&rsquo;air de vous rafra\u00eechir lorsque vous partez \u00e0 l&rsquo;aventure.<\/li>\n<li>Mat\u00e9riaux l\u00e9gers et durables : partez pour des aventures sauvages, explorez de nouveaux mondes, vivez \u00e0 la dure et salissez-vous&#8230; Rien n&rsquo;alt\u00e9rera votre confort et votre sac ne sera pas ab\u00eem\u00e9.<\/li>\n<li>Dos respirant : vous restez au frais, libre de toute transpiration d\u00e9goutante, et pouvez ainsi jouer et explorer encore plus.<\/li>\n<li>Sangle sternale r\u00e9glable : pour que votre sac vous soit parfaitement adapt\u00e9 ! De conception unique, pour s&rsquo;adapter \u00e0 votre morphologie unique.<\/li>\n<li>R\u00e9flectivit\u00e9 : sortez en toute s\u00e9curit\u00e9 ! Votre sac est dot\u00e9 de quelques zones \u00ab ultra-brillantes \u00bb permettant aux personnes de vous voir et assurant votre s\u00e9curit\u00e9, m\u00eame lorsqu&rsquo;il fait noir dehors. Parfait pour les explorations en pleine nuit.<\/li>\n<li>Sifflet de s\u00e9curit\u00e9 : faites du bruit pour le sifflet de s\u00e9curit\u00e9 ! Si vous avez un probl\u00e8me, que vous avez besoin d&rsquo;aide ou que vous voulez informer quelqu&rsquo;un que vous vous approchez de lui \u00e0 v\u00e9lo, utilisez ce sifflet de s\u00e9curit\u00e9. (*Peut aussi \u00eatre utilis\u00e9 pour emb\u00eater vos fr\u00e8res et s\u0153urs)<\/li>\n<\/ul>\n<p>&nbsp;<\/p>\n","protected":false},"excerpt":{"rendered":"<p>Miniature et imposant \u00e0 la fois ! Ce petit sac bien rempli est la preuve que les grandes aventures se vivent avec de petits bagages. L&rsquo;aventure vous attend, o\u00f9 que vous soyez. &nbsp; CARACT\u00c9RISTIQUES Poche de stockage extensible : elle vous procure davantage de place pour ranger toutes vos affaires indispensables pour partir \u00e0 l&rsquo;aventure, [&hellip;]<\/p>\n","protected":false},"featured_media":2423,"comment_status":"open","ping_status":"closed","template":"","meta":[],"product_brand":[],"product_cat":[48],"product_tag":[],"class_list":{"0":"post-2422","1":"product","2":"type-product","3":"status-publish","4":"has-post-thumbnail","6":"product_cat-sac-dhydratation","8":"first","9":"instock","10":"taxable","11":"shipping-taxable","12":"product-type-simple"},"_links":{"self":[{"href":"https:\/\/saharatradings.com\/index.php\/wp-json\/wp\/v2\/product\/2422","targetHints":{"allow":["GET"]}}],"collection":[{"href":"https:\/\/saharatradings.com\/index.php\/wp-json\/wp\/v2\/product"}],"about":[{"href":"https:\/\/saharatradings.com\/index.php\/wp-json\/wp\/v2\/types\/product"}],"replies":[{"embeddable":true,"href":"https:\/\/saharatradings.com\/index.php\/wp-json\/wp\/v2\/comments?post=2422"}],"version-history":[{"count":0,"href":"https:\/\/saharatradings.com\/index.php\/wp-json\/wp\/v2\/product\/2422\/revisions"}],"wp:featuredmedia":[{"embeddable":true,"href":"https:\/\/saharatradings.com\/index.php\/wp-json\/wp\/v2\/media\/2423"}],"wp:attachment":[{"href":"https:\/\/saharatradings.com\/index.php\/wp-json\/wp\/v2\/media?parent=2422"}],"wp:term":[{"taxonomy":"product_brand","embeddable":true,"href":"https:\/\/saharatradings.com\/index.php\/wp-json\/wp\/v2\/product_brand?post=2422"},{"taxonomy":"product_cat","embeddable":true,"href":"https:\/\/saharatradings.com\/index.php\/wp-json\/wp\/v2\/product_cat?post=2422"},{"taxonomy":"product_tag","embeddable":true,"href":"https:\/\/saharatradings.com\/index.php\/wp-json\/wp\/v2\/product_tag?post=2422"}],"curies":[{"name":"wp","href":"https:\/\/api.w.org\/{rel}","templated":true}]}}