{"id":2420,"date":"2023-10-14T21:15:50","date_gmt":"2023-10-14T19:15:50","guid":{"rendered":"http:\/\/localhost\/saharatradings\/?post_type=product&#038;p=2420"},"modified":"2023-10-14T21:26:59","modified_gmt":"2023-10-14T19:26:59","slug":"gp6012-3-2mm-5kg","status":"publish","type":"product","link":"https:\/\/saharatradings.com\/index.php\/produit\/gp6012-3-2mm-5kg\/","title":{"rendered":"GP6012 \u2013 3.2MM, 5KG"},"content":{"rendered":"<p><strong>GP6012 \u2013 3.2MM, 5KG<\/strong><\/p>\n<p><strong>\u00a0<\/strong><\/p>\n<p><strong>SKU: 611143<\/strong><\/p>\n<p>GP 6012 est une \u00e9lectrode polyvalente, conviviale et \u00e0 usage g\u00e9n\u00e9ral, adapt\u00e9e au soudage dans toutes les positions. Meubles en fer forg\u00e9, T\u00f4les d&rsquo;acier doux, t\u00f4les et t\u00f4les de fer galvanis\u00e9es, Tuyaux et canalisations basse pression, Travaux d&rsquo;entretien du mat\u00e9riel roulant et ferroviaire.<\/p>\n<p>&nbsp;<\/p>\n","protected":false},"excerpt":{"rendered":"<p>GP6012 \u2013 3.2MM, 5KG \u00a0 SKU: 611143 GP 6012 est une \u00e9lectrode polyvalente, conviviale et \u00e0 usage g\u00e9n\u00e9ral, adapt\u00e9e au soudage dans toutes les positions. Meubles en fer forg\u00e9, T\u00f4les d&rsquo;acier doux, t\u00f4les et t\u00f4les de fer galvanis\u00e9es, Tuyaux et canalisations basse pression, Travaux d&rsquo;entretien du mat\u00e9riel roulant et ferroviaire. &nbsp;<\/p>\n","protected":false},"featured_media":2421,"comment_status":"open","ping_status":"closed","template":"","meta":[],"product_brand":[],"product_cat":[47],"product_tag":[],"class_list":{"0":"post-2420","1":"product","2":"type-product","3":"status-publish","4":"has-post-thumbnail","6":"product_cat-materiels-de-soudage","8":"first","9":"instock","10":"taxable","11":"shipping-taxable","12":"product-type-simple"},"_links":{"self":[{"href":"https:\/\/saharatradings.com\/index.php\/wp-json\/wp\/v2\/product\/2420","targetHints":{"allow":["GET"]}}],"collection":[{"href":"https:\/\/saharatradings.com\/index.php\/wp-json\/wp\/v2\/product"}],"about":[{"href":"https:\/\/saharatradings.com\/index.php\/wp-json\/wp\/v2\/types\/product"}],"replies":[{"embeddable":true,"href":"https:\/\/saharatradings.com\/index.php\/wp-json\/wp\/v2\/comments?post=2420"}],"version-history":[{"count":0,"href":"https:\/\/saharatradings.com\/index.php\/wp-json\/wp\/v2\/product\/2420\/revisions"}],"wp:featuredmedia":[{"embeddable":true,"href":"https:\/\/saharatradings.com\/index.php\/wp-json\/wp\/v2\/media\/2421"}],"wp:attachment":[{"href":"https:\/\/saharatradings.com\/index.php\/wp-json\/wp\/v2\/media?parent=2420"}],"wp:term":[{"taxonomy":"product_brand","embeddable":true,"href":"https:\/\/saharatradings.com\/index.php\/wp-json\/wp\/v2\/product_brand?post=2420"},{"taxonomy":"product_cat","embeddable":true,"href":"https:\/\/saharatradings.com\/index.php\/wp-json\/wp\/v2\/product_cat?post=2420"},{"taxonomy":"product_tag","embeddable":true,"href":"https:\/\/saharatradings.com\/index.php\/wp-json\/wp\/v2\/product_tag?post=2420"}],"curies":[{"name":"wp","href":"https:\/\/api.w.org\/{rel}","templated":true}]}}