{"id":2418,"date":"2023-10-14T21:11:23","date_gmt":"2023-10-14T19:11:23","guid":{"rendered":"http:\/\/localhost\/saharatradings\/?post_type=product&#038;p=2418"},"modified":"2023-10-14T21:14:39","modified_gmt":"2023-10-14T19:14:39","slug":"comet-heating-tip-oxy-acet-size-8x12ht","status":"publish","type":"product","link":"https:\/\/saharatradings.com\/index.php\/produit\/comet-heating-tip-oxy-acet-size-8x12ht\/","title":{"rendered":"COMET HEATING TIP OXY\/ACET SIZE 8X12HT"},"content":{"rendered":"<p>COMET HEATING TIP OXY\/ACET SIZE 8X12HT<\/p>\n<p>&nbsp;<\/p>\n<p><strong>SKU: 307007<\/strong><\/p>\n<p>Pointe chauffante pour connexion au m\u00e9langeur COMET 3 standard (p\/n 304002) Oxyg\u00e8ne\/Ac\u00e9tyl\u00e8ne D\u00e9livre jusqu&rsquo;\u00e0 180 MJ\/h Conception simple et compacte pour faciliter le nettoyage La construction en cuivre lourd aide \u00e0 \u00e9vacuer la chaleur de la face de la pointe , la maintenir froidement et \u00e9viter les flashbacks.<\/p>\n<p>&nbsp;<\/p>\n","protected":false},"excerpt":{"rendered":"<p>COMET HEATING TIP OXY\/ACET SIZE 8X12HT &nbsp; SKU: 307007 Pointe chauffante pour connexion au m\u00e9langeur COMET 3 standard (p\/n 304002) Oxyg\u00e8ne\/Ac\u00e9tyl\u00e8ne D\u00e9livre jusqu&rsquo;\u00e0 180 MJ\/h Conception simple et compacte pour faciliter le nettoyage La construction en cuivre lourd aide \u00e0 \u00e9vacuer la chaleur de la face de la pointe , la maintenir froidement et \u00e9viter [&hellip;]<\/p>\n","protected":false},"featured_media":2419,"comment_status":"open","ping_status":"closed","template":"","meta":[],"product_brand":[],"product_cat":[47],"product_tag":[],"class_list":{"0":"post-2418","1":"product","2":"type-product","3":"status-publish","4":"has-post-thumbnail","6":"product_cat-materiels-de-soudage","8":"first","9":"instock","10":"taxable","11":"shipping-taxable","12":"product-type-simple"},"_links":{"self":[{"href":"https:\/\/saharatradings.com\/index.php\/wp-json\/wp\/v2\/product\/2418","targetHints":{"allow":["GET"]}}],"collection":[{"href":"https:\/\/saharatradings.com\/index.php\/wp-json\/wp\/v2\/product"}],"about":[{"href":"https:\/\/saharatradings.com\/index.php\/wp-json\/wp\/v2\/types\/product"}],"replies":[{"embeddable":true,"href":"https:\/\/saharatradings.com\/index.php\/wp-json\/wp\/v2\/comments?post=2418"}],"version-history":[{"count":0,"href":"https:\/\/saharatradings.com\/index.php\/wp-json\/wp\/v2\/product\/2418\/revisions"}],"wp:featuredmedia":[{"embeddable":true,"href":"https:\/\/saharatradings.com\/index.php\/wp-json\/wp\/v2\/media\/2419"}],"wp:attachment":[{"href":"https:\/\/saharatradings.com\/index.php\/wp-json\/wp\/v2\/media?parent=2418"}],"wp:term":[{"taxonomy":"product_brand","embeddable":true,"href":"https:\/\/saharatradings.com\/index.php\/wp-json\/wp\/v2\/product_brand?post=2418"},{"taxonomy":"product_cat","embeddable":true,"href":"https:\/\/saharatradings.com\/index.php\/wp-json\/wp\/v2\/product_cat?post=2418"},{"taxonomy":"product_tag","embeddable":true,"href":"https:\/\/saharatradings.com\/index.php\/wp-json\/wp\/v2\/product_tag?post=2418"}],"curies":[{"name":"wp","href":"https:\/\/api.w.org\/{rel}","templated":true}]}}