{"id":2416,"date":"2023-10-14T21:07:50","date_gmt":"2023-10-14T19:07:50","guid":{"rendered":"http:\/\/localhost\/saharatradings\/?post_type=product&#038;p=2416"},"modified":"2023-10-14T21:10:39","modified_gmt":"2023-10-14T19:10:39","slug":"comet-fitted-twin-hose-oxy-acet-20m","status":"publish","type":"product","link":"https:\/\/saharatradings.com\/index.php\/produit\/comet-fitted-twin-hose-oxy-acet-20m\/","title":{"rendered":"COMET FITTED TWIN HOSE, OXY-ACET 20M"},"content":{"rendered":"<p>COMET FITTED TWIN HOSE, OXY-ACET 20M<\/p>\n<p>&nbsp;<\/p>\n<p><strong>SKU: 308815<\/strong><\/p>\n<p>Tous les tuyaux COMET sont soumis \u00e0 des contr\u00f4les de qualit\u00e9 rigoureux, garantissant la qualit\u00e9 et la compatibilit\u00e9 avec les raccords de tuyaux COMET pertinents. Le codage couleur des tuyaux et les diff\u00e9rents filetages pour le carburant et l&rsquo;oxyg\u00e8ne emp\u00eachent les connexions incorrectes des tuyaux au mauvais type de gaz. Les flexibles mont\u00e9s en usine COMET sont disponibles dans des configurations \u00e0 double tuyau. Cela permet de garder la zone de travail bien rang\u00e9e<\/p>\n<p>&nbsp;<\/p>\n","protected":false},"excerpt":{"rendered":"<p>COMET FITTED TWIN HOSE, OXY-ACET 20M &nbsp; SKU: 308815 Tous les tuyaux COMET sont soumis \u00e0 des contr\u00f4les de qualit\u00e9 rigoureux, garantissant la qualit\u00e9 et la compatibilit\u00e9 avec les raccords de tuyaux COMET pertinents. Le codage couleur des tuyaux et les diff\u00e9rents filetages pour le carburant et l&rsquo;oxyg\u00e8ne emp\u00eachent les connexions incorrectes des tuyaux au [&hellip;]<\/p>\n","protected":false},"featured_media":2417,"comment_status":"open","ping_status":"closed","template":"","meta":[],"product_brand":[],"product_cat":[47],"product_tag":[],"class_list":{"0":"post-2416","1":"product","2":"type-product","3":"status-publish","4":"has-post-thumbnail","6":"product_cat-materiels-de-soudage","8":"first","9":"instock","10":"taxable","11":"shipping-taxable","12":"product-type-simple"},"_links":{"self":[{"href":"https:\/\/saharatradings.com\/index.php\/wp-json\/wp\/v2\/product\/2416","targetHints":{"allow":["GET"]}}],"collection":[{"href":"https:\/\/saharatradings.com\/index.php\/wp-json\/wp\/v2\/product"}],"about":[{"href":"https:\/\/saharatradings.com\/index.php\/wp-json\/wp\/v2\/types\/product"}],"replies":[{"embeddable":true,"href":"https:\/\/saharatradings.com\/index.php\/wp-json\/wp\/v2\/comments?post=2416"}],"version-history":[{"count":0,"href":"https:\/\/saharatradings.com\/index.php\/wp-json\/wp\/v2\/product\/2416\/revisions"}],"wp:featuredmedia":[{"embeddable":true,"href":"https:\/\/saharatradings.com\/index.php\/wp-json\/wp\/v2\/media\/2417"}],"wp:attachment":[{"href":"https:\/\/saharatradings.com\/index.php\/wp-json\/wp\/v2\/media?parent=2416"}],"wp:term":[{"taxonomy":"product_brand","embeddable":true,"href":"https:\/\/saharatradings.com\/index.php\/wp-json\/wp\/v2\/product_brand?post=2416"},{"taxonomy":"product_cat","embeddable":true,"href":"https:\/\/saharatradings.com\/index.php\/wp-json\/wp\/v2\/product_cat?post=2416"},{"taxonomy":"product_tag","embeddable":true,"href":"https:\/\/saharatradings.com\/index.php\/wp-json\/wp\/v2\/product_tag?post=2416"}],"curies":[{"name":"wp","href":"https:\/\/api.w.org\/{rel}","templated":true}]}}