{"id":2409,"date":"2023-10-14T20:55:14","date_gmt":"2023-10-14T18:55:14","guid":{"rendered":"http:\/\/localhost\/saharatradings\/?post_type=product&#038;p=2409"},"modified":"2023-10-14T20:59:05","modified_gmt":"2023-10-14T18:59:05","slug":"comet-cutting-nozzle-oxy-acet-type-41-size-12","status":"publish","type":"product","link":"https:\/\/saharatradings.com\/index.php\/produit\/comet-cutting-nozzle-oxy-acet-type-41-size-12\/","title":{"rendered":"COMET CUTTING NOZZLE, OXY-ACET, TYPE 41, SIZE 12"},"content":{"rendered":"<p>COMET Cutting Nozzle, Oxy\/Acet, Type 41, Size 12<\/p>\n<p>&nbsp;<\/p>\n<p><strong>SKU: 306048<\/strong><\/p>\n<p>CIGWELD pr\u00e9sente la nouvelle g\u00e9n\u00e9ration de consommables \u00e0 gaz Comet, dot\u00e9s d&rsquo;un \u00e9quipement \u00e0 gaz en premi\u00e8re mondiale en placage de nickel noir. Cette innovation brevet\u00e9e de CIGWELD fournit une couche d&rsquo;usure suppl\u00e9mentaire pour une durabilit\u00e9 sup\u00e9rieure et minimise la d\u00e9coloration due \u00e0 la chaleur. Les buses Comet sont un \u00e9l\u00e9ment essentiel des \u00e9quipements d\u2019oxycoupage. Ils fournissent les flammes de pr\u00e9chauffage pour \u00e9lever le [\u2026<\/p>\n<p>&nbsp;<\/p>\n","protected":false},"excerpt":{"rendered":"<p>COMET Cutting Nozzle, Oxy\/Acet, Type 41, Size 12 &nbsp; SKU: 306048 CIGWELD pr\u00e9sente la nouvelle g\u00e9n\u00e9ration de consommables \u00e0 gaz Comet, dot\u00e9s d&rsquo;un \u00e9quipement \u00e0 gaz en premi\u00e8re mondiale en placage de nickel noir. Cette innovation brevet\u00e9e de CIGWELD fournit une couche d&rsquo;usure suppl\u00e9mentaire pour une durabilit\u00e9 sup\u00e9rieure et minimise la d\u00e9coloration due \u00e0 la [&hellip;]<\/p>\n","protected":false},"featured_media":2410,"comment_status":"open","ping_status":"closed","template":"","meta":[],"product_brand":[],"product_cat":[47],"product_tag":[],"class_list":{"0":"post-2409","1":"product","2":"type-product","3":"status-publish","4":"has-post-thumbnail","6":"product_cat-materiels-de-soudage","8":"first","9":"instock","10":"taxable","11":"shipping-taxable","12":"product-type-simple"},"_links":{"self":[{"href":"https:\/\/saharatradings.com\/index.php\/wp-json\/wp\/v2\/product\/2409","targetHints":{"allow":["GET"]}}],"collection":[{"href":"https:\/\/saharatradings.com\/index.php\/wp-json\/wp\/v2\/product"}],"about":[{"href":"https:\/\/saharatradings.com\/index.php\/wp-json\/wp\/v2\/types\/product"}],"replies":[{"embeddable":true,"href":"https:\/\/saharatradings.com\/index.php\/wp-json\/wp\/v2\/comments?post=2409"}],"version-history":[{"count":0,"href":"https:\/\/saharatradings.com\/index.php\/wp-json\/wp\/v2\/product\/2409\/revisions"}],"wp:featuredmedia":[{"embeddable":true,"href":"https:\/\/saharatradings.com\/index.php\/wp-json\/wp\/v2\/media\/2410"}],"wp:attachment":[{"href":"https:\/\/saharatradings.com\/index.php\/wp-json\/wp\/v2\/media?parent=2409"}],"wp:term":[{"taxonomy":"product_brand","embeddable":true,"href":"https:\/\/saharatradings.com\/index.php\/wp-json\/wp\/v2\/product_brand?post=2409"},{"taxonomy":"product_cat","embeddable":true,"href":"https:\/\/saharatradings.com\/index.php\/wp-json\/wp\/v2\/product_cat?post=2409"},{"taxonomy":"product_tag","embeddable":true,"href":"https:\/\/saharatradings.com\/index.php\/wp-json\/wp\/v2\/product_tag?post=2409"}],"curies":[{"name":"wp","href":"https:\/\/api.w.org\/{rel}","templated":true}]}}