{"id":2404,"date":"2023-10-14T20:49:00","date_gmt":"2023-10-14T18:49:00","guid":{"rendered":"http:\/\/localhost\/saharatradings\/?post_type=product&#038;p=2404"},"modified":"2023-10-14T20:53:30","modified_gmt":"2023-10-14T18:53:30","slug":"onduleur-de-soudage-multi-processus-blue-venom-xf186","status":"publish","type":"product","link":"https:\/\/saharatradings.com\/index.php\/produit\/onduleur-de-soudage-multi-processus-blue-venom-xf186\/","title":{"rendered":"ONDULEUR DE SOUDAGE MULTI-PROCESSUS &#8211; BLUE VENOM XF186"},"content":{"rendered":"","protected":false},"excerpt":{"rendered":"<p><strong>BLUE VENOM XF186<\/strong><\/p>\n<p><strong>SKU: W1400186<\/strong><\/p>\n<p><strong>\u00a0<\/strong><\/p>\n<p><strong>ONDULEUR DE SOUDAGE MULTI-PROCESSUS<\/strong><\/p>\n<p>&nbsp;<\/p>\n<p>Le BlueVENOM XF186 est une solution id\u00e9ale pour les projets de bricolage \u00e0 la maison, en atelier, sur le chantier ou dans la fabrication l\u00e9g\u00e8re, l&rsquo;entretien et les r\u00e9parations\u00a0! Bien que de conception simpliste, CIGWELD a n\u00e9anmoins inclus \u00ab\u00a0Opti-Start\u00a0\u00bb, une fonctionnalit\u00e9 qui permet \u00e0 l&rsquo;utilisateur de personnaliser les caract\u00e9ristiques de son arc de d\u00e9marrage via les commandes Soft et Hard Start.<\/p>\n","protected":false},"featured_media":2405,"comment_status":"open","ping_status":"closed","template":"","meta":[],"product_brand":[],"product_cat":[47],"product_tag":[],"class_list":{"0":"post-2404","1":"product","2":"type-product","3":"status-publish","4":"has-post-thumbnail","6":"product_cat-materiels-de-soudage","8":"first","9":"instock","10":"taxable","11":"shipping-taxable","12":"product-type-simple"},"_links":{"self":[{"href":"https:\/\/saharatradings.com\/index.php\/wp-json\/wp\/v2\/product\/2404","targetHints":{"allow":["GET"]}}],"collection":[{"href":"https:\/\/saharatradings.com\/index.php\/wp-json\/wp\/v2\/product"}],"about":[{"href":"https:\/\/saharatradings.com\/index.php\/wp-json\/wp\/v2\/types\/product"}],"replies":[{"embeddable":true,"href":"https:\/\/saharatradings.com\/index.php\/wp-json\/wp\/v2\/comments?post=2404"}],"version-history":[{"count":0,"href":"https:\/\/saharatradings.com\/index.php\/wp-json\/wp\/v2\/product\/2404\/revisions"}],"wp:featuredmedia":[{"embeddable":true,"href":"https:\/\/saharatradings.com\/index.php\/wp-json\/wp\/v2\/media\/2405"}],"wp:attachment":[{"href":"https:\/\/saharatradings.com\/index.php\/wp-json\/wp\/v2\/media?parent=2404"}],"wp:term":[{"taxonomy":"product_brand","embeddable":true,"href":"https:\/\/saharatradings.com\/index.php\/wp-json\/wp\/v2\/product_brand?post=2404"},{"taxonomy":"product_cat","embeddable":true,"href":"https:\/\/saharatradings.com\/index.php\/wp-json\/wp\/v2\/product_cat?post=2404"},{"taxonomy":"product_tag","embeddable":true,"href":"https:\/\/saharatradings.com\/index.php\/wp-json\/wp\/v2\/product_tag?post=2404"}],"curies":[{"name":"wp","href":"https:\/\/api.w.org\/{rel}","templated":true}]}}