{"id":2397,"date":"2023-10-14T20:38:23","date_gmt":"2023-10-14T18:38:23","guid":{"rendered":"http:\/\/localhost\/saharatradings\/?post_type=product&#038;p=2397"},"modified":"2023-10-14T20:41:30","modified_gmt":"2023-10-14T18:41:30","slug":"impermeable-reflechissant-industriel-y-1103","status":"publish","type":"product","link":"https:\/\/saharatradings.com\/index.php\/produit\/impermeable-reflechissant-industriel-y-1103\/","title":{"rendered":"IMPERM\u00c9ABLE R\u00c9FL\u00c9CHISSANT INDUSTRIEL Y-1103"},"content":{"rendered":"","protected":false},"excerpt":{"rendered":"","protected":false},"featured_media":2398,"comment_status":"open","ping_status":"closed","template":"","meta":[],"product_brand":[],"product_cat":[46,64],"product_tag":[],"class_list":{"0":"post-2397","1":"product","2":"type-product","3":"status-publish","4":"has-post-thumbnail","6":"product_cat-equipement-de-protection-individuelles","7":"product_cat-vetements-de-pluie","9":"first","10":"instock","11":"taxable","12":"shipping-taxable","13":"product-type-simple"},"_links":{"self":[{"href":"https:\/\/saharatradings.com\/index.php\/wp-json\/wp\/v2\/product\/2397","targetHints":{"allow":["GET"]}}],"collection":[{"href":"https:\/\/saharatradings.com\/index.php\/wp-json\/wp\/v2\/product"}],"about":[{"href":"https:\/\/saharatradings.com\/index.php\/wp-json\/wp\/v2\/types\/product"}],"replies":[{"embeddable":true,"href":"https:\/\/saharatradings.com\/index.php\/wp-json\/wp\/v2\/comments?post=2397"}],"version-history":[{"count":0,"href":"https:\/\/saharatradings.com\/index.php\/wp-json\/wp\/v2\/product\/2397\/revisions"}],"wp:featuredmedia":[{"embeddable":true,"href":"https:\/\/saharatradings.com\/index.php\/wp-json\/wp\/v2\/media\/2398"}],"wp:attachment":[{"href":"https:\/\/saharatradings.com\/index.php\/wp-json\/wp\/v2\/media?parent=2397"}],"wp:term":[{"taxonomy":"product_brand","embeddable":true,"href":"https:\/\/saharatradings.com\/index.php\/wp-json\/wp\/v2\/product_brand?post=2397"},{"taxonomy":"product_cat","embeddable":true,"href":"https:\/\/saharatradings.com\/index.php\/wp-json\/wp\/v2\/product_cat?post=2397"},{"taxonomy":"product_tag","embeddable":true,"href":"https:\/\/saharatradings.com\/index.php\/wp-json\/wp\/v2\/product_tag?post=2397"}],"curies":[{"name":"wp","href":"https:\/\/api.w.org\/{rel}","templated":true}]}}