{"id":2386,"date":"2023-10-14T04:31:21","date_gmt":"2023-10-14T02:31:21","guid":{"rendered":"http:\/\/localhost\/saharatradings\/?post_type=product&#038;p=2386"},"modified":"2023-10-14T04:37:41","modified_gmt":"2023-10-14T02:37:41","slug":"steel-rugged-flex-relaxed-fit-double-front-cargo-work-pant","status":"publish","type":"product","link":"https:\/\/saharatradings.com\/index.php\/produit\/steel-rugged-flex-relaxed-fit-double-front-cargo-work-pant\/","title":{"rendered":"STEEL RUGGED FLEX\u2122 RELAXED FIT DOUBLE-FRONT CARGO WORK PANT"},"content":{"rendered":"<p><strong>CARACTERISTIQUES DU PANTALON<\/strong><\/p>\n<p><strong>\u00a0<\/strong><\/p>\n<p><strong>Pantalon \u00c0 Poche Cargo Technique Homme Coupe R\u00e9guli\u00e8re (Carhartt Relaxed Fit)<\/strong><\/p>\n<p>Con\u00e7u pour bouger, ce pantalon de travail pour homme est aussi robuste que ceux qui le portent. Il est fabriqu\u00e9 en tissu anti-d\u00e9chirure extensible avec des poches cargo renforc\u00e9es et un avant \u00e0 double couche. Les genoux articul\u00e9s vous permettent de vous asseoir confortablement et une poche zipp\u00e9e sur la jambe prot\u00e8ge votre t\u00e9l\u00e9phone.<\/p>\n<p>Offre une grande libert\u00e9 de mouvement, s\u2032arr\u00eate l\u00e9g\u00e8rement en dessous de la taille, ouverture de jambes passant par-dessus les bottes de travail.<\/p>\n<p>Taille du mod\u00e8le\u00a0: W34<br \/>\nTaille du mod\u00e8le\u00a0: 186\u00a0cm<\/p>\n<ul>\n<li>FORME D\u00c9TENDUE, JAMBE DROITE<\/li>\n<\/ul>\n<ul>\n<li>10.2 oz\/yd\u00b2 &#8211; 346 gsm<\/li>\n<\/ul>\n<ul>\n<li>73% Coton\/24% Nylon\/3% Elasthanne<\/li>\n<\/ul>\n<ul>\n<li>Cordura<sup>\u00ae<\/sup>\u00a0Stretch Ripstop<\/li>\n<\/ul>\n<ul>\n<li>Rugged Flex<sup>\u2122<\/sup>\u00a0&#8211; Grande facilit\u00e9 de mouvement<\/li>\n<\/ul>\n<ul>\n<li>Full Swing<sup>\u2122<\/sup>\u00a0&#8211; Grande libert\u00e9 de mouvement<\/li>\n<\/ul>\n<ul>\n<li>Repose sur la taille<\/li>\n<\/ul>\n<ul>\n<li>Pantalons longs<\/li>\n<\/ul>\n<ul>\n<li>Kick panels &#8211; Panneaux de pied renforc\u00e9s Cordura<sup>\u00ae<\/sup><\/li>\n<\/ul>\n<ul>\n<li>Poches italiennes avec renforcement Cordura<sup>\u00ae<\/sup><\/li>\n<\/ul>\n<ul>\n<li>Cinqui\u00e8me poche dans la poche avant droite<\/li>\n<\/ul>\n<ul>\n<li>Poches cargo utilitaire \u00e0 l\u2032italienne renforcement Cordura<sup>\u00ae<\/sup><\/li>\n<\/ul>\n<ul>\n<li>Boucle utilitaire Cordura<sup>\u00ae<\/sup>\u00a0sur la jambe droite<\/li>\n<\/ul>\n<ul>\n<li>Flex Cordura<sup>\u00ae<\/sup>\u00a0top full capacity back pockets<\/li>\n<\/ul>\n<ul>\n<li>Triples coutures principales<\/li>\n<\/ul>\n<ul>\n<li>\u00c9tiquette Carhartt cousue sur la poche<\/li>\n<\/ul>\n<p>&nbsp;<\/p>\n","protected":false},"excerpt":{"rendered":"<p>CARACTERISTIQUES DU PANTALON \u00a0 Pantalon \u00c0 Poche Cargo Technique Homme Coupe R\u00e9guli\u00e8re (Carhartt Relaxed Fit) Con\u00e7u pour bouger, ce pantalon de travail pour homme est aussi robuste que ceux qui le portent. Il est fabriqu\u00e9 en tissu anti-d\u00e9chirure extensible avec des poches cargo renforc\u00e9es et un avant \u00e0 double couche. Les genoux articul\u00e9s vous permettent [&hellip;]<\/p>\n","protected":false},"featured_media":2387,"comment_status":"open","ping_status":"closed","template":"","meta":[],"product_brand":[],"product_cat":[46,63],"product_tag":[],"class_list":{"0":"post-2386","1":"product","2":"type-product","3":"status-publish","4":"has-post-thumbnail","6":"product_cat-equipement-de-protection-individuelles","7":"product_cat-panatlons-de-securite","9":"first","10":"instock","11":"taxable","12":"shipping-taxable","13":"product-type-simple"},"_links":{"self":[{"href":"https:\/\/saharatradings.com\/index.php\/wp-json\/wp\/v2\/product\/2386","targetHints":{"allow":["GET"]}}],"collection":[{"href":"https:\/\/saharatradings.com\/index.php\/wp-json\/wp\/v2\/product"}],"about":[{"href":"https:\/\/saharatradings.com\/index.php\/wp-json\/wp\/v2\/types\/product"}],"replies":[{"embeddable":true,"href":"https:\/\/saharatradings.com\/index.php\/wp-json\/wp\/v2\/comments?post=2386"}],"version-history":[{"count":0,"href":"https:\/\/saharatradings.com\/index.php\/wp-json\/wp\/v2\/product\/2386\/revisions"}],"wp:featuredmedia":[{"embeddable":true,"href":"https:\/\/saharatradings.com\/index.php\/wp-json\/wp\/v2\/media\/2387"}],"wp:attachment":[{"href":"https:\/\/saharatradings.com\/index.php\/wp-json\/wp\/v2\/media?parent=2386"}],"wp:term":[{"taxonomy":"product_brand","embeddable":true,"href":"https:\/\/saharatradings.com\/index.php\/wp-json\/wp\/v2\/product_brand?post=2386"},{"taxonomy":"product_cat","embeddable":true,"href":"https:\/\/saharatradings.com\/index.php\/wp-json\/wp\/v2\/product_cat?post=2386"},{"taxonomy":"product_tag","embeddable":true,"href":"https:\/\/saharatradings.com\/index.php\/wp-json\/wp\/v2\/product_tag?post=2386"}],"curies":[{"name":"wp","href":"https:\/\/api.w.org\/{rel}","templated":true}]}}