{"id":2372,"date":"2023-10-14T03:04:56","date_gmt":"2023-10-14T01:04:56","guid":{"rendered":"http:\/\/localhost\/saharatradings\/?post_type=product&#038;p=2372"},"modified":"2023-10-14T03:07:08","modified_gmt":"2023-10-14T01:07:08","slug":"fp73-harnais-portwest-ultra-a-3-points-noir-orange","status":"publish","type":"product","link":"https:\/\/saharatradings.com\/index.php\/produit\/fp73-harnais-portwest-ultra-a-3-points-noir-orange\/","title":{"rendered":"FP73 &#8211; HARNAIS PORTWEST ULTRA A 3 POINTS NOIR\/ORANGE"},"content":{"rendered":"<p><strong>Description<\/strong><\/p>\n<p>Ce harnais complet comprend des anneaux en D \u00e0 l&rsquo;arri\u00e8re et \u00e0 l&rsquo;avant ainsi que des anneaux en D lat\u00e9raux. Boucles \u00e0 attaches rapides pour un ajustement facilit\u00e9 et 3 points de r\u00e9glages. Les indicateurs de d\u00e9chirures sont install\u00e9s pour faciliter les inspections.<\/p>\n<h3>Caract\u00e9ristiques<\/h3>\n<ul>\n<li>Anneau en D avant et arri\u00e8re<\/li>\n<li>Anneau dorsal en D<\/li>\n<li>\u00e9paule, poitrine et bas de jambe enti\u00e8rement r\u00e9glables<\/li>\n<li>Boucle ergonomique \u00e0 d\u00e9gagement rapide<\/li>\n<li>Ceinture matelass\u00e9e<\/li>\n<li>Points de r\u00e9glage de la taille<\/li>\n<li>Indicateurs de chute<\/li>\n<li>Charge nominale maxi 140kg<\/li>\n<li>Dur\u00e9e de conservation de 10 ans \u00e0 compter de la date de fabrication indiqu\u00e9e sur l&rsquo;\u00e9tiquette du produit<\/li>\n<li>Certifi\u00e9 CE<\/li>\n<li>marqu\u00e9 UKCA<\/li>\n<li>Conditionnement facilitant la vente au d\u00e9tail<\/li>\n<\/ul>\n<h3>Mati\u00e8res<\/h3>\n<p>Sangle en nylon, Alliage d&rsquo;acier, trait\u00e9 \u00e0 la chaleur<\/p>\n","protected":false},"excerpt":{"rendered":"<p>Description Ce harnais complet comprend des anneaux en D \u00e0 l&rsquo;arri\u00e8re et \u00e0 l&rsquo;avant ainsi que des anneaux en D lat\u00e9raux. Boucles \u00e0 attaches rapides pour un ajustement facilit\u00e9 et 3 points de r\u00e9glages. Les indicateurs de d\u00e9chirures sont install\u00e9s pour faciliter les inspections. Caract\u00e9ristiques Anneau en D avant et arri\u00e8re Anneau dorsal en D [&hellip;]<\/p>\n","protected":false},"featured_media":2373,"comment_status":"open","ping_status":"closed","template":"","meta":[],"product_brand":[],"product_cat":[46,62],"product_tag":[],"class_list":{"0":"post-2372","1":"product","2":"type-product","3":"status-publish","4":"has-post-thumbnail","6":"product_cat-equipement-de-protection-individuelles","7":"product_cat-harnais","9":"first","10":"instock","11":"taxable","12":"shipping-taxable","13":"product-type-simple"},"_links":{"self":[{"href":"https:\/\/saharatradings.com\/index.php\/wp-json\/wp\/v2\/product\/2372","targetHints":{"allow":["GET"]}}],"collection":[{"href":"https:\/\/saharatradings.com\/index.php\/wp-json\/wp\/v2\/product"}],"about":[{"href":"https:\/\/saharatradings.com\/index.php\/wp-json\/wp\/v2\/types\/product"}],"replies":[{"embeddable":true,"href":"https:\/\/saharatradings.com\/index.php\/wp-json\/wp\/v2\/comments?post=2372"}],"version-history":[{"count":0,"href":"https:\/\/saharatradings.com\/index.php\/wp-json\/wp\/v2\/product\/2372\/revisions"}],"wp:featuredmedia":[{"embeddable":true,"href":"https:\/\/saharatradings.com\/index.php\/wp-json\/wp\/v2\/media\/2373"}],"wp:attachment":[{"href":"https:\/\/saharatradings.com\/index.php\/wp-json\/wp\/v2\/media?parent=2372"}],"wp:term":[{"taxonomy":"product_brand","embeddable":true,"href":"https:\/\/saharatradings.com\/index.php\/wp-json\/wp\/v2\/product_brand?post=2372"},{"taxonomy":"product_cat","embeddable":true,"href":"https:\/\/saharatradings.com\/index.php\/wp-json\/wp\/v2\/product_cat?post=2372"},{"taxonomy":"product_tag","embeddable":true,"href":"https:\/\/saharatradings.com\/index.php\/wp-json\/wp\/v2\/product_tag?post=2372"}],"curies":[{"name":"wp","href":"https:\/\/api.w.org\/{rel}","templated":true}]}}