{"id":2369,"date":"2023-10-14T02:58:35","date_gmt":"2023-10-14T00:58:35","guid":{"rendered":"http:\/\/localhost\/saharatradings\/?post_type=product&#038;p=2369"},"modified":"2023-10-14T03:02:49","modified_gmt":"2023-10-14T01:02:49","slug":"fp15-harnais-portwest-2-points-confort-plus-noir","status":"publish","type":"product","link":"https:\/\/saharatradings.com\/index.php\/produit\/fp15-harnais-portwest-2-points-confort-plus-noir\/","title":{"rendered":"FP15 &#8211; HARNAIS PORTWEST 2 POINTS CONFORT PLUS NOIR"},"content":{"rendered":"<p>&nbsp;<\/p>\n<p><strong>Description<\/strong><\/p>\n<p>Cet harnais de s\u00e9curit\u00e9 complet avec ceinture dorsale profil\u00e9e respirante offre un confort et une s\u00e9curit\u00e9 optimis\u00e9s lors de travaux en hauteur. Dispose d&rsquo;un anneau d&rsquo;ancrage dorsal et de deux lat\u00e9raux.<\/p>\n<h3>Caract\u00e9ristiques<\/h3>\n<p>\uf0b7\u00a0 Anneau en D arri\u00e8re pour cl\u00e9s ou cartes d&rsquo;identit\u00e9s<\/p>\n<p>\uf0b7\u00a0 Boucles m\u00e9talliques durables avec un acc\u00e8s facile<\/p>\n<p>\uf0b7\u00a0 Ajustement des points de r\u00e9glage<\/p>\n<p>\uf0b7\u00a0 Ceinture matelass\u00e9e<\/p>\n<p>\uf0b7\u00a0 Charge nominale maximale de 100 kg<\/p>\n<p>\uf0b7\u00a0 Dur\u00e9e de conservation de 10 ans \u00e0 compter de la date de fabrication indiqu\u00e9e sur l&rsquo;\u00e9tiquette du produit<\/p>\n<p>\uf0b7\u00a0 Certifi\u00e9 CE<\/p>\n<p>\uf0b7\u00a0 marqu\u00e9 UKCA<\/p>\n<p>\uf0b7\u00a0 Conditionnement facilitant la vente au d\u00e9tail<\/p>\n<h3>Mati\u00e8res<\/h3>\n<p>Sangle en nylon, Alliage d&rsquo;acier, trait\u00e9 \u00e0 la chaleur<\/p>\n","protected":false},"excerpt":{"rendered":"<p>&nbsp; Description Cet harnais de s\u00e9curit\u00e9 complet avec ceinture dorsale profil\u00e9e respirante offre un confort et une s\u00e9curit\u00e9 optimis\u00e9s lors de travaux en hauteur. Dispose d&rsquo;un anneau d&rsquo;ancrage dorsal et de deux lat\u00e9raux. Caract\u00e9ristiques \uf0b7\u00a0 Anneau en D arri\u00e8re pour cl\u00e9s ou cartes d&rsquo;identit\u00e9s \uf0b7\u00a0 Boucles m\u00e9talliques durables avec un acc\u00e8s facile \uf0b7\u00a0 Ajustement des [&hellip;]<\/p>\n","protected":false},"featured_media":2370,"comment_status":"open","ping_status":"closed","template":"","meta":[],"product_brand":[],"product_cat":[46,62],"product_tag":[],"class_list":{"0":"post-2369","1":"product","2":"type-product","3":"status-publish","4":"has-post-thumbnail","6":"product_cat-equipement-de-protection-individuelles","7":"product_cat-harnais","9":"first","10":"instock","11":"taxable","12":"shipping-taxable","13":"product-type-simple"},"_links":{"self":[{"href":"https:\/\/saharatradings.com\/index.php\/wp-json\/wp\/v2\/product\/2369","targetHints":{"allow":["GET"]}}],"collection":[{"href":"https:\/\/saharatradings.com\/index.php\/wp-json\/wp\/v2\/product"}],"about":[{"href":"https:\/\/saharatradings.com\/index.php\/wp-json\/wp\/v2\/types\/product"}],"replies":[{"embeddable":true,"href":"https:\/\/saharatradings.com\/index.php\/wp-json\/wp\/v2\/comments?post=2369"}],"version-history":[{"count":0,"href":"https:\/\/saharatradings.com\/index.php\/wp-json\/wp\/v2\/product\/2369\/revisions"}],"wp:featuredmedia":[{"embeddable":true,"href":"https:\/\/saharatradings.com\/index.php\/wp-json\/wp\/v2\/media\/2370"}],"wp:attachment":[{"href":"https:\/\/saharatradings.com\/index.php\/wp-json\/wp\/v2\/media?parent=2369"}],"wp:term":[{"taxonomy":"product_brand","embeddable":true,"href":"https:\/\/saharatradings.com\/index.php\/wp-json\/wp\/v2\/product_brand?post=2369"},{"taxonomy":"product_cat","embeddable":true,"href":"https:\/\/saharatradings.com\/index.php\/wp-json\/wp\/v2\/product_cat?post=2369"},{"taxonomy":"product_tag","embeddable":true,"href":"https:\/\/saharatradings.com\/index.php\/wp-json\/wp\/v2\/product_tag?post=2369"}],"curies":[{"name":"wp","href":"https:\/\/api.w.org\/{rel}","templated":true}]}}