{"id":2362,"date":"2023-10-14T02:34:59","date_gmt":"2023-10-14T00:34:59","guid":{"rendered":"http:\/\/localhost\/saharatradings\/?post_type=product&#038;p=2362"},"modified":"2023-10-14T02:38:15","modified_gmt":"2023-10-14T00:38:15","slug":"gilet-de-securite-simple-fluo","status":"publish","type":"product","link":"https:\/\/saharatradings.com\/index.php\/produit\/gilet-de-securite-simple-fluo\/","title":{"rendered":"GILET DE SECURITE SIMPLE FLUO"},"content":{"rendered":"<p style=\"background: white; margin: 0cm 0cm 7.5pt 0cm;\"><span lang=\"FR\" style=\"font-family: 'Arial Narrow',sans-serif; color: #7e7e7e;\">Gilet de s\u00e9curit\u00e9 fluo, coloris jaune ou orang\u00e9 compos\u00e9 100% polyester avec bandes r\u00e9fl\u00e9chissantes.<\/span><\/p>\n<p style=\"background: white; margin: 0cm 0cm 7.5pt 0cm;\"><span lang=\"FR\" style=\"font-family: 'Arial Narrow',sans-serif; color: #7e7e7e;\">Peuvent \u00eatre personnalis\u00e9s en option dans le dos.<\/span><\/p>\n","protected":false},"excerpt":{"rendered":"<p>Gilet de s\u00e9curit\u00e9 fluo, coloris jaune ou orang\u00e9 compos\u00e9 100% polyester avec bandes r\u00e9fl\u00e9chissantes. Peuvent \u00eatre personnalis\u00e9s en option dans le dos.<\/p>\n","protected":false},"featured_media":2363,"comment_status":"open","ping_status":"closed","template":"","meta":[],"product_brand":[],"product_cat":[46,61],"product_tag":[],"class_list":{"0":"post-2362","1":"product","2":"type-product","3":"status-publish","4":"has-post-thumbnail","6":"product_cat-equipement-de-protection-individuelles","7":"product_cat-gilets-de-securite-simples","9":"first","10":"instock","11":"taxable","12":"shipping-taxable","13":"product-type-simple"},"_links":{"self":[{"href":"https:\/\/saharatradings.com\/index.php\/wp-json\/wp\/v2\/product\/2362","targetHints":{"allow":["GET"]}}],"collection":[{"href":"https:\/\/saharatradings.com\/index.php\/wp-json\/wp\/v2\/product"}],"about":[{"href":"https:\/\/saharatradings.com\/index.php\/wp-json\/wp\/v2\/types\/product"}],"replies":[{"embeddable":true,"href":"https:\/\/saharatradings.com\/index.php\/wp-json\/wp\/v2\/comments?post=2362"}],"version-history":[{"count":0,"href":"https:\/\/saharatradings.com\/index.php\/wp-json\/wp\/v2\/product\/2362\/revisions"}],"wp:featuredmedia":[{"embeddable":true,"href":"https:\/\/saharatradings.com\/index.php\/wp-json\/wp\/v2\/media\/2363"}],"wp:attachment":[{"href":"https:\/\/saharatradings.com\/index.php\/wp-json\/wp\/v2\/media?parent=2362"}],"wp:term":[{"taxonomy":"product_brand","embeddable":true,"href":"https:\/\/saharatradings.com\/index.php\/wp-json\/wp\/v2\/product_brand?post=2362"},{"taxonomy":"product_cat","embeddable":true,"href":"https:\/\/saharatradings.com\/index.php\/wp-json\/wp\/v2\/product_cat?post=2362"},{"taxonomy":"product_tag","embeddable":true,"href":"https:\/\/saharatradings.com\/index.php\/wp-json\/wp\/v2\/product_tag?post=2362"}],"curies":[{"name":"wp","href":"https:\/\/api.w.org\/{rel}","templated":true}]}}