{"id":2357,"date":"2023-10-14T02:26:44","date_gmt":"2023-10-14T00:26:44","guid":{"rendered":"http:\/\/localhost\/saharatradings\/?post_type=product&#038;p=2357"},"modified":"2023-10-14T02:33:47","modified_gmt":"2023-10-14T00:33:47","slug":"gilet-de-securite-simple-c377","status":"publish","type":"product","link":"https:\/\/saharatradings.com\/index.php\/produit\/gilet-de-securite-simple-c377\/","title":{"rendered":"GILET DE SECURITE SIMPLE C377"},"content":{"rendered":"<div>\n<p>Con\u00e7u en tissu respirant MeshAir qui permet \u00e0 l&rsquo;air de circuler et de garder l\u2019utilisateur au frais et au sec par temps chaud. Ce gilet incorpore des caract\u00e9ristiques classiques telles que plusieurs poches, un porte-badge, une boucle radio et un devant zipp\u00e9 pour un acc\u00e8s facile. Le design bicolore est \u00e9l\u00e9gant et id\u00e9al pour r\u00e9duire les salissures et les taches.<\/p>\n<p><strong>Caract\u00e9ristiques<\/strong><\/p>\n<ul>\n<li>Tissu en maille a\u00e9r\u00e9e pour une meilleure respirabilit\u00e9<\/li>\n<li>Bande r\u00e9fl\u00e9chissante pour une visibilit\u00e9 accrue<\/li>\n<li>Ouverture frontale zipp\u00e9e pour un acc\u00e8s facile<\/li>\n<li>Poches pour plus de rangement<\/li>\n<li>Porte-badge \u00e0 double entr\u00e9e pour la pr\u00e9sentation de badge format paysage ou portrait<\/li>\n<li>Poche stylo et t\u00e9l\u00e9phone<\/li>\n<li>Boucle radio facilitant le clipsage d&rsquo;une radio<\/li>\n<li>Certifi\u00e9 EN ISO 20471 apr\u00e8s 25 lavages<\/li>\n<li>Certifi\u00e9 CE<\/li>\n<li>Marqu\u00e9 UKCA<\/li>\n<\/ul>\n<p><strong>Tissu ext\u00e9rieur :<\/strong><\/p>\n<p>&nbsp;<\/p>\n<p>MeshAir Hi-Vis : 100% Polyester Mesh 150g<\/p>\n<p>&nbsp;<\/p>\n<p><strong>Normes<\/strong><\/p>\n<p>\uf0b7\u00a0 EN ISO 20471 Classe 1<\/p>\n<\/div>\n","protected":false},"excerpt":{"rendered":"<p>Con\u00e7u en tissu respirant MeshAir qui permet \u00e0 l&rsquo;air de circuler et de garder l\u2019utilisateur au frais et au sec par temps chaud. Ce gilet incorpore des caract\u00e9ristiques classiques telles que plusieurs poches, un porte-badge, une boucle radio et un devant zipp\u00e9 pour un acc\u00e8s facile. Le design bicolore est \u00e9l\u00e9gant et id\u00e9al pour r\u00e9duire [&hellip;]<\/p>\n","protected":false},"featured_media":2358,"comment_status":"open","ping_status":"closed","template":"","meta":[],"product_brand":[],"product_cat":[46,61],"product_tag":[],"class_list":{"0":"post-2357","1":"product","2":"type-product","3":"status-publish","4":"has-post-thumbnail","6":"product_cat-equipement-de-protection-individuelles","7":"product_cat-gilets-de-securite-simples","9":"first","10":"instock","11":"taxable","12":"shipping-taxable","13":"product-type-simple"},"_links":{"self":[{"href":"https:\/\/saharatradings.com\/index.php\/wp-json\/wp\/v2\/product\/2357","targetHints":{"allow":["GET"]}}],"collection":[{"href":"https:\/\/saharatradings.com\/index.php\/wp-json\/wp\/v2\/product"}],"about":[{"href":"https:\/\/saharatradings.com\/index.php\/wp-json\/wp\/v2\/types\/product"}],"replies":[{"embeddable":true,"href":"https:\/\/saharatradings.com\/index.php\/wp-json\/wp\/v2\/comments?post=2357"}],"version-history":[{"count":0,"href":"https:\/\/saharatradings.com\/index.php\/wp-json\/wp\/v2\/product\/2357\/revisions"}],"wp:featuredmedia":[{"embeddable":true,"href":"https:\/\/saharatradings.com\/index.php\/wp-json\/wp\/v2\/media\/2358"}],"wp:attachment":[{"href":"https:\/\/saharatradings.com\/index.php\/wp-json\/wp\/v2\/media?parent=2357"}],"wp:term":[{"taxonomy":"product_brand","embeddable":true,"href":"https:\/\/saharatradings.com\/index.php\/wp-json\/wp\/v2\/product_brand?post=2357"},{"taxonomy":"product_cat","embeddable":true,"href":"https:\/\/saharatradings.com\/index.php\/wp-json\/wp\/v2\/product_cat?post=2357"},{"taxonomy":"product_tag","embeddable":true,"href":"https:\/\/saharatradings.com\/index.php\/wp-json\/wp\/v2\/product_tag?post=2357"}],"curies":[{"name":"wp","href":"https:\/\/api.w.org\/{rel}","templated":true}]}}