{"id":2352,"date":"2023-10-14T02:12:01","date_gmt":"2023-10-14T00:12:01","guid":{"rendered":"http:\/\/localhost\/saharatradings\/?post_type=product&#038;p=2352"},"modified":"2023-10-14T03:03:28","modified_gmt":"2023-10-14T01:03:28","slug":"chemise-de-securite-bs6996t","status":"publish","type":"product","link":"https:\/\/saharatradings.com\/index.php\/produit\/chemise-de-securite-bs6996t\/","title":{"rendered":"CHEMISE DE SECURITE BS6996T"},"content":{"rendered":"<div>\n<p><strong>CODE PRODUIT :\u00a0<\/strong><strong>BS6996T<\/strong><\/p>\n<ul>\n<li>Popeline de coton extensible pour plus de confort et de mouvement<\/li>\n<li>Tissu pr\u00e9-rinc\u00e9 lav\u00e9 pour cr\u00e9er un look us\u00e9<\/li>\n<li>Passepoil en cordon r\u00e9fl\u00e9chissant sur les \u00e9paules avant<\/li>\n<li>Poches poitrine multifonctionnelles d&rsquo;inspiration utilitaire<\/li>\n<li>Col structur\u00e9 en deux pi\u00e8ces avec col montant int\u00e9rieur contrast\u00e9 pour un look professionnel<\/li>\n<li>Manches cinq pi\u00e8ces de forme profil\u00e9e avec coudi\u00e8res et poignets contrast\u00e9s<\/li>\n<\/ul>\n<p>&nbsp;<\/p>\n<p><strong>TISSU<\/strong><\/p>\n<p>98 % coton, 2 % popeline \u00e9lasthanne 145 g\/m\u00b2<\/p>\n<p>&nbsp;<\/p>\n<\/div>\n","protected":false},"excerpt":{"rendered":"<p>CODE PRODUIT :\u00a0BS6996T Popeline de coton extensible pour plus de confort et de mouvement Tissu pr\u00e9-rinc\u00e9 lav\u00e9 pour cr\u00e9er un look us\u00e9 Passepoil en cordon r\u00e9fl\u00e9chissant sur les \u00e9paules avant Poches poitrine multifonctionnelles d&rsquo;inspiration utilitaire Col structur\u00e9 en deux pi\u00e8ces avec col montant int\u00e9rieur contrast\u00e9 pour un look professionnel Manches cinq pi\u00e8ces de forme profil\u00e9e [&hellip;]<\/p>\n","protected":false},"featured_media":2353,"comment_status":"open","ping_status":"closed","template":"","meta":[],"product_brand":[],"product_cat":[60,46],"product_tag":[],"class_list":{"0":"post-2352","1":"product","2":"type-product","3":"status-publish","4":"has-post-thumbnail","6":"product_cat-chemises-de-securite","7":"product_cat-equipement-de-protection-individuelles","9":"first","10":"instock","11":"taxable","12":"shipping-taxable","13":"product-type-simple"},"_links":{"self":[{"href":"https:\/\/saharatradings.com\/index.php\/wp-json\/wp\/v2\/product\/2352","targetHints":{"allow":["GET"]}}],"collection":[{"href":"https:\/\/saharatradings.com\/index.php\/wp-json\/wp\/v2\/product"}],"about":[{"href":"https:\/\/saharatradings.com\/index.php\/wp-json\/wp\/v2\/types\/product"}],"replies":[{"embeddable":true,"href":"https:\/\/saharatradings.com\/index.php\/wp-json\/wp\/v2\/comments?post=2352"}],"version-history":[{"count":0,"href":"https:\/\/saharatradings.com\/index.php\/wp-json\/wp\/v2\/product\/2352\/revisions"}],"wp:featuredmedia":[{"embeddable":true,"href":"https:\/\/saharatradings.com\/index.php\/wp-json\/wp\/v2\/media\/2353"}],"wp:attachment":[{"href":"https:\/\/saharatradings.com\/index.php\/wp-json\/wp\/v2\/media?parent=2352"}],"wp:term":[{"taxonomy":"product_brand","embeddable":true,"href":"https:\/\/saharatradings.com\/index.php\/wp-json\/wp\/v2\/product_brand?post=2352"},{"taxonomy":"product_cat","embeddable":true,"href":"https:\/\/saharatradings.com\/index.php\/wp-json\/wp\/v2\/product_cat?post=2352"},{"taxonomy":"product_tag","embeddable":true,"href":"https:\/\/saharatradings.com\/index.php\/wp-json\/wp\/v2\/product_tag?post=2352"}],"curies":[{"name":"wp","href":"https:\/\/api.w.org\/{rel}","templated":true}]}}