{"id":2343,"date":"2023-10-13T19:55:13","date_gmt":"2023-10-13T17:55:13","guid":{"rendered":"http:\/\/localhost\/saharatradings\/?post_type=product&#038;p=2343"},"modified":"2023-10-13T19:59:28","modified_gmt":"2023-10-13T17:59:28","slug":"respirateur-de-securite-integral-gm8300","status":"publish","type":"product","link":"https:\/\/saharatradings.com\/index.php\/produit\/respirateur-de-securite-integral-gm8300\/","title":{"rendered":"Respirateur de s\u00e9curit\u00e9 int\u00e9gral GM8300"},"content":{"rendered":"<table width=\"1160\">\n<tbody>\n<tr>\n<td width=\"22\"><\/td>\n<td width=\"97\">Porte-masque<\/td>\n<td width=\"1041\">Gel de silice liquide confortable<\/td>\n<\/tr>\n<tr>\n<td><\/td>\n<td width=\"97\">\u00a0Protecteur de visage<\/td>\n<td width=\"1041\">PC anti-buts<\/td>\n<\/tr>\n<tr>\n<td><\/td>\n<td width=\"97\">\u00a0Filtre<\/td>\n<td width=\"1041\">Filtre en carbone rempla\u00e7able<\/td>\n<\/tr>\n<tr>\n<td><\/td>\n<td width=\"97\">\u00a0Bande<\/td>\n<td width=\"1041\">Bande de t\u00eate \u00e9lastique ajusable<\/td>\n<\/tr>\n<tr>\n<td><\/td>\n<td width=\"97\">Forme<\/td>\n<td width=\"1041\">Respirator \u00e0 plein visage Desig<\/td>\n<\/tr>\n<tr>\n<td><\/td>\n<td width=\"97\">Norme<\/td>\n<td width=\"1041\">GB2890-2009<\/td>\n<\/tr>\n<tr>\n<td><\/td>\n<td width=\"97\">Application<\/td>\n<td width=\"1041\">Application: travailleurs chimiques, construction, routes et b\u00e2timents, travail du bois, mini\u00e8re,\u00a0Industrie du coulage, du broyage, de la nourriture et du nettoyage, de l&rsquo;\u00e9lectronique, la plupart des lieux de travail g\u00e9n\u00e9r\u00e9s par la poussi\u00e8re, etc.<\/td>\n<\/tr>\n<tr>\n<td><\/td>\n<td><\/td>\n<td><\/td>\n<\/tr>\n<tr>\n<td colspan=\"3\" rowspan=\"2\" width=\"1160\">1.) Instructions d&rsquo;adaptation \uff1a\u26ab Ce respirateur est un dispositif \u00e0 double filtrage. Veuillez assembler deux filtres avant de porter.<\/p>\n<p>\u26ab Desserrer les sangles \u00e9lastiques. Placez la suspension du berceau sur la couronne de votre t\u00eate.<\/p>\n<p>\u26ab Saisissez l&rsquo;avant de la pi\u00e8ce du visage et positionnez la pi\u00e8ce du visage sur votre bouche et votre nez, puis saisissez les sangles de bandeau \u00e9lastique inf\u00e9rieur et bouclez-les derri\u00e8re le cou.<\/p>\n<p>\u26ab Tirez uniform\u00e9ment les sangles sup\u00e9rieures et les sangles inf\u00e9rieures jusqu&rsquo;\u00e0 ce que le respirateur s&rsquo;adapte en toute s\u00e9curit\u00e9 et confortablement contre votre visage. Si n\u00e9cessaire, r\u00e9adaptez les sangles.<\/p>\n<p>2.) Limite \u00e0 l&rsquo;utilisation:<\/p>\n<p>\u26ab Ce respirateur n&rsquo;offre pas d&rsquo;oxyg\u00e8ne. Veuillez ne pas utiliser dans les atmosph\u00e8res contenant moins de 18% d&rsquo;oxyg\u00e8ne.<\/p>\n<p>\u26ab N&rsquo;utilisez pas ce respirateur dans l&rsquo;air enrichi en oxyg\u00e8ne. Il devient dangereux lorsque la concentration augmente. Il n&rsquo;y a pas de limite nette, m\u00eame quelques pour cent augmentent le danger. Les incendies dans l&rsquo;atmosph\u00e8re enrichie en oxyg\u00e8ne commence facilement avec des \u00e9tincelles \u00e9lectrostatiques et sont tr\u00e8s intenses.<\/p>\n<p>\u26ab N&rsquo;utilisez pas ce filtre dans l&rsquo;atmosph\u00e8re explosive.<\/p>\n<p>\u26ab N&rsquo;utilisez pas lorsque les concentrations de contaminants sont imm\u00e9diatement dangereuses pour la vie et la sant\u00e9, ou les contaminants inconnus;<\/p>\n<p>\u26ab N&rsquo;abusez pas ou n&rsquo;utilisez pas ce respirateur.<\/p>\n<p>\u26ab La barbe \/ moustache dans la zone d&rsquo;\u00e9tanch\u00e9it\u00e9 du masque peut provoquer des fuites. Par cons\u00e9quent, il est peu probable que les exigences de fuite soient atteintes si ces poils du visage passent sous le sceau du visage. Assurez-vous toujours que le respirateur forme un joint serr\u00e9 et que les cartouches et \/ ou les filtres sont fix\u00e9es avant d&rsquo;entrer dans une atmosph\u00e8re dangereuse.<\/p>\n<p>3.) Dur\u00e9e de vie<\/p>\n<p>On peut s&rsquo;attendre \u00e0 ce que le respirateur reste en service pendant 3 ans ou plus, lorsqu&rsquo;il est dans un \u00e9tat bien stock\u00e9.<\/p>\n<p>4.) Nettoyage et entretien<\/p>\n<p>Le nettoyage est recommand\u00e9 apr\u00e8s utilisation; Retirez les cartouches ou les filtres avant nettoyage.<\/p>\n<p>\u26abCean la pi\u00e8ce du visage (\u00e0 l&rsquo;exclusion des cartouches et des filtres), avec de l&rsquo;alcool de qualit\u00e9 m\u00e9dicale, et laissez s\u00e9cher \u00e0 temp\u00e9rature ambiante.<\/p>\n<p>5.) Stockage<\/p>\n<p>Le respirateur nettoy\u00e9 doit \u00eatre stock\u00e9 dans son emballage d&rsquo;origine ou dans une bo\u00eete \u00e0 conteneurs \u00e0 partir de zones contamin\u00e9es lorsqu&rsquo;elle n&rsquo;est pas utilis\u00e9e. N&rsquo;oubliez pas de vous ranger de la lumi\u00e8re directe du jour ou de toute source de chaleur.<\/td>\n<\/tr>\n<\/tbody>\n<\/table>\n","protected":false},"excerpt":{"rendered":"<p>Porte-masque Gel de silice liquide confortable \u00a0Protecteur de visage PC anti-buts \u00a0Filtre Filtre en carbone rempla\u00e7able \u00a0Bande Bande de t\u00eate \u00e9lastique ajusable Forme Respirator \u00e0 plein visage Desig Norme GB2890-2009 Application Application: travailleurs chimiques, construction, routes et b\u00e2timents, travail du bois, mini\u00e8re,\u00a0Industrie du coulage, du broyage, de la nourriture et du nettoyage, de l&rsquo;\u00e9lectronique, la [&hellip;]<\/p>\n","protected":false},"featured_media":2344,"comment_status":"open","ping_status":"closed","template":"","meta":[],"product_brand":[],"product_cat":[46,58],"product_tag":[],"class_list":{"0":"post-2343","1":"product","2":"type-product","3":"status-publish","4":"has-post-thumbnail","6":"product_cat-equipement-de-protection-individuelles","7":"product_cat-protection-respiratoire","9":"first","10":"instock","11":"taxable","12":"shipping-taxable","13":"product-type-simple"},"_links":{"self":[{"href":"https:\/\/saharatradings.com\/index.php\/wp-json\/wp\/v2\/product\/2343","targetHints":{"allow":["GET"]}}],"collection":[{"href":"https:\/\/saharatradings.com\/index.php\/wp-json\/wp\/v2\/product"}],"about":[{"href":"https:\/\/saharatradings.com\/index.php\/wp-json\/wp\/v2\/types\/product"}],"replies":[{"embeddable":true,"href":"https:\/\/saharatradings.com\/index.php\/wp-json\/wp\/v2\/comments?post=2343"}],"version-history":[{"count":1,"href":"https:\/\/saharatradings.com\/index.php\/wp-json\/wp\/v2\/product\/2343\/revisions"}],"predecessor-version":[{"id":2346,"href":"https:\/\/saharatradings.com\/index.php\/wp-json\/wp\/v2\/product\/2343\/revisions\/2346"}],"wp:featuredmedia":[{"embeddable":true,"href":"https:\/\/saharatradings.com\/index.php\/wp-json\/wp\/v2\/media\/2344"}],"wp:attachment":[{"href":"https:\/\/saharatradings.com\/index.php\/wp-json\/wp\/v2\/media?parent=2343"}],"wp:term":[{"taxonomy":"product_brand","embeddable":true,"href":"https:\/\/saharatradings.com\/index.php\/wp-json\/wp\/v2\/product_brand?post=2343"},{"taxonomy":"product_cat","embeddable":true,"href":"https:\/\/saharatradings.com\/index.php\/wp-json\/wp\/v2\/product_cat?post=2343"},{"taxonomy":"product_tag","embeddable":true,"href":"https:\/\/saharatradings.com\/index.php\/wp-json\/wp\/v2\/product_tag?post=2343"}],"curies":[{"name":"wp","href":"https:\/\/api.w.org\/{rel}","templated":true}]}}