{"id":2329,"date":"2023-10-13T19:38:35","date_gmt":"2023-10-13T17:38:35","guid":{"rendered":"http:\/\/localhost\/saharatradings\/?post_type=product&#038;p=2329"},"modified":"2023-10-13T19:42:41","modified_gmt":"2023-10-13T17:42:41","slug":"lunettes-de-securites-claires-sg003-vert","status":"publish","type":"product","link":"https:\/\/saharatradings.com\/index.php\/produit\/lunettes-de-securites-claires-sg003-vert\/","title":{"rendered":"LUNETTES DE SECURITES CLAIRES SG003 VERT"},"content":{"rendered":"<table width=\"899\">\n<tbody>\n<tr class=\"firstRow\">\n<td valign=\"top\" width=\"131\">1. \u00a0Cadre:<\/td>\n<td valign=\"top\" width=\"725\">Polycarbonate r\u00e9sistant (PC)<\/td>\n<\/tr>\n<tr>\n<td valign=\"top\" width=\"131\">2. \u00a0Lentille:<\/td>\n<td valign=\"top\" width=\"725\">Lentille PC super claire<\/td>\n<\/tr>\n<tr>\n<td valign=\"top\" width=\"131\">3. \u00a0Pointe du nez\u00a0:<\/td>\n<td valign=\"top\" width=\"725\">Pointe de nez TPR douce et confortable<\/td>\n<\/tr>\n<tr>\n<td align=\"left\" valign=\"middle\" width=\"131\">4. Norme\u00a0:<\/td>\n<td valign=\"top\" width=\"725\">CE EN 166:2001 Approuv\u00e9 par Europe CCQS Lab (NB:2834)<\/p>\n<p>GB14866\u00a0:\u00a02006 approuv\u00e9 par le laboratoire de s\u00e9curit\u00e9 et de protection du travail de Shanghai<\/p>\n<p>ANSI\/ISEA Z87.1 Approuv\u00e9 par le laboratoire USA ICS<\/td>\n<\/tr>\n<tr>\n<td valign=\"top\" width=\"131\">5. \u00a0Application :<\/td>\n<td valign=\"top\" width=\"725\">Construction, meulage, coupe de m\u00e9tal, peinture, atelier, laboratoire, tir, cyclisme, etc.<\/td>\n<\/tr>\n<\/tbody>\n<\/table>\n<p><strong>Instructions d&rsquo;utilisation\u00a0:<\/strong><\/p>\n<ol class=\"custom_num1 list-paddingleft-1\">\n<li class=\"list-num-2-1 list-num1-paddingleft-1\"><strong>1.) Recommander d&rsquo;utiliser\u00a0:<\/strong>\u00a0Lieux de travail de protection des yeux, tels que la construction, le meulage, la coupe de m\u00e9tal, la peinture, l&rsquo;atelier, le laboratoire, le tir, le cyclisme, etc.<\/li>\n<li class=\"list-num-2-2 list-num1-paddingleft-1\"><strong>2.) Norme et qualit\u00e9\u00a0:<\/strong>\u00a0Les lunettes de protection sont conformes \u00e0 la norme EN166-2001 pour la protection individuelle des yeux.Ces produits sont class\u00e9s comme \u00c9quipements de Protection Individuelle (EPI) par le nouveau r\u00e8glement europ\u00e9en EPI (UE) 2016\/425.Il est \u00e9galement conforme \u00e0 la norme ANSI\/ISEA Z87.1 USA.<\/li>\n<li class=\"list-num-2-3 list-num1-paddingleft-1\"><strong>3.) Utilisation de ces lunettes\u00a0:<\/strong>\u00a0Ces lunettes offrent une protection contre d\u00e9crire les risques contre lesquels elles prot\u00e8gent.Ces lunettes sont \u00e9quip\u00e9es de verres filtrants qui prot\u00e8gent contre l&rsquo;\u00e9blouissement du soleil et offrent une protection contre les chocs contre les particules \u00e0 grande vitesse \u00e0 faible \u00e9nergie et le masque offre une protection contre les gouttelettes de liquide.<\/li>\n<li class=\"list-num-2-4 list-num1-paddingleft-1\"><strong>4.) Avertissement\u00a0:<\/strong>\u00a0V\u00e9rifiez r\u00e9guli\u00e8rement les lunettes pour d\u00e9tecter des rayures, des piq\u00fbres ou tout autre dommage notable sur la lentille, des rayures, des piq\u00fbres ou d&rsquo;autres dommages sur la lentille peuvent r\u00e9duire consid\u00e9rablement le niveau de protection contre les chocs fourni par le produit.<\/li>\n<li class=\"list-num-2-5 list-num1-paddingleft-1\"><strong>5.) G\u00e9n\u00e9ral\u00a0:<\/strong>\u00a0Alors que le mat\u00e9riau utilis\u00e9 dans la construction de ce produit est s\u00fbr, les pi\u00e8ces qui peuvent entrer en contact avec la peau du porteur peuvent provoquer une r\u00e9action allergique chez les personnes sensibles.L&rsquo;utilisateur doit v\u00e9rifier toute r\u00e9action de ce type et cesser d&rsquo;utiliser le produit si une r\u00e9action est observ\u00e9e.<\/li>\n<li class=\"list-num-2-6 list-num1-paddingleft-1\"><strong>6.) Dur\u00e9e de vie\u00a0:<\/strong>\u00a0La dur\u00e9e de vie maximale du produit est de 2 ans.Si des pi\u00e8ces sont cass\u00e9es pendant l&rsquo;utilisation, veuillez ne plus l&rsquo;utiliser et changer de nouvelles lunettes d\u00e8s que possible, pour \u00e9viter tout danger pour votre sant\u00e9.<\/li>\n<li class=\"list-num-2-7 list-num1-paddingleft-1\"><strong>7.) Stockage\u00a0:<\/strong>\u00a0Les lunettes doivent \u00eatre stock\u00e9es \u00e0 temp\u00e9rature ambiante et \u00e0 l&rsquo;\u00e9cart des solvants, des vapeurs de solvants ou de tout mat\u00e9riau corrosif, car ceux-ci peuvent s\u00e9rieusement r\u00e9duire la protection contre les chocs fournie par les lunettes.<\/li>\n<li class=\"list-num-2-8 list-num1-paddingleft-1\"><strong>8.) Nettoyage :<\/strong>\u00a0Ces lunettes peuvent \u00eatre nettoy\u00e9es et d\u00e9sinfect\u00e9es avec du savon et de l&rsquo;eau chaude.Il est recommand\u00e9 de r\u00e9duire au minimum l&rsquo;essuyage de la lentille et de ne le faire qu&rsquo;avec un chiffon doux non abrasif.<\/li>\n<\/ol>\n","protected":false},"excerpt":{"rendered":"<p>1. \u00a0Cadre: Polycarbonate r\u00e9sistant (PC) 2. \u00a0Lentille: Lentille PC super claire 3. \u00a0Pointe du nez\u00a0: Pointe de nez TPR douce et confortable 4. Norme\u00a0: CE EN 166:2001 Approuv\u00e9 par Europe CCQS Lab (NB:2834) GB14866\u00a0:\u00a02006 approuv\u00e9 par le laboratoire de s\u00e9curit\u00e9 et de protection du travail de Shanghai ANSI\/ISEA Z87.1 Approuv\u00e9 par le laboratoire USA ICS [&hellip;]<\/p>\n","protected":false},"featured_media":2330,"comment_status":"open","ping_status":"closed","template":"","meta":[],"product_brand":[],"product_cat":[46,57],"product_tag":[],"class_list":{"0":"post-2329","1":"product","2":"type-product","3":"status-publish","4":"has-post-thumbnail","6":"product_cat-equipement-de-protection-individuelles","7":"product_cat-protection-des-yeux","9":"first","10":"instock","11":"taxable","12":"shipping-taxable","13":"product-type-simple"},"_links":{"self":[{"href":"https:\/\/saharatradings.com\/index.php\/wp-json\/wp\/v2\/product\/2329","targetHints":{"allow":["GET"]}}],"collection":[{"href":"https:\/\/saharatradings.com\/index.php\/wp-json\/wp\/v2\/product"}],"about":[{"href":"https:\/\/saharatradings.com\/index.php\/wp-json\/wp\/v2\/types\/product"}],"replies":[{"embeddable":true,"href":"https:\/\/saharatradings.com\/index.php\/wp-json\/wp\/v2\/comments?post=2329"}],"version-history":[{"count":0,"href":"https:\/\/saharatradings.com\/index.php\/wp-json\/wp\/v2\/product\/2329\/revisions"}],"wp:featuredmedia":[{"embeddable":true,"href":"https:\/\/saharatradings.com\/index.php\/wp-json\/wp\/v2\/media\/2330"}],"wp:attachment":[{"href":"https:\/\/saharatradings.com\/index.php\/wp-json\/wp\/v2\/media?parent=2329"}],"wp:term":[{"taxonomy":"product_brand","embeddable":true,"href":"https:\/\/saharatradings.com\/index.php\/wp-json\/wp\/v2\/product_brand?post=2329"},{"taxonomy":"product_cat","embeddable":true,"href":"https:\/\/saharatradings.com\/index.php\/wp-json\/wp\/v2\/product_cat?post=2329"},{"taxonomy":"product_tag","embeddable":true,"href":"https:\/\/saharatradings.com\/index.php\/wp-json\/wp\/v2\/product_tag?post=2329"}],"curies":[{"name":"wp","href":"https:\/\/api.w.org\/{rel}","templated":true}]}}