{"id":2325,"date":"2023-10-13T19:25:09","date_gmt":"2023-10-13T17:25:09","guid":{"rendered":"http:\/\/localhost\/saharatradings\/?post_type=product&#038;p=2325"},"modified":"2023-10-13T19:29:44","modified_gmt":"2023-10-13T17:29:44","slug":"lunette-de-soleil-de-securite-noir-sg002","status":"publish","type":"product","link":"https:\/\/saharatradings.com\/index.php\/produit\/lunette-de-soleil-de-securite-noir-sg002\/","title":{"rendered":"LUNETTE DE SOLEIL DE SECURITE NOIR SG002"},"content":{"rendered":"<div>\u00a0Cadre Polycarbonate r\u00e9sistant (PC)<\/div>\n<div>Lentille Lentille PC noire<\/div>\n<div>Pointe du nez Pointe de nez TPR douce et confortable<\/div>\n<div>Norme CE EN 166:2001 Approuv\u00e9 par Europe CCQS Lab (NB:2834)<\/div>\n<div>GB14866 : 2006 approuv\u00e9 par le laboratoire de s\u00e9curit\u00e9 et de protection du travail de Shanghai<\/div>\n<div>ANSI\/ISEA Z87.1 Approuv\u00e9 par le laboratoire USA ICS<\/div>\n<div>Application Construction, meulage, coupe de m\u00e9tal, peinture, atelier, laboratoire, tir, cyclisme, etc.<\/div>\n","protected":false},"excerpt":{"rendered":"<p>\u00a0Cadre Polycarbonate r\u00e9sistant (PC) Lentille Lentille PC noire Pointe du nez Pointe de nez TPR douce et confortable Norme CE EN 166:2001 Approuv\u00e9 par Europe CCQS Lab (NB:2834) GB14866 : 2006 approuv\u00e9 par le laboratoire de s\u00e9curit\u00e9 et de protection du travail de Shanghai ANSI\/ISEA Z87.1 Approuv\u00e9 par le laboratoire USA ICS Application Construction, meulage, [&hellip;]<\/p>\n","protected":false},"featured_media":2326,"comment_status":"open","ping_status":"closed","template":"","meta":[],"product_brand":[],"product_cat":[46,57],"product_tag":[],"class_list":{"0":"post-2325","1":"product","2":"type-product","3":"status-publish","4":"has-post-thumbnail","6":"product_cat-equipement-de-protection-individuelles","7":"product_cat-protection-des-yeux","9":"first","10":"instock","11":"taxable","12":"shipping-taxable","13":"product-type-simple"},"_links":{"self":[{"href":"https:\/\/saharatradings.com\/index.php\/wp-json\/wp\/v2\/product\/2325","targetHints":{"allow":["GET"]}}],"collection":[{"href":"https:\/\/saharatradings.com\/index.php\/wp-json\/wp\/v2\/product"}],"about":[{"href":"https:\/\/saharatradings.com\/index.php\/wp-json\/wp\/v2\/types\/product"}],"replies":[{"embeddable":true,"href":"https:\/\/saharatradings.com\/index.php\/wp-json\/wp\/v2\/comments?post=2325"}],"version-history":[{"count":0,"href":"https:\/\/saharatradings.com\/index.php\/wp-json\/wp\/v2\/product\/2325\/revisions"}],"wp:featuredmedia":[{"embeddable":true,"href":"https:\/\/saharatradings.com\/index.php\/wp-json\/wp\/v2\/media\/2326"}],"wp:attachment":[{"href":"https:\/\/saharatradings.com\/index.php\/wp-json\/wp\/v2\/media?parent=2325"}],"wp:term":[{"taxonomy":"product_brand","embeddable":true,"href":"https:\/\/saharatradings.com\/index.php\/wp-json\/wp\/v2\/product_brand?post=2325"},{"taxonomy":"product_cat","embeddable":true,"href":"https:\/\/saharatradings.com\/index.php\/wp-json\/wp\/v2\/product_cat?post=2325"},{"taxonomy":"product_tag","embeddable":true,"href":"https:\/\/saharatradings.com\/index.php\/wp-json\/wp\/v2\/product_tag?post=2325"}],"curies":[{"name":"wp","href":"https:\/\/api.w.org\/{rel}","templated":true}]}}