{"id":2320,"date":"2023-10-13T19:18:36","date_gmt":"2023-10-13T17:18:36","guid":{"rendered":"http:\/\/localhost\/saharatradings\/?post_type=product&#038;p=2320"},"modified":"2023-10-13T19:23:52","modified_gmt":"2023-10-13T17:23:52","slug":"safetoe-ks504-gris","status":"publish","type":"product","link":"https:\/\/saharatradings.com\/index.php\/produit\/safetoe-ks504-gris\/","title":{"rendered":"SAFETOE KS504 GRIS"},"content":{"rendered":"<table width=\"863\">\n<tbody>\n<tr class=\"firstRow\">\n<td valign=\"top\" width=\"131\">1.\u00a0Cadre:<\/td>\n<td valign=\"top\" width=\"725\">Polycabonate robuste (PC)<\/td>\n<\/tr>\n<tr>\n<td valign=\"top\" width=\"131\">2.\u00a0Lentille:<\/td>\n<td valign=\"top\" width=\"725\">Lentille PC super clair<\/td>\n<\/tr>\n<tr>\n<td valign=\"top\" width=\"131\">3.\u00a0Bande:<\/td>\n<td valign=\"top\" width=\"725\">Bande \u00e9lastique et ajustable<\/td>\n<\/tr>\n<tr>\n<td align=\"left\" valign=\"middle\" width=\"131\">4. Standard:<\/td>\n<td valign=\"top\" width=\"725\">GB14866: 2006 Approuv\u00e9 par Shanghai Security &amp; Labor Protection Laboratoire<\/p>\n<p>ANSI \/ ISEA Z87.1 Approuv\u00e9 par les \u00c9tats-Unis CCS Lab<\/td>\n<\/tr>\n<tr>\n<td valign=\"top\" width=\"131\">5\u00a0Application :<\/td>\n<td valign=\"top\" width=\"725\">Construction, meulage, coupe m\u00e9tallique, peinture, atelier, laboratoire, tir, cyclisme, etc.<\/td>\n<\/tr>\n<\/tbody>\n<\/table>\n<p><strong>Instruction de l&rsquo;utilisateur:<\/strong><\/p>\n<ol class=\"custom_num1 list-paddingleft-1\">\n<li class=\"list-num-2-1 list-num1-paddingleft-1\"><strong>1.) Recommander \u00e0 utiliser:<\/strong>Lieux de travail de protection des yeux, tels que la construction, la meulage, la coupe en m\u00e9tal, la peinture, l&rsquo;atelier, le laboratoire, la prise de vue, le cyclisme, etc.<\/li>\n<li class=\"list-num-2-2 list-num1-paddingleft-1\"><strong>2.) Standard et qualit\u00e9:<\/strong>Les lunettes de protection respectent la norme EN166-2001 pour une protection des yeux personnels. Ces produits sont class\u00e9s comme \u00e9quipement de protection individuelle (PPE) par le nouveau r\u00e8glement europ\u00e9en de l&rsquo;EPI (UE) 2016\/425. Il r\u00e9pond \u00e9galement \u00e0 la norme ANSI \/ ISEA Z87.1 USA.<\/li>\n<li class=\"list-num-2-3 list-num1-paddingleft-1\"><strong>3.) Utiliser ces lunettes:<\/strong>Cette lunetterie offre une protection contre d\u00e9crire ce qui risque elle prot\u00e8ge contre. Ces lunettes sont \u00e9quip\u00e9es de verres filtrantes qui prot\u00e8gent contre le soleil-\u00e9blouissement et fournissent une protection contre les chocs contre les particules \u00e0 grande vitesse \u00e0 basse \u00e9nergie et le goggle prot\u00e8ge des gouttelettes liquides.<\/li>\n<li class=\"list-num-2-4 list-num1-paddingleft-1\"><strong>4.) AVERTISSEMENT:<\/strong>V\u00e9rifiez r\u00e9guli\u00e8rement les lunettes r\u00e9guli\u00e8rement pour que les rayures notables, les piq\u00fbres ou tout autre dommage \u00e0 la lentille, au grattage, \u00e0 la piq\u00fbre ou \u00e0 d&rsquo;autres dommages caus\u00e9s \u00e0 la lentille peuvent r\u00e9duire s\u00e9rieusement le niveau de protection des chocs fournie par le produit.<\/li>\n<li class=\"list-num-2-5 list-num1-paddingleft-1\"><strong>5.) G\u00e9n\u00e9ral:<\/strong>Alors que le mat\u00e9riau utilis\u00e9 dans la construction de ce produit est des pi\u00e8ces s\u00fbres pouvant entrer en contact avec la peau d&rsquo;un porteur pourrait provoquer une r\u00e9action allergique par des personnes sensibles. L&rsquo;utilisateur doit v\u00e9rifier une telle r\u00e9action et cesser l&rsquo;utilisation du produit si une r\u00e9action est observ\u00e9e.<\/li>\n<li class=\"list-num-2-6 list-num1-paddingleft-1\"><strong>6.) LifePan:<\/strong>Utilisation maximale du produit La vie est de 2 ans. Si des pi\u00e8ces sont bris\u00e9es pendant l&rsquo;utilisation, veuillez ne pas l&rsquo;utiliser plus et changez de nouveaux lunettes d\u00e8s que possible pour \u00e9viter tout danger pour votre sant\u00e9.<\/li>\n<li class=\"list-num-2-7 list-num1-paddingleft-1\"><strong>7.) STOCKAGE:<\/strong>Les lunettes doivent \u00eatre des magasins \u00e0 la temp\u00e9rature ambiante et \u00e0 l&rsquo;abri des solvants, ou des vapeurs de solvant ou de tout mat\u00e9riau corrosif, car ils peuvent s\u00e9rieusement r\u00e9duire la protection des chocs fournie par les lunettes.<\/li>\n<li class=\"list-num-2-8 list-num1-paddingleft-1\"><strong>8.) Nettoyage:<\/strong>Ces lunettes peuvent \u00eatre nettoy\u00e9es et d\u00e9sinfect\u00e9es avec du savon et de l&rsquo;eau ti\u00e8de. Il est recommand\u00e9 que l&rsquo;essuyage de la lentille soit maintenue au minimum et que ce soit uniquement avec un chiffon doux antiabrasif.<\/li>\n<\/ol>\n","protected":false},"excerpt":{"rendered":"<p>1.\u00a0Cadre: Polycabonate robuste (PC) 2.\u00a0Lentille: Lentille PC super clair 3.\u00a0Bande: Bande \u00e9lastique et ajustable 4. Standard: GB14866: 2006 Approuv\u00e9 par Shanghai Security &amp; Labor Protection Laboratoire ANSI \/ ISEA Z87.1 Approuv\u00e9 par les \u00c9tats-Unis CCS Lab 5\u00a0Application : Construction, meulage, coupe m\u00e9tallique, peinture, atelier, laboratoire, tir, cyclisme, etc. Instruction de l&rsquo;utilisateur: 1.) Recommander \u00e0 utiliser:Lieux [&hellip;]<\/p>\n","protected":false},"featured_media":2321,"comment_status":"open","ping_status":"closed","template":"","meta":[],"product_brand":[],"product_cat":[46,57],"product_tag":[],"class_list":{"0":"post-2320","1":"product","2":"type-product","3":"status-publish","4":"has-post-thumbnail","6":"product_cat-equipement-de-protection-individuelles","7":"product_cat-protection-des-yeux","9":"first","10":"instock","11":"taxable","12":"shipping-taxable","13":"product-type-simple"},"_links":{"self":[{"href":"https:\/\/saharatradings.com\/index.php\/wp-json\/wp\/v2\/product\/2320","targetHints":{"allow":["GET"]}}],"collection":[{"href":"https:\/\/saharatradings.com\/index.php\/wp-json\/wp\/v2\/product"}],"about":[{"href":"https:\/\/saharatradings.com\/index.php\/wp-json\/wp\/v2\/types\/product"}],"replies":[{"embeddable":true,"href":"https:\/\/saharatradings.com\/index.php\/wp-json\/wp\/v2\/comments?post=2320"}],"version-history":[{"count":0,"href":"https:\/\/saharatradings.com\/index.php\/wp-json\/wp\/v2\/product\/2320\/revisions"}],"wp:featuredmedia":[{"embeddable":true,"href":"https:\/\/saharatradings.com\/index.php\/wp-json\/wp\/v2\/media\/2321"}],"wp:attachment":[{"href":"https:\/\/saharatradings.com\/index.php\/wp-json\/wp\/v2\/media?parent=2320"}],"wp:term":[{"taxonomy":"product_brand","embeddable":true,"href":"https:\/\/saharatradings.com\/index.php\/wp-json\/wp\/v2\/product_brand?post=2320"},{"taxonomy":"product_cat","embeddable":true,"href":"https:\/\/saharatradings.com\/index.php\/wp-json\/wp\/v2\/product_cat?post=2320"},{"taxonomy":"product_tag","embeddable":true,"href":"https:\/\/saharatradings.com\/index.php\/wp-json\/wp\/v2\/product_tag?post=2320"}],"curies":[{"name":"wp","href":"https:\/\/api.w.org\/{rel}","templated":true}]}}