{"id":2315,"date":"2023-10-13T19:08:08","date_gmt":"2023-10-13T17:08:08","guid":{"rendered":"http:\/\/localhost\/saharatradings\/?post_type=product&#038;p=2315"},"modified":"2023-10-13T19:13:50","modified_gmt":"2023-10-13T17:13:50","slug":"safetoe-m-8385","status":"publish","type":"product","link":"https:\/\/saharatradings.com\/index.php\/produit\/safetoe-m-8385\/","title":{"rendered":"SAFETOE M-8385"},"content":{"rendered":"<table width=\"899\">\n<tbody>\n<tr class=\"firstRow\">\n<td colspan=\"1\" rowspan=\"1\" align=\"left\" valign=\"middle\" width=\"125\">1. Sup\u00e9rieur :<\/td>\n<td align=\"left\" valign=\"middle\" width=\"731\">Cuir de vache nubuck r\u00e9sistant \u00e0 l&rsquo;eau<\/td>\n<\/tr>\n<tr>\n<td colspan=\"1\" rowspan=\"1\" align=\"left\" valign=\"middle\" width=\"125\">2. Doublure :<\/td>\n<td align=\"left\" valign=\"middle\" width=\"731\">Maille d&rsquo;air sandwich respirante<\/td>\n<\/tr>\n<tr>\n<td colspan=\"1\" rowspan=\"1\" align=\"left\" valign=\"middle\" width=\"125\">3. \u00a0Semelle int\u00e9rieure :<\/td>\n<td align=\"left\" valign=\"middle\" width=\"731\">Semelle int\u00e9rieure confortable avec maille enduite d&rsquo;EVA<\/td>\n<\/tr>\n<tr>\n<td colspan=\"1\" rowspan=\"1\" align=\"left\" valign=\"middle\" width=\"125\">4. \u00a0Semelle ext\u00e9rieure :<\/td>\n<td align=\"left\" valign=\"middle\" width=\"731\">PU\/injection de caoutchouc (HRO 300\u00b0)<\/td>\n<\/tr>\n<tr>\n<td colspan=\"1\" rowspan=\"1\" align=\"left\" valign=\"middle\" width=\"125\">5. \u00a0Embout :<\/td>\n<td align=\"left\" valign=\"middle\" width=\"731\">Embout composite<\/td>\n<\/tr>\n<tr>\n<td colspan=\"1\" rowspan=\"1\" align=\"left\" valign=\"middle\" width=\"125\">6. \u00a0P\u00e9n\u00e9tration :<\/td>\n<td align=\"left\" valign=\"middle\" width=\"731\">Plaque de semelle interm\u00e9diaire en Kevlar<\/td>\n<\/tr>\n<tr>\n<td colspan=\"1\" rowspan=\"1\" align=\"left\" valign=\"middle\" width=\"125\">7. \u00a0Taille :<\/td>\n<td align=\"left\" valign=\"middle\" width=\"731\">UE 37-47 #, Royaume-Uni 3-13 #, \u00c9tats-Unis 4-14 #<\/td>\n<\/tr>\n<tr>\n<td colspan=\"1\" rowspan=\"1\" align=\"left\" valign=\"middle\" width=\"125\">8. Norme :<\/td>\n<td colspan=\"1\" rowspan=\"1\" align=\"left\" valign=\"middle\" width=\"303\">CE EN ISO 20345:2011 S3 SRC<\/td>\n<\/tr>\n<tr>\n<td colspan=\"1\" rowspan=\"1\" align=\"left\" valign=\"middle\" width=\"125\">9. \u00a0Application :<\/td>\n<td align=\"left\" valign=\"middle\" width=\"731\">Construction, entrep\u00f4t, logistique, m\u00e9canique, installation de lunettes, atelier, station p\u00e9troli\u00e8re et gazi\u00e8re, usine chimique, chantier, etc.<\/td>\n<\/tr>\n<\/tbody>\n<\/table>\n","protected":false},"excerpt":{"rendered":"<p>1. Sup\u00e9rieur : Cuir de vache nubuck r\u00e9sistant \u00e0 l&rsquo;eau 2. Doublure : Maille d&rsquo;air sandwich respirante 3. \u00a0Semelle int\u00e9rieure : Semelle int\u00e9rieure confortable avec maille enduite d&rsquo;EVA 4. \u00a0Semelle ext\u00e9rieure : PU\/injection de caoutchouc (HRO 300\u00b0) 5. \u00a0Embout : Embout composite 6. \u00a0P\u00e9n\u00e9tration : Plaque de semelle interm\u00e9diaire en Kevlar 7. \u00a0Taille : UE [&hellip;]<\/p>\n","protected":false},"featured_media":2316,"comment_status":"open","ping_status":"closed","template":"","meta":[],"product_brand":[],"product_cat":[46,56],"product_tag":[],"class_list":{"0":"post-2315","1":"product","2":"type-product","3":"status-publish","4":"has-post-thumbnail","6":"product_cat-equipement-de-protection-individuelles","7":"product_cat-protection-des-pieds","9":"first","10":"instock","11":"taxable","12":"shipping-taxable","13":"product-type-simple"},"_links":{"self":[{"href":"https:\/\/saharatradings.com\/index.php\/wp-json\/wp\/v2\/product\/2315","targetHints":{"allow":["GET"]}}],"collection":[{"href":"https:\/\/saharatradings.com\/index.php\/wp-json\/wp\/v2\/product"}],"about":[{"href":"https:\/\/saharatradings.com\/index.php\/wp-json\/wp\/v2\/types\/product"}],"replies":[{"embeddable":true,"href":"https:\/\/saharatradings.com\/index.php\/wp-json\/wp\/v2\/comments?post=2315"}],"version-history":[{"count":0,"href":"https:\/\/saharatradings.com\/index.php\/wp-json\/wp\/v2\/product\/2315\/revisions"}],"wp:featuredmedia":[{"embeddable":true,"href":"https:\/\/saharatradings.com\/index.php\/wp-json\/wp\/v2\/media\/2316"}],"wp:attachment":[{"href":"https:\/\/saharatradings.com\/index.php\/wp-json\/wp\/v2\/media?parent=2315"}],"wp:term":[{"taxonomy":"product_brand","embeddable":true,"href":"https:\/\/saharatradings.com\/index.php\/wp-json\/wp\/v2\/product_brand?post=2315"},{"taxonomy":"product_cat","embeddable":true,"href":"https:\/\/saharatradings.com\/index.php\/wp-json\/wp\/v2\/product_cat?post=2315"},{"taxonomy":"product_tag","embeddable":true,"href":"https:\/\/saharatradings.com\/index.php\/wp-json\/wp\/v2\/product_tag?post=2315"}],"curies":[{"name":"wp","href":"https:\/\/api.w.org\/{rel}","templated":true}]}}