{"id":2313,"date":"2023-10-13T19:04:03","date_gmt":"2023-10-13T17:04:03","guid":{"rendered":"http:\/\/localhost\/saharatradings\/?post_type=product&#038;p=2313"},"modified":"2023-10-13T19:06:04","modified_gmt":"2023-10-13T17:06:04","slug":"fw85-chaussure-de-securite-steelite-ultra-s1p","status":"publish","type":"product","link":"https:\/\/saharatradings.com\/index.php\/produit\/fw85-chaussure-de-securite-steelite-ultra-s1p\/","title":{"rendered":"FW85 &#8211; Chaussure de s\u00e9curit\u00e9 Steelite Ultra S1P"},"content":{"rendered":"<p><strong>FW85 &#8211; Chaussure de s\u00e9curit\u00e9 Steelite Ultra S1P<\/strong><\/p>\n<p><strong>Couleur &#8211; Noir<\/strong><\/p>\n<p><strong>Description<\/strong><\/p>\n<p>Chaussures de s\u00e9curit\u00e9 pour tous les jours \u00e0 un prix abordable. Conception look\u00e9e, avec embout et semelle intercalaire en acier, anti-statique et anti-d\u00e9rapante, avec un rembourrage suppl\u00e9mentaire dans la zone du talon pour la r\u00e9sistance \u00e0 l&rsquo;abrasion. Compl\u00e9t\u00e9 par un rembourrage suppl\u00e9mentaire au niveau du talon pour une meilleure r\u00e9sistance \u00e0 l&rsquo;abrasion.<\/p>\n<h3>Caract\u00e9ristiques<\/h3>\n<p>\uf0b7\u00a0 col double pour plus de confort<\/p>\n<p>\uf0b7\u00a0 Construction de languette \u00e0 soufflet pour une meilleure r\u00e9sistance \u00e0 la p\u00e9n\u00e9tration de l&rsquo;eau<\/p>\n<p>\uf0b7\u00a0 coquille acier<\/p>\n<p>\uf0b7\u00a0 Semelle acier anti-perforation<\/p>\n<p>\uf0b7\u00a0 Chaussures anti-statique<\/p>\n<p>\uf0b7\u00a0 SRC &#8211; Semelle ext\u00e9rieure antid\u00e9rapante pour emp\u00eacher les glissades et les tr\u00e9buchements sur les surfaces en c\u00e9ramique et en acier<\/p>\n<p>\uf0b7\u00a0 Certifi\u00e9 CE<\/p>\n<p>\uf0b7\u00a0 marqu\u00e9 UKCA<\/p>\n<p>\uf0b7\u00a0 Talon avec absorption d&rsquo;\u00e9nergie<\/p>\n<p>\uf0b7\u00a0 semelle resistant aux huiles et hydrocarbures<\/p>\n<p>\uf0b7\u00a0 Semelle double densit\u00e9<\/p>\n<h3>Mati\u00e8res<\/h3>\n<p><strong>Tige:<\/strong>\u00a0Cuir croute<br \/>\n<strong>Semelle:<\/strong>\u00a0PU\/PU<\/p>\n","protected":false},"excerpt":{"rendered":"<p>FW85 &#8211; Chaussure de s\u00e9curit\u00e9 Steelite Ultra S1P Couleur &#8211; Noir Description Chaussures de s\u00e9curit\u00e9 pour tous les jours \u00e0 un prix abordable. Conception look\u00e9e, avec embout et semelle intercalaire en acier, anti-statique et anti-d\u00e9rapante, avec un rembourrage suppl\u00e9mentaire dans la zone du talon pour la r\u00e9sistance \u00e0 l&rsquo;abrasion. Compl\u00e9t\u00e9 par un rembourrage suppl\u00e9mentaire au [&hellip;]<\/p>\n","protected":false},"featured_media":2314,"comment_status":"open","ping_status":"closed","template":"","meta":[],"product_brand":[],"product_cat":[46,56],"product_tag":[],"class_list":{"0":"post-2313","1":"product","2":"type-product","3":"status-publish","4":"has-post-thumbnail","6":"product_cat-equipement-de-protection-individuelles","7":"product_cat-protection-des-pieds","9":"first","10":"instock","11":"taxable","12":"shipping-taxable","13":"product-type-simple"},"_links":{"self":[{"href":"https:\/\/saharatradings.com\/index.php\/wp-json\/wp\/v2\/product\/2313","targetHints":{"allow":["GET"]}}],"collection":[{"href":"https:\/\/saharatradings.com\/index.php\/wp-json\/wp\/v2\/product"}],"about":[{"href":"https:\/\/saharatradings.com\/index.php\/wp-json\/wp\/v2\/types\/product"}],"replies":[{"embeddable":true,"href":"https:\/\/saharatradings.com\/index.php\/wp-json\/wp\/v2\/comments?post=2313"}],"version-history":[{"count":0,"href":"https:\/\/saharatradings.com\/index.php\/wp-json\/wp\/v2\/product\/2313\/revisions"}],"wp:featuredmedia":[{"embeddable":true,"href":"https:\/\/saharatradings.com\/index.php\/wp-json\/wp\/v2\/media\/2314"}],"wp:attachment":[{"href":"https:\/\/saharatradings.com\/index.php\/wp-json\/wp\/v2\/media?parent=2313"}],"wp:term":[{"taxonomy":"product_brand","embeddable":true,"href":"https:\/\/saharatradings.com\/index.php\/wp-json\/wp\/v2\/product_brand?post=2313"},{"taxonomy":"product_cat","embeddable":true,"href":"https:\/\/saharatradings.com\/index.php\/wp-json\/wp\/v2\/product_cat?post=2313"},{"taxonomy":"product_tag","embeddable":true,"href":"https:\/\/saharatradings.com\/index.php\/wp-json\/wp\/v2\/product_tag?post=2313"}],"curies":[{"name":"wp","href":"https:\/\/api.w.org\/{rel}","templated":true}]}}