{"id":2290,"date":"2023-10-13T18:39:38","date_gmt":"2023-10-13T16:39:38","guid":{"rendered":"http:\/\/localhost\/saharatradings\/?post_type=product&#038;p=2290"},"modified":"2023-10-13T18:42:05","modified_gmt":"2023-10-13T16:42:05","slug":"gants-eurolite-max25","status":"publish","type":"product","link":"https:\/\/saharatradings.com\/index.php\/produit\/gants-eurolite-max25\/","title":{"rendered":"GANTS EUROLITE MAX25"},"content":{"rendered":"<p><strong><em>EUROLITE MAX25<\/em><\/strong><\/p>\n<p><strong><em>DESCRIPTION<\/em><\/strong><\/p>\n<p>Gants EUROLITE MAX25 tricot \u00e0 base de polyamide gris, jauge 15, enduction palmaire en sandy nitrile noire, Poignet tricot \u00e9lastique. Certifi\u00e9 OEKO-TEX\u00ae STANDARD 100, CQ 1301\/1, IFTH ou SH020 131830, TESTEX<\/p>\n<p><strong>COULEUR :\u00a0<\/strong>Gris Fonc\u00e9<\/p>\n<p><strong>GAMME :\u00a0<\/strong>Manutention et travaux de pr\u00e9cision<\/p>\n<p><strong>AVANTAGES :\u00a0<\/strong>COVERPERF BREATHABILITY : Confort, respirabilit\u00e9 maximum COVERPERF DURABILITY : Ultra haute r\u00e9sistance \u00e0 l&rsquo;abrasion Excellent grip Ajustement adaptatif apr\u00e8s 3-5 minutes<\/p>\n<p><strong>SECTEURS INDUSTRIELS :\u00a0<\/strong>Constructions m\u00e9caniques (industrie automobile; a\u00e9ronautique; v\u00e9hicules de transport), Industries l\u00e9g\u00e8res (textile; cuir; plasturgie; caoutchouc; meubles; luxe\u2026), Industries lourdes et de process, Maintenance, Second-\u0153uvre du b\u00e2timent<\/p>\n<p><strong>SOUS-FAMILLE :\u00a0<\/strong>Milieu sec<\/p>\n<p><strong>CAT\u00c9GORIE EPI :\u00a0<\/strong>II<\/p>\n<p>&nbsp;<\/p>\n","protected":false},"excerpt":{"rendered":"<p>EUROLITE MAX25 DESCRIPTION Gants EUROLITE MAX25 tricot \u00e0 base de polyamide gris, jauge 15, enduction palmaire en sandy nitrile noire, Poignet tricot \u00e9lastique. Certifi\u00e9 OEKO-TEX\u00ae STANDARD 100, CQ 1301\/1, IFTH ou SH020 131830, TESTEX COULEUR :\u00a0Gris Fonc\u00e9 GAMME :\u00a0Manutention et travaux de pr\u00e9cision AVANTAGES :\u00a0COVERPERF BREATHABILITY : Confort, respirabilit\u00e9 maximum COVERPERF DURABILITY : Ultra haute [&hellip;]<\/p>\n","protected":false},"featured_media":2291,"comment_status":"open","ping_status":"closed","template":"","meta":[],"product_brand":[],"product_cat":[46,55],"product_tag":[],"class_list":{"0":"post-2290","1":"product","2":"type-product","3":"status-publish","4":"has-post-thumbnail","6":"product_cat-equipement-de-protection-individuelles","7":"product_cat-protection-des-mains","9":"first","10":"instock","11":"taxable","12":"shipping-taxable","13":"product-type-simple"},"_links":{"self":[{"href":"https:\/\/saharatradings.com\/index.php\/wp-json\/wp\/v2\/product\/2290","targetHints":{"allow":["GET"]}}],"collection":[{"href":"https:\/\/saharatradings.com\/index.php\/wp-json\/wp\/v2\/product"}],"about":[{"href":"https:\/\/saharatradings.com\/index.php\/wp-json\/wp\/v2\/types\/product"}],"replies":[{"embeddable":true,"href":"https:\/\/saharatradings.com\/index.php\/wp-json\/wp\/v2\/comments?post=2290"}],"version-history":[{"count":0,"href":"https:\/\/saharatradings.com\/index.php\/wp-json\/wp\/v2\/product\/2290\/revisions"}],"wp:featuredmedia":[{"embeddable":true,"href":"https:\/\/saharatradings.com\/index.php\/wp-json\/wp\/v2\/media\/2291"}],"wp:attachment":[{"href":"https:\/\/saharatradings.com\/index.php\/wp-json\/wp\/v2\/media?parent=2290"}],"wp:term":[{"taxonomy":"product_brand","embeddable":true,"href":"https:\/\/saharatradings.com\/index.php\/wp-json\/wp\/v2\/product_brand?post=2290"},{"taxonomy":"product_cat","embeddable":true,"href":"https:\/\/saharatradings.com\/index.php\/wp-json\/wp\/v2\/product_cat?post=2290"},{"taxonomy":"product_tag","embeddable":true,"href":"https:\/\/saharatradings.com\/index.php\/wp-json\/wp\/v2\/product_tag?post=2290"}],"curies":[{"name":"wp","href":"https:\/\/api.w.org\/{rel}","templated":true}]}}