{"id":2288,"date":"2023-10-13T18:31:46","date_gmt":"2023-10-13T16:31:46","guid":{"rendered":"http:\/\/localhost\/saharatradings\/?post_type=product&#038;p=2288"},"modified":"2023-10-13T18:37:59","modified_gmt":"2023-10-13T16:37:59","slug":"gants-de-travail-resistants-aux-produits-chimiques-et-a-lhuile-gsp0211r","status":"publish","type":"product","link":"https:\/\/saharatradings.com\/index.php\/produit\/gants-de-travail-resistants-aux-produits-chimiques-et-a-lhuile-gsp0211r\/","title":{"rendered":"Gants de travail r\u00e9sistants aux produits chimiques et \u00e0 l&rsquo;huile GSP0211R"},"content":{"rendered":"<table width=\"878\">\n<tbody>\n<tr class=\"firstRow\">\n<td valign=\"top\" width=\"149\">1.\u00a0Mat\u00e9riel:<\/td>\n<td valign=\"top\" width=\"685\">PVC enti\u00e8rement unique<\/td>\n<\/tr>\n<tr>\n<td colspan=\"1\" rowspan=\"1\" valign=\"top\" width=\"0\">2\u00a0Doublure:<\/td>\n<td colspan=\"1\" rowspan=\"1\" valign=\"top\" width=\"689\">15 jauges en doublure transparente<\/td>\n<\/tr>\n<tr>\n<td valign=\"top\" width=\"149\">3 et 3\u00a0Couleur disponible:<\/td>\n<td valign=\"top\" width=\"685\">Rouge, bleu, noir, vert, etc.<\/td>\n<\/tr>\n<tr>\n<td colspan=\"1\" rowspan=\"1\" valign=\"top\" width=\"0\">4. Taille:<\/td>\n<td colspan=\"1\" rowspan=\"1\" valign=\"top\" width=\"689\">27 cm \/ 30 cm \/ 35 cm<\/td>\n<\/tr>\n<tr>\n<td valign=\"top\" width=\"149\">5. Package:<\/td>\n<td valign=\"top\" width=\"685\">120 paires \/ ctn (35x28x55cm pour 35 cm)<\/td>\n<\/tr>\n<tr>\n<td colspan=\"1\" rowspan=\"1\" valign=\"top\">6. Norme:<\/td>\n<td colspan=\"1\" rowspan=\"1\" valign=\"top\">CE en 21420: 2020<\/p>\n<p>CE en 388: 2016 + A1: 2018<\/td>\n<\/tr>\n<tr>\n<td colspan=\"1\" rowspan=\"1\" valign=\"top\" width=\"0\">sept.\u00a0Application:<\/td>\n<td colspan=\"1\" rowspan=\"1\" valign=\"top\" width=\"689\">Huile et p\u00e9trole, production chimique, lieux de travail acides, lieux de travail alcalins, pharmaceutique, \u00e9lectronique, \u00e9lectroplations, laboratoire, etc.<\/td>\n<\/tr>\n<\/tbody>\n<\/table>\n<p><strong>Instruction des utilisateurs:<\/strong><\/p>\n<p><strong>1.) Norme abmit\u00e9e \uff1a<\/strong><\/p>\n<p>Les gants r\u00e9pondent au r\u00e8glement europ\u00e9en UE 2016\/425 sur la protection personnelle contre les risques m\u00e9caniques. Ils r\u00e9pondent \u00e0 tous les en-\u00e9tages techniques pertinents EN388: 2016.<\/p>\n<p><strong>2.) Pr\u00e9caution de l&rsquo;utilisateur:<\/strong><\/p>\n<p>\u26ab\u00a0V\u00e9rifiez avant d&rsquo;utiliser si les gants ne montrent aucun d\u00e9faut. Il n&rsquo;est pas recommand\u00e9 d&rsquo;utiliser les gants \u00e0 la proximit\u00e9 des machines en fonctionnement. N&rsquo;utilisez pas de gants sales en raison des risques de dermatite.<\/p>\n<p>\u26ab\u00a0Certains gants peuvent contenir des produits (tels que le caoutchouc, le latex) qui peuvent provoquer des r\u00e9actions allergiques. Par pr\u00e9f\u00e9rence, gardez les gants dans un endroit sec \u00e0 l&rsquo;int\u00e9rieur de l&#8217;emballage d&rsquo;origine. Gardez les gants loin de toute source de chaleur.<\/p>\n<p>\u26ab\u00a0Les gants n&rsquo;offrent pas de protection contre les Elctric r\u00e9sistants \u00e0 la chaleur et \u00e0 haute tension.<\/p>\n<p><strong>3.) Dur\u00e9e de vie<\/strong><\/p>\n<p>On peut s&rsquo;attendre \u00e0 ce que les gants restent en service pendant 2 ans ou plus, lorsqu&rsquo;il est dans un \u00e9tat bien stock\u00e9.<\/p>\n<p><strong>4.) Nettoyage<\/strong><\/p>\n<p>Les gants peuvent \u00eatre nettoy\u00e9s avec un d\u00e9tergent normal \u00e0 une temp\u00e9rature maximale de 40 \u00b0 C. Apr\u00e8s le nettoyage, les gants gardent g\u00e9n\u00e9ralement leurs caract\u00e9ristiques. N\u00e9anmoins, nous ne pouvons pas \u00eatre tenus responsables au cas o\u00f9 des propri\u00e9t\u00e9s de s\u00e9curit\u00e9 seront r\u00e9duites.<\/p>\n<p><strong>5.) Stockage<\/strong><\/p>\n<p>Conservez les gants dans un endroit frais, sec et propre \u00e0 partir de la lumi\u00e8re directe du soleil. \u00c9vitez la zone o\u00f9 la chaleur, l&rsquo;humidit\u00e9, la lumi\u00e8re, l&rsquo;huile ou leurs vapeurs ou d&rsquo;autres \u00e9l\u00e9ments d\u00e9gradants peuvent \u00eatre pr\u00e9sents.<\/p>\n","protected":false},"excerpt":{"rendered":"<p>1.\u00a0Mat\u00e9riel: PVC enti\u00e8rement unique 2\u00a0Doublure: 15 jauges en doublure transparente 3 et 3\u00a0Couleur disponible: Rouge, bleu, noir, vert, etc. 4. Taille: 27 cm \/ 30 cm \/ 35 cm 5. Package: 120 paires \/ ctn (35x28x55cm pour 35 cm) 6. Norme: CE en 21420: 2020 CE en 388: 2016 + A1: 2018 sept.\u00a0Application: Huile et [&hellip;]<\/p>\n","protected":false},"featured_media":2289,"comment_status":"open","ping_status":"closed","template":"","meta":[],"product_brand":[],"product_cat":[46,55],"product_tag":[],"class_list":{"0":"post-2288","1":"product","2":"type-product","3":"status-publish","4":"has-post-thumbnail","6":"product_cat-equipement-de-protection-individuelles","7":"product_cat-protection-des-mains","9":"first","10":"instock","11":"taxable","12":"shipping-taxable","13":"product-type-simple"},"_links":{"self":[{"href":"https:\/\/saharatradings.com\/index.php\/wp-json\/wp\/v2\/product\/2288","targetHints":{"allow":["GET"]}}],"collection":[{"href":"https:\/\/saharatradings.com\/index.php\/wp-json\/wp\/v2\/product"}],"about":[{"href":"https:\/\/saharatradings.com\/index.php\/wp-json\/wp\/v2\/types\/product"}],"replies":[{"embeddable":true,"href":"https:\/\/saharatradings.com\/index.php\/wp-json\/wp\/v2\/comments?post=2288"}],"version-history":[{"count":0,"href":"https:\/\/saharatradings.com\/index.php\/wp-json\/wp\/v2\/product\/2288\/revisions"}],"wp:featuredmedia":[{"embeddable":true,"href":"https:\/\/saharatradings.com\/index.php\/wp-json\/wp\/v2\/media\/2289"}],"wp:attachment":[{"href":"https:\/\/saharatradings.com\/index.php\/wp-json\/wp\/v2\/media?parent=2288"}],"wp:term":[{"taxonomy":"product_brand","embeddable":true,"href":"https:\/\/saharatradings.com\/index.php\/wp-json\/wp\/v2\/product_brand?post=2288"},{"taxonomy":"product_cat","embeddable":true,"href":"https:\/\/saharatradings.com\/index.php\/wp-json\/wp\/v2\/product_cat?post=2288"},{"taxonomy":"product_tag","embeddable":true,"href":"https:\/\/saharatradings.com\/index.php\/wp-json\/wp\/v2\/product_tag?post=2288"}],"curies":[{"name":"wp","href":"https:\/\/api.w.org\/{rel}","templated":true}]}}