{"id":2283,"date":"2023-10-13T18:27:34","date_gmt":"2023-10-13T16:27:34","guid":{"rendered":"http:\/\/localhost\/saharatradings\/?post_type=product&#038;p=2283"},"modified":"2023-10-13T18:30:52","modified_gmt":"2023-10-13T16:30:52","slug":"gants-de-travail-de-securite-en-revetement-pu-zhxpu225b","status":"publish","type":"product","link":"https:\/\/saharatradings.com\/index.php\/produit\/gants-de-travail-de-securite-en-revetement-pu-zhxpu225b\/","title":{"rendered":"Gants de travail de s\u00e9curit\u00e9 en rev\u00eatement PU ZHXPU225B"},"content":{"rendered":"<div>Doublure 13 revues en polyester<\/div>\n<div>Rev\u00eatement Rev\u00eatement PU Palm<\/div>\n<div>Manchette Manchette en poignet<\/div>\n<div>Couleur disponible Noir, gris, blanc, vert, jaune, etc.<\/div>\n<div>Taille 7\u2019-11 \u2019(S, M, L, XL, XXL)<\/div>\n<div>Package 120 paires \/ ctn (44x25x22cm)<\/div>\n<div>Norme CE EN420: 2003 + A1: 2009<\/div>\n<div>CE EN388: 2016<\/div>\n<div>Application Travailleurs de construction, de route et de b\u00e2timent, logistique, m\u00e9canique, atelier d&rsquo;usine, jardin, agriculture et autres lieux de travail \u00e0 usage g\u00e9n\u00e9ral, etc.<\/div>\n<div><\/div>\n<div>\u00ab\u00a0Instruction des utilisateurs:<\/div>\n<div><\/div>\n<div><\/div>\n<div><\/div>\n<div>1.) Norme abmit\u00e9e \uff1a<\/div>\n<div><\/div>\n<div>Les gants r\u00e9pondent au r\u00e8glement europ\u00e9en UE 2016\/425 sur la protection personnelle contre les risques m\u00e9caniques. Ils r\u00e9pondent \u00e0 tous les en-\u00e9tages techniques pertinents EN388: 2016.<\/div>\n<div><\/div>\n<div><\/div>\n<div><\/div>\n<div>2.) Pr\u00e9caution de l&rsquo;utilisateur:<\/div>\n<div><\/div>\n<div>\u26ab\u00a0 V\u00e9rifiez avant d&rsquo;utiliser si les gants ne montrent aucun d\u00e9faut. Il n&rsquo;est pas recommand\u00e9 d&rsquo;utiliser les gants \u00e0 la proximit\u00e9 des machines en fonctionnement. N&rsquo;utilisez pas de gants sales en raison des risques de dermatite.<\/div>\n<div><\/div>\n<div>\u26ab\u00a0 Certains gants peuvent contenir des produits (tels que le caoutchouc, le latex) qui peuvent provoquer des r\u00e9actions allergiques. Par pr\u00e9f\u00e9rence, gardez les gants dans un endroit sec \u00e0 l&rsquo;int\u00e9rieur de l&#8217;emballage d&rsquo;origine. Gardez les gants loin de toute source de chaleur.<\/div>\n<div><\/div>\n<div>\u26ab\u00a0 Les gants n&rsquo;offrent pas de protection contre les fluides chimiques.<\/div>\n<div><\/div>\n<div><\/div>\n<div><\/div>\n<div>3.) Dur\u00e9e de vie<\/div>\n<div><\/div>\n<div>On peut s&rsquo;attendre \u00e0 ce que les gants restent en service pendant 2 ans ou plus, lorsqu&rsquo;il est dans un \u00e9tat bien stock\u00e9.<\/div>\n<div><\/div>\n<div><\/div>\n<div><\/div>\n<div>4.) Nettoyage<\/div>\n<div><\/div>\n<div>Les gants peuvent \u00eatre nettoy\u00e9s avec un d\u00e9tergent normal \u00e0 une temp\u00e9rature maximale de 40 \u00b0 C. Apr\u00e8s le nettoyage, les gants gardent g\u00e9n\u00e9ralement leurs caract\u00e9ristiques. N\u00e9anmoins, nous ne pouvons pas \u00eatre tenus responsables au cas o\u00f9 des propri\u00e9t\u00e9s de s\u00e9curit\u00e9 seront r\u00e9duites.<\/div>\n<div><\/div>\n<div><\/div>\n<div><\/div>\n<div>5.) Stockage<\/div>\n<div><\/div>\n<div>Conservez les gants dans un endroit frais, sec et propre \u00e0 partir de la lumi\u00e8re directe du soleil. \u00c9vitez la zone o\u00f9 la chaleur, l&rsquo;humidit\u00e9, la lumi\u00e8re, l&rsquo;huile ou leurs vapeurs ou d&rsquo;autres \u00e9l\u00e9ments d\u00e9gradants peuvent \u00eatre pr\u00e9sents.<\/div>\n<div><\/div>\n<div>\u00ab\u00a0<\/div>\n<div><\/div>\n<div><\/div>\n<div><\/div>\n<div><\/div>\n<div><\/div>\n<div><\/div>\n<div><\/div>\n","protected":false},"excerpt":{"rendered":"<p>Doublure 13 revues en polyester Rev\u00eatement Rev\u00eatement PU Palm Manchette Manchette en poignet Couleur disponible Noir, gris, blanc, vert, jaune, etc. Taille 7\u2019-11 \u2019(S, M, L, XL, XXL) Package 120 paires \/ ctn (44x25x22cm) Norme CE EN420: 2003 + A1: 2009 CE EN388: 2016 Application Travailleurs de construction, de route et de b\u00e2timent, logistique, m\u00e9canique, [&hellip;]<\/p>\n","protected":false},"featured_media":2284,"comment_status":"open","ping_status":"closed","template":"","meta":[],"product_brand":[],"product_cat":[46,55],"product_tag":[],"class_list":{"0":"post-2283","1":"product","2":"type-product","3":"status-publish","4":"has-post-thumbnail","6":"product_cat-equipement-de-protection-individuelles","7":"product_cat-protection-des-mains","9":"first","10":"instock","11":"taxable","12":"shipping-taxable","13":"product-type-simple"},"_links":{"self":[{"href":"https:\/\/saharatradings.com\/index.php\/wp-json\/wp\/v2\/product\/2283","targetHints":{"allow":["GET"]}}],"collection":[{"href":"https:\/\/saharatradings.com\/index.php\/wp-json\/wp\/v2\/product"}],"about":[{"href":"https:\/\/saharatradings.com\/index.php\/wp-json\/wp\/v2\/types\/product"}],"replies":[{"embeddable":true,"href":"https:\/\/saharatradings.com\/index.php\/wp-json\/wp\/v2\/comments?post=2283"}],"version-history":[{"count":0,"href":"https:\/\/saharatradings.com\/index.php\/wp-json\/wp\/v2\/product\/2283\/revisions"}],"wp:featuredmedia":[{"embeddable":true,"href":"https:\/\/saharatradings.com\/index.php\/wp-json\/wp\/v2\/media\/2284"}],"wp:attachment":[{"href":"https:\/\/saharatradings.com\/index.php\/wp-json\/wp\/v2\/media?parent=2283"}],"wp:term":[{"taxonomy":"product_brand","embeddable":true,"href":"https:\/\/saharatradings.com\/index.php\/wp-json\/wp\/v2\/product_brand?post=2283"},{"taxonomy":"product_cat","embeddable":true,"href":"https:\/\/saharatradings.com\/index.php\/wp-json\/wp\/v2\/product_cat?post=2283"},{"taxonomy":"product_tag","embeddable":true,"href":"https:\/\/saharatradings.com\/index.php\/wp-json\/wp\/v2\/product_tag?post=2283"}],"curies":[{"name":"wp","href":"https:\/\/api.w.org\/{rel}","templated":true}]}}