{"id":2280,"date":"2023-10-13T18:21:45","date_gmt":"2023-10-13T16:21:45","guid":{"rendered":"http:\/\/localhost\/saharatradings\/?post_type=product&#038;p=2280"},"modified":"2023-10-13T18:26:52","modified_gmt":"2023-10-13T16:26:52","slug":"gants-de-soudage-esab","status":"publish","type":"product","link":"https:\/\/saharatradings.com\/index.php\/produit\/gants-de-soudage-esab\/","title":{"rendered":"GANTS DE SOUDAGE ESAB"},"content":{"rendered":"<p>ESAB Welding Gloves<\/p>\n<p><strong>SKU: 0467222007<\/strong><\/p>\n<p><strong>\u00a0<\/strong><\/p>\n<p>Produit fabriqu\u00e9 en cuir fleur de vache noir et r\u00e9sistant, ces gants de soudage ESAB ont \u00e9t\u00e9 con\u00e7us pour r\u00e9sister aux fortes contraintes m\u00e9caniques. Avec une excellente flexibilit\u00e9, les coutures KEVLAR sont tr\u00e8s r\u00e9sistantes, m\u00eame dans les environnements de soudage les plus difficiles.<\/p>\n<p>&nbsp;<\/p>\n<p><strong>Caract\u00e9ristiques :<\/strong> Cuir de vachette r\u00e9sistant Paume renforc\u00e9e Motif de pouce ail\u00e9 Enti\u00e8rement doubl\u00e9 jusqu&rsquo;au poignet Haute dext\u00e9rit\u00e9 Coutures enti\u00e8rement passepoil\u00e9es Coutures en Kevlar [\u2026]<\/p>\n","protected":false},"excerpt":{"rendered":"<p>ESAB Welding Gloves SKU: 0467222007 \u00a0 Produit fabriqu\u00e9 en cuir fleur de vache noir et r\u00e9sistant, ces gants de soudage ESAB ont \u00e9t\u00e9 con\u00e7us pour r\u00e9sister aux fortes contraintes m\u00e9caniques. Avec une excellente flexibilit\u00e9, les coutures KEVLAR sont tr\u00e8s r\u00e9sistantes, m\u00eame dans les environnements de soudage les plus difficiles. &nbsp; Caract\u00e9ristiques : Cuir de vachette [&hellip;]<\/p>\n","protected":false},"featured_media":2281,"comment_status":"open","ping_status":"closed","template":"","meta":[],"product_brand":[],"product_cat":[46,55],"product_tag":[],"class_list":{"0":"post-2280","1":"product","2":"type-product","3":"status-publish","4":"has-post-thumbnail","6":"product_cat-equipement-de-protection-individuelles","7":"product_cat-protection-des-mains","9":"first","10":"instock","11":"taxable","12":"shipping-taxable","13":"product-type-simple"},"_links":{"self":[{"href":"https:\/\/saharatradings.com\/index.php\/wp-json\/wp\/v2\/product\/2280","targetHints":{"allow":["GET"]}}],"collection":[{"href":"https:\/\/saharatradings.com\/index.php\/wp-json\/wp\/v2\/product"}],"about":[{"href":"https:\/\/saharatradings.com\/index.php\/wp-json\/wp\/v2\/types\/product"}],"replies":[{"embeddable":true,"href":"https:\/\/saharatradings.com\/index.php\/wp-json\/wp\/v2\/comments?post=2280"}],"version-history":[{"count":0,"href":"https:\/\/saharatradings.com\/index.php\/wp-json\/wp\/v2\/product\/2280\/revisions"}],"wp:featuredmedia":[{"embeddable":true,"href":"https:\/\/saharatradings.com\/index.php\/wp-json\/wp\/v2\/media\/2281"}],"wp:attachment":[{"href":"https:\/\/saharatradings.com\/index.php\/wp-json\/wp\/v2\/media?parent=2280"}],"wp:term":[{"taxonomy":"product_brand","embeddable":true,"href":"https:\/\/saharatradings.com\/index.php\/wp-json\/wp\/v2\/product_brand?post=2280"},{"taxonomy":"product_cat","embeddable":true,"href":"https:\/\/saharatradings.com\/index.php\/wp-json\/wp\/v2\/product_cat?post=2280"},{"taxonomy":"product_tag","embeddable":true,"href":"https:\/\/saharatradings.com\/index.php\/wp-json\/wp\/v2\/product_tag?post=2280"}],"curies":[{"name":"wp","href":"https:\/\/api.w.org\/{rel}","templated":true}]}}