{"id":2266,"date":"2023-10-13T17:38:43","date_gmt":"2023-10-13T15:38:43","guid":{"rendered":"http:\/\/localhost\/saharatradings\/?post_type=product&#038;p=2266"},"modified":"2023-10-13T17:44:20","modified_gmt":"2023-10-13T15:44:20","slug":"pelicano-6pel200","status":"publish","type":"product","link":"https:\/\/saharatradings.com\/index.php\/produit\/pelicano-6pel200\/","title":{"rendered":"PELICANO &#8211; 6PEL200"},"content":{"rendered":"<p><strong><em>DESCRIPTION<\/em><\/strong><\/p>\n<p>Casque de s\u00e9curit\u00e9 PELICANO. Coiffe en polypropyl\u00e8ne, harnais en tissus 6 points d&rsquo;attache, r\u00e9glage par cr\u00e9maill\u00e8re de 55 \u00e0 62 cm, a\u00e9rations lat\u00e9rales r\u00e9glables, basane en mousse, jugulaire 2 point incluse<\/p>\n<p><strong>COULEUR :\u00a0<\/strong>Bleu<\/p>\n<p><strong>GAMME :\u00a0<\/strong>Protection du cr\u00e2ne<\/p>\n<p><strong>AVANTAGES :\u00a0<\/strong>Confort &#8211; A\u00e9ration lat\u00e9rale ajustable &#8211; Harnais tissu 6 points d&rsquo;attache Facilit\u00e9 d&rsquo;utilisation &#8211; R\u00e9glage par cr\u00e9maill\u00e8re de 55 \u00e0 62 cm &#8211; Fente lat\u00e9rale compatible pour coquilles anti-bruit (6MX3000NSI\/60750) Protection &#8211; Jugulaire 2 points incluse pour une plus grande stabilit\u00e9<\/p>\n<p><strong>SECTEURS INDUSTRIELS :\u00a0<\/strong>Industries extractives (p\u00e9trole; gas), Industries l\u00e9g\u00e8res (textile; cuir; plasturgie; caoutchouc; meubles; luxe\u2026), Industries lourdes et de process, Infrastructure; building industry<\/p>\n<p><strong>SOUS-FAMILLE :\u00a0<\/strong>Casque ventil\u00e9<\/p>\n<p><strong>CAT\u00c9GORIE EPI :\u00a0<\/strong>II<\/p>\n","protected":false},"excerpt":{"rendered":"<p>DESCRIPTION Casque de s\u00e9curit\u00e9 PELICANO. Coiffe en polypropyl\u00e8ne, harnais en tissus 6 points d&rsquo;attache, r\u00e9glage par cr\u00e9maill\u00e8re de 55 \u00e0 62 cm, a\u00e9rations lat\u00e9rales r\u00e9glables, basane en mousse, jugulaire 2 point incluse COULEUR :\u00a0Bleu GAMME :\u00a0Protection du cr\u00e2ne AVANTAGES :\u00a0Confort &#8211; A\u00e9ration lat\u00e9rale ajustable &#8211; Harnais tissu 6 points d&rsquo;attache Facilit\u00e9 d&rsquo;utilisation &#8211; R\u00e9glage par [&hellip;]<\/p>\n","protected":false},"featured_media":2267,"comment_status":"open","ping_status":"closed","template":"","meta":[],"product_brand":[],"product_cat":[46,54],"product_tag":[],"class_list":{"0":"post-2266","1":"product","2":"type-product","3":"status-publish","4":"has-post-thumbnail","6":"product_cat-equipement-de-protection-individuelles","7":"product_cat-protection-de-la-tete","9":"first","10":"instock","11":"taxable","12":"shipping-taxable","13":"product-type-simple"},"_links":{"self":[{"href":"https:\/\/saharatradings.com\/index.php\/wp-json\/wp\/v2\/product\/2266","targetHints":{"allow":["GET"]}}],"collection":[{"href":"https:\/\/saharatradings.com\/index.php\/wp-json\/wp\/v2\/product"}],"about":[{"href":"https:\/\/saharatradings.com\/index.php\/wp-json\/wp\/v2\/types\/product"}],"replies":[{"embeddable":true,"href":"https:\/\/saharatradings.com\/index.php\/wp-json\/wp\/v2\/comments?post=2266"}],"version-history":[{"count":0,"href":"https:\/\/saharatradings.com\/index.php\/wp-json\/wp\/v2\/product\/2266\/revisions"}],"wp:featuredmedia":[{"embeddable":true,"href":"https:\/\/saharatradings.com\/index.php\/wp-json\/wp\/v2\/media\/2267"}],"wp:attachment":[{"href":"https:\/\/saharatradings.com\/index.php\/wp-json\/wp\/v2\/media?parent=2266"}],"wp:term":[{"taxonomy":"product_brand","embeddable":true,"href":"https:\/\/saharatradings.com\/index.php\/wp-json\/wp\/v2\/product_brand?post=2266"},{"taxonomy":"product_cat","embeddable":true,"href":"https:\/\/saharatradings.com\/index.php\/wp-json\/wp\/v2\/product_cat?post=2266"},{"taxonomy":"product_tag","embeddable":true,"href":"https:\/\/saharatradings.com\/index.php\/wp-json\/wp\/v2\/product_tag?post=2266"}],"curies":[{"name":"wp","href":"https:\/\/api.w.org\/{rel}","templated":true}]}}