{"id":2252,"date":"2023-10-13T17:19:48","date_gmt":"2023-10-13T15:19:48","guid":{"rendered":"http:\/\/localhost\/saharatradings\/?post_type=product&#038;p=2252"},"modified":"2023-10-13T17:32:13","modified_gmt":"2023-10-13T15:32:13","slug":"safetoe-w-036","status":"publish","type":"product","link":"https:\/\/saharatradings.com\/index.php\/produit\/safetoe-w-036\/","title":{"rendered":"SAFETOE W-036"},"content":{"rendered":"<table width=\"525\">\n<tbody>\n<tr>\n<td width=\"106\">Coquille<\/td>\n<td width=\"419\">Mat\u00e9riau HDPE ou ABS haute densit\u00e9<\/td>\n<\/tr>\n<tr>\n<td width=\"106\">Hoop de t\u00eate<\/td>\n<td width=\"419\">Ruban \u00e0 fibre souple avec fixation \u00e0 6 points<\/td>\n<\/tr>\n<tr>\n<td width=\"106\">\u00a0Bouton<\/td>\n<td width=\"419\">Bouton rotatif r\u00e9glable<\/td>\n<\/tr>\n<tr>\n<td width=\"106\">Bandeau<\/td>\n<td width=\"419\">Tissu amovible et lavable<\/td>\n<\/tr>\n<tr>\n<td width=\"106\">Bande de menton<\/td>\n<td width=\"419\">Nylon r\u00e9glable et amovible<\/td>\n<\/tr>\n<tr>\n<td width=\"106\">R\u00e9fl\u00e9chissant<\/td>\n<td width=\"419\">Nouveau dessin r\u00e9fl\u00e9chissant pour les lieux de travail sombres<\/td>\n<\/tr>\n<tr>\n<td width=\"106\">Norme<\/td>\n<td width=\"419\">CE EN397: 2012 + A1: 2012 \/\u00a0ANSI \/ ISEA Z89.1-2014 Type I Classe C<\/td>\n<\/tr>\n<\/tbody>\n<\/table>\n","protected":false},"excerpt":{"rendered":"<p>Coquille Mat\u00e9riau HDPE ou ABS haute densit\u00e9 Hoop de t\u00eate Ruban \u00e0 fibre souple avec fixation \u00e0 6 points \u00a0Bouton Bouton rotatif r\u00e9glable Bandeau Tissu amovible et lavable Bande de menton Nylon r\u00e9glable et amovible R\u00e9fl\u00e9chissant Nouveau dessin r\u00e9fl\u00e9chissant pour les lieux de travail sombres Norme CE EN397: 2012 + A1: 2012 \/\u00a0ANSI \/ ISEA [&hellip;]<\/p>\n","protected":false},"featured_media":2253,"comment_status":"open","ping_status":"closed","template":"","meta":[],"product_brand":[],"product_cat":[46,54],"product_tag":[],"class_list":{"0":"post-2252","1":"product","2":"type-product","3":"status-publish","4":"has-post-thumbnail","6":"product_cat-equipement-de-protection-individuelles","7":"product_cat-protection-de-la-tete","9":"first","10":"instock","11":"taxable","12":"shipping-taxable","13":"product-type-simple"},"_links":{"self":[{"href":"https:\/\/saharatradings.com\/index.php\/wp-json\/wp\/v2\/product\/2252","targetHints":{"allow":["GET"]}}],"collection":[{"href":"https:\/\/saharatradings.com\/index.php\/wp-json\/wp\/v2\/product"}],"about":[{"href":"https:\/\/saharatradings.com\/index.php\/wp-json\/wp\/v2\/types\/product"}],"replies":[{"embeddable":true,"href":"https:\/\/saharatradings.com\/index.php\/wp-json\/wp\/v2\/comments?post=2252"}],"version-history":[{"count":1,"href":"https:\/\/saharatradings.com\/index.php\/wp-json\/wp\/v2\/product\/2252\/revisions"}],"predecessor-version":[{"id":2265,"href":"https:\/\/saharatradings.com\/index.php\/wp-json\/wp\/v2\/product\/2252\/revisions\/2265"}],"wp:featuredmedia":[{"embeddable":true,"href":"https:\/\/saharatradings.com\/index.php\/wp-json\/wp\/v2\/media\/2253"}],"wp:attachment":[{"href":"https:\/\/saharatradings.com\/index.php\/wp-json\/wp\/v2\/media?parent=2252"}],"wp:term":[{"taxonomy":"product_brand","embeddable":true,"href":"https:\/\/saharatradings.com\/index.php\/wp-json\/wp\/v2\/product_brand?post=2252"},{"taxonomy":"product_cat","embeddable":true,"href":"https:\/\/saharatradings.com\/index.php\/wp-json\/wp\/v2\/product_cat?post=2252"},{"taxonomy":"product_tag","embeddable":true,"href":"https:\/\/saharatradings.com\/index.php\/wp-json\/wp\/v2\/product_tag?post=2252"}],"curies":[{"name":"wp","href":"https:\/\/api.w.org\/{rel}","templated":true}]}}