{"id":2248,"date":"2023-10-13T17:11:09","date_gmt":"2023-10-13T15:11:09","guid":{"rendered":"http:\/\/localhost\/saharatradings\/?post_type=product&#038;p=2248"},"modified":"2023-10-13T17:14:38","modified_gmt":"2023-10-13T15:14:38","slug":"safetoe-sa-7-5","status":"publish","type":"product","link":"https:\/\/saharatradings.com\/index.php\/produit\/safetoe-sa-7-5\/","title":{"rendered":"SAFETOE SA-7-5"},"content":{"rendered":"<table width=\"1068\">\n<tbody>\n<tr>\n<td width=\"150\">Mat\u00e9riel<\/td>\n<td width=\"918\">Mousse de polyurethane<\/td>\n<\/tr>\n<tr>\n<td width=\"150\">\u00a0Forme<\/td>\n<td width=\"918\">Forme de balle<\/td>\n<\/tr>\n<tr>\n<td width=\"150\">Cha\u00eene de caract\u00e8res<\/td>\n<td width=\"918\">Disponible pour la cha\u00eene en plastique<\/td>\n<\/tr>\n<tr>\n<td width=\"150\">Couleur disponible<\/td>\n<td width=\"918\">Orange, jaune, rouge, bleu, etc.<\/td>\n<\/tr>\n<tr>\n<td width=\"150\">Preuve sonore<\/td>\n<td width=\"918\">SNR 38db<\/td>\n<\/tr>\n<tr>\n<td rowspan=\"2\" width=\"150\">Norme<\/td>\n<td width=\"918\">CE EN352-1: 2002.<\/td>\n<\/tr>\n<tr>\n<td width=\"918\">ANSI S3.19-1974<\/td>\n<\/tr>\n<tr>\n<td width=\"150\">Application<\/td>\n<td width=\"918\">Construction, ouvriers de la route et du b\u00e2timent, des travailleurs des for\u00eats et du bois, l&rsquo;exploitation mini\u00e8re, la m\u00e9canique, l&rsquo;atelier d&rsquo;usine, le tir, le sommeil\u00a0etc<\/td>\n<\/tr>\n<tr>\n<td><\/td>\n<td><\/td>\n<\/tr>\n<tr>\n<td colspan=\"2\" width=\"1068\">Instruction des utilisateurs:<\/p>\n<p>1.) Instructions d&rsquo;adaptation \uff1a<\/p>\n<p>\u26ab D\u00e9placez vos cheveux \u00e0 l&rsquo;\u00e9cart pour obtenir un bon sceau entre le bouchon d&rsquo;oreille et votre t\u00eate. Retirez les boucles d&rsquo;oreilles si elles interf\u00e8rent avec le sceau des bouchons d&rsquo;oreille contre votre t\u00eate.<\/p>\n<p>\u26ab Appuyez sur le bouchon d&rsquo;oreille plus petit avant de le pousser \u00e0 l&rsquo;int\u00e9rieur de votre oreille. Tenez-le environ 3-5 secondes.<\/p>\n<p>\u26ab Le bouchon d&rsquo;oreille rebondra lentement et remplira votre oreille. Il faudra environ 5 \u00e0 10 secondes, peut-\u00eatre plus de temps \u00e0 r\u00e9aliser la temp\u00e9rature autour de vous.<\/p>\n<p>\u26ab V\u00e9rifiez l&rsquo;ajustement en parlant \u00e0 haute voix. Votre voix doit sembler couverte, comme si vous parliez dans un baril. Les bruits autour de vous ne devraient pas sembler aussi forts qu&rsquo;ils l&rsquo;ont fait avant de mettre le bouchon d&rsquo;oreille.<\/p>\n<p>2.) L&rsquo;utilisateur doit s&rsquo;assurer:<\/p>\n<p>\u26ab Les bouchons d&rsquo;oreille sont install\u00e9s, ajust\u00e9s et entretenus conform\u00e9ment aux instructions du fabricant<\/p>\n<p>\u26ab Les bouchons d&rsquo;oreille sont port\u00e9s en tout temps dans un environnement bruyant<\/p>\n<p>\u26ab Les bouchons d&rsquo;oreille sont r\u00e9guli\u00e8rement inspect\u00e9s pour la facilit\u00e9 de service<\/p>\n<p>3.) Dur\u00e9e de vie<\/p>\n<p>On peut s&rsquo;attendre \u00e0 ce que le bouchon d&rsquo;oreille de s\u00e9curit\u00e9 reste en service pendant 3 ans ou plus, lorsqu&rsquo;il n&rsquo;est pas endommag\u00e9 lors de l&rsquo;utilisation.<\/p>\n<p>4.) Nettoyage et d\u00e9sinfection<\/p>\n<p>Les bouchons d&rsquo;oreille de s\u00e9curit\u00e9 sont utilis\u00e9s. N&rsquo;utilisez pas de peintures, de solvants, de produits chimiques, d&rsquo;adh\u00e9sifs, d&rsquo;essence ou de substances similaires sur ce bouchon d&rsquo;oreille. La r\u00e9sistance \u00e0 la protection auditive et d&rsquo;autres propri\u00e9t\u00e9s protectrices du bouchon d&rsquo;oreille peuvent \u00eatre d\u00e9truites par de telles substances. La perte de ces propri\u00e9t\u00e9s de protection peut ne pas \u00eatre apparente ou facilement d\u00e9tectable par l&rsquo;utilisateur.<\/p>\n<p>5.) Stockage<\/p>\n<p>Conservez le bouchon d&rsquo;oreille dans un endroit frais, sec et propre \u00e0 partir de la lumi\u00e8re directe du soleil. \u00c9vitez la zone o\u00f9 la chaleur, l&rsquo;humidit\u00e9, la lumi\u00e8re, l&rsquo;huile ou leurs vapeurs ou d&rsquo;autres \u00e9l\u00e9ments d\u00e9gradants peuvent \u00eatre pr\u00e9sents.<\/td>\n<\/tr>\n<\/tbody>\n<\/table>\n","protected":false},"excerpt":{"rendered":"<p>Mat\u00e9riel Mousse de polyurethane \u00a0Forme Forme de balle Cha\u00eene de caract\u00e8res Disponible pour la cha\u00eene en plastique Couleur disponible Orange, jaune, rouge, bleu, etc. Preuve sonore SNR 38db Norme CE EN352-1: 2002. ANSI S3.19-1974 Application Construction, ouvriers de la route et du b\u00e2timent, des travailleurs des for\u00eats et du bois, l&rsquo;exploitation mini\u00e8re, la m\u00e9canique, l&rsquo;atelier [&hellip;]<\/p>\n","protected":false},"featured_media":2249,"comment_status":"open","ping_status":"closed","template":"","meta":[],"product_brand":[],"product_cat":[46,53],"product_tag":[],"class_list":{"0":"post-2248","1":"product","2":"type-product","3":"status-publish","4":"has-post-thumbnail","6":"product_cat-equipement-de-protection-individuelles","7":"product_cat-protection-auditive","9":"first","10":"instock","11":"taxable","12":"shipping-taxable","13":"product-type-simple"},"_links":{"self":[{"href":"https:\/\/saharatradings.com\/index.php\/wp-json\/wp\/v2\/product\/2248","targetHints":{"allow":["GET"]}}],"collection":[{"href":"https:\/\/saharatradings.com\/index.php\/wp-json\/wp\/v2\/product"}],"about":[{"href":"https:\/\/saharatradings.com\/index.php\/wp-json\/wp\/v2\/types\/product"}],"replies":[{"embeddable":true,"href":"https:\/\/saharatradings.com\/index.php\/wp-json\/wp\/v2\/comments?post=2248"}],"version-history":[{"count":0,"href":"https:\/\/saharatradings.com\/index.php\/wp-json\/wp\/v2\/product\/2248\/revisions"}],"wp:featuredmedia":[{"embeddable":true,"href":"https:\/\/saharatradings.com\/index.php\/wp-json\/wp\/v2\/media\/2249"}],"wp:attachment":[{"href":"https:\/\/saharatradings.com\/index.php\/wp-json\/wp\/v2\/media?parent=2248"}],"wp:term":[{"taxonomy":"product_brand","embeddable":true,"href":"https:\/\/saharatradings.com\/index.php\/wp-json\/wp\/v2\/product_brand?post=2248"},{"taxonomy":"product_cat","embeddable":true,"href":"https:\/\/saharatradings.com\/index.php\/wp-json\/wp\/v2\/product_cat?post=2248"},{"taxonomy":"product_tag","embeddable":true,"href":"https:\/\/saharatradings.com\/index.php\/wp-json\/wp\/v2\/product_tag?post=2248"}],"curies":[{"name":"wp","href":"https:\/\/api.w.org\/{rel}","templated":true}]}}