{"id":2243,"date":"2023-10-13T17:02:49","date_gmt":"2023-10-13T15:02:49","guid":{"rendered":"http:\/\/localhost\/saharatradings\/?post_type=product&#038;p=2243"},"modified":"2023-10-13T17:06:31","modified_gmt":"2023-10-13T15:06:31","slug":"cache-oreilles-anti-bruit-e-2023a","status":"publish","type":"product","link":"https:\/\/saharatradings.com\/index.php\/produit\/cache-oreilles-anti-bruit-e-2023a\/","title":{"rendered":"CACHE OREILLES ANTI-BRUIT E-2023A"},"content":{"rendered":"<table width=\"753\">\n<tbody>\n<tr>\n<td width=\"98\">\u00a0Coquille<\/td>\n<td width=\"655\">Mat\u00e9riau ABS haute densit\u00e9<\/td>\n<\/tr>\n<tr>\n<td width=\"98\">Bandeau<\/td>\n<td width=\"655\">Mat\u00e9riau ABS tr\u00e8s r\u00e9sistant<\/td>\n<\/tr>\n<tr>\n<td width=\"98\">\u00c9ponge<\/td>\n<td width=\"655\">\u00c9ponge en mousse insonorisante<\/td>\n<\/tr>\n<tr>\n<td width=\"98\">\u00a0\u00a0Concevoir<\/td>\n<td width=\"655\">R\u00e9glage facile du gobelet coulissant<\/td>\n<\/tr>\n<tr>\n<td width=\"98\">Couleur disponible<\/td>\n<td width=\"655\">Noir, rouge, bleu, orange, jaune etc.<\/td>\n<\/tr>\n<tr>\n<td width=\"98\">\u00a0Insonorisation<\/td>\n<td width=\"655\">NRR 28dB, SNR 33dB<\/td>\n<\/tr>\n<tr>\n<td width=\"98\">Norme<\/td>\n<td width=\"655\">CE EN352-1:2002\/CE EN352-3:2002<\/td>\n<\/tr>\n<tr>\n<td width=\"98\">Candidature<\/td>\n<td width=\"655\">Travailleurs de la construction, de la route et du b\u00e2timent, travailleurs de la for\u00eat et du bois, exploitation mini\u00e8re, m\u00e9canique, atelier d&rsquo;usine, soutien au sol, chasse, champ de tir, \u00e9v\u00e9nements sportifs, concerts, entra\u00eenement de musique, etc.<\/td>\n<\/tr>\n<tr>\n<td><\/td>\n<td><\/td>\n<\/tr>\n<tr>\n<td colspan=\"2\" width=\"753\">Instruction d&rsquo;utilisateurs :<\/p>\n<p>1.) INSTRUCTIONS DE MONTAGE\uff1a<\/p>\n<p>\u26ab\u00a0 \u00c9loignez vos cheveux pour obtenir une bonne \u00e9tanch\u00e9it\u00e9 entre les coussinets du casque anti-bruit et votre t\u00eate.Retirez les boucles d&rsquo;oreilles si elles interf\u00e8rent avec le joint du coussin contre votre t\u00eate.<\/p>\n<p>\u26ab Appuyez sur les bonnets vers l&rsquo;int\u00e9rieur jusqu&rsquo;\u00e0 ce qu&rsquo;ils s&rsquo;enclenchent autour des oreilles.Centrez ensuite les oreillettes sur les deux oreilles.<\/p>\n<p>\u26ab Faites glisser les oreillettes vers le haut ou vers le bas pour trouver la position o\u00f9 les oreillettes couvrent compl\u00e8tement vos oreilles.Lorsqu&rsquo;elles sont correctement install\u00e9es et ajust\u00e9es, les coques ne doivent pas toucher la coque du harnais ou l&rsquo;entourage de la visi\u00e8re.<\/p>\n<p>\u26ab V\u00e9rifiez l&rsquo;ajustement en parlant \u00e0 haute voix.Votre voix doit sonner creux, comme si vous parliez dans un tonneau.Les bruits autour de vous ne doivent pas \u00eatre aussi forts qu&rsquo;avant que vous ne mettiez les manchons.<\/p>\n<p>2.) L&rsquo;UTILISATEUR DOIT S&rsquo;ASSURER :<\/p>\n<p>\u26ab Les casques anti-bruit sont ajust\u00e9s, ajust\u00e9s et entretenus conform\u00e9ment aux instructions du fabricant<\/p>\n<p>\u26ab Les cache-oreilles sont port\u00e9s en permanence dans un environnement bruyant<\/p>\n<p>\u26ab les coquilles anti-bruit sont r\u00e9guli\u00e8rement inspect\u00e9es pour v\u00e9rifier leur \u00e9tat de fonctionnement<\/p>\n<p>3.) DUR\u00c9E DE VIE<\/p>\n<p>On peut s&rsquo;attendre \u00e0 ce que le casque antibruit de s\u00e9curit\u00e9 reste en service pendant 3 ans ou plus, lorsqu&rsquo;il n&rsquo;est pas endommag\u00e9 pendant l&rsquo;utilisation.<\/p>\n<p>4.) NETTOYAGE ET D\u00c9SINFECTION<\/p>\n<p>Nettoyez le prot\u00e8ge-oreilles avec un savon doux et de l&rsquo;eau ti\u00e8de.N&rsquo;utilisez pas de peintures, de solvants, de produits chimiques, d&rsquo;adh\u00e9sifs, d&rsquo;essence ou de substances similaires sur ce casque antibruit.La r\u00e9sistance aux chocs et les autres propri\u00e9t\u00e9s de protection du casque antibruit peuvent \u00eatre d\u00e9truites par de telles substances.La perte de ces propri\u00e9t\u00e9s protectrices peut ne pas \u00eatre apparente ou facilement d\u00e9tectable par l&rsquo;utilisateur.Apr\u00e8s chaque utilisation, une d\u00e9sinfection doit \u00eatre effectu\u00e9e et l&rsquo;utilisation d&rsquo;agents qui ne sont pas connus pour \u00eatre nocifs pour le casque antibruit.<\/p>\n<p>5.) STOCKAGE<\/p>\n<p>Rangez le casque antibruit dans un endroit frais, sec et propre, \u00e0 l&rsquo;abri de la lumi\u00e8re directe du soleil.\u00c9vitez les endroits o\u00f9 la chaleur, l&rsquo;humidit\u00e9, la lumi\u00e8re, l&rsquo;huile ou leurs vapeurs ou d&rsquo;autres \u00e9l\u00e9ments d\u00e9gradants peuvent \u00eatre pr\u00e9sents.<\/td>\n<\/tr>\n<\/tbody>\n<\/table>\n","protected":false},"excerpt":{"rendered":"<p>\u00a0Coquille Mat\u00e9riau ABS haute densit\u00e9 Bandeau Mat\u00e9riau ABS tr\u00e8s r\u00e9sistant \u00c9ponge \u00c9ponge en mousse insonorisante \u00a0\u00a0Concevoir R\u00e9glage facile du gobelet coulissant Couleur disponible Noir, rouge, bleu, orange, jaune etc. \u00a0Insonorisation NRR 28dB, SNR 33dB Norme CE EN352-1:2002\/CE EN352-3:2002 Candidature Travailleurs de la construction, de la route et du b\u00e2timent, travailleurs de la for\u00eat et du [&hellip;]<\/p>\n","protected":false},"featured_media":2244,"comment_status":"open","ping_status":"closed","template":"","meta":[],"product_brand":[],"product_cat":[46,53],"product_tag":[],"class_list":{"0":"post-2243","1":"product","2":"type-product","3":"status-publish","4":"has-post-thumbnail","6":"product_cat-equipement-de-protection-individuelles","7":"product_cat-protection-auditive","9":"first","10":"instock","11":"taxable","12":"shipping-taxable","13":"product-type-simple"},"_links":{"self":[{"href":"https:\/\/saharatradings.com\/index.php\/wp-json\/wp\/v2\/product\/2243","targetHints":{"allow":["GET"]}}],"collection":[{"href":"https:\/\/saharatradings.com\/index.php\/wp-json\/wp\/v2\/product"}],"about":[{"href":"https:\/\/saharatradings.com\/index.php\/wp-json\/wp\/v2\/types\/product"}],"replies":[{"embeddable":true,"href":"https:\/\/saharatradings.com\/index.php\/wp-json\/wp\/v2\/comments?post=2243"}],"version-history":[{"count":0,"href":"https:\/\/saharatradings.com\/index.php\/wp-json\/wp\/v2\/product\/2243\/revisions"}],"wp:featuredmedia":[{"embeddable":true,"href":"https:\/\/saharatradings.com\/index.php\/wp-json\/wp\/v2\/media\/2244"}],"wp:attachment":[{"href":"https:\/\/saharatradings.com\/index.php\/wp-json\/wp\/v2\/media?parent=2243"}],"wp:term":[{"taxonomy":"product_brand","embeddable":true,"href":"https:\/\/saharatradings.com\/index.php\/wp-json\/wp\/v2\/product_brand?post=2243"},{"taxonomy":"product_cat","embeddable":true,"href":"https:\/\/saharatradings.com\/index.php\/wp-json\/wp\/v2\/product_cat?post=2243"},{"taxonomy":"product_tag","embeddable":true,"href":"https:\/\/saharatradings.com\/index.php\/wp-json\/wp\/v2\/product_tag?post=2243"}],"curies":[{"name":"wp","href":"https:\/\/api.w.org\/{rel}","templated":true}]}}