{"id":2241,"date":"2023-10-13T16:56:39","date_gmt":"2023-10-13T14:56:39","guid":{"rendered":"http:\/\/localhost\/saharatradings\/?post_type=product&#038;p=2241"},"modified":"2023-10-13T17:00:59","modified_gmt":"2023-10-13T15:00:59","slug":"safetoe-e-2008b","status":"publish","type":"product","link":"https:\/\/saharatradings.com\/index.php\/produit\/safetoe-e-2008b\/","title":{"rendered":"SAFETOE E-2008B"},"content":{"rendered":"<table width=\"824\">\n<tbody>\n<tr>\n<td width=\"112\">Coquille:<\/td>\n<td width=\"712\">Mat\u00e9riau ABS \u00e0 haute densit\u00e9<\/td>\n<\/tr>\n<tr>\n<td width=\"112\">Bandeau<\/td>\n<td width=\"712\">Mat\u00e9riel d&rsquo;abs et absence<\/td>\n<\/tr>\n<tr>\n<td width=\"112\">\u00c9ponge<\/td>\n<td width=\"712\">Sound absorbant Sponge<\/td>\n<\/tr>\n<tr>\n<td width=\"112\">Concevoir<\/td>\n<td width=\"712\">R\u00e9glage de la glissi\u00e8re facile<\/td>\n<\/tr>\n<tr>\n<td width=\"112\">Couleur disponible<\/td>\n<td width=\"712\">Noir, rouge, bleu, orange, jaune, etc.<\/td>\n<\/tr>\n<tr>\n<td width=\"112\">Preuve sonore<\/td>\n<td width=\"712\">NRR 25DB, SNR 27DB<\/td>\n<\/tr>\n<tr>\n<td rowspan=\"2\" width=\"112\">Norme<\/td>\n<td width=\"712\">CE EN352-1: 2002 \/ CE EN352-3: 2002<\/td>\n<\/tr>\n<tr>\n<td width=\"712\">ANSI S3.19-1974<\/td>\n<\/tr>\n<tr>\n<td width=\"112\">Application<\/td>\n<td width=\"712\">Construction, ouvriers de la route et du b\u00e2timent, des travailleurs des for\u00eats et du bois, l&rsquo;exploitation mini\u00e8re, la m\u00e9canique, l&rsquo;atelier d&rsquo;usine, la prise de vue\u00a0etc<\/td>\n<\/tr>\n<tr>\n<td><\/td>\n<td><\/td>\n<\/tr>\n<tr>\n<td colspan=\"2\" width=\"824\">Instruction des utilisateurs:<\/p>\n<p>1.) Instructions d&rsquo;adaptation \uff1a<\/p>\n<p>\u26ab D\u00e9placez vos cheveux \u00e0 l&rsquo;\u00e9cart pour obtenir un bon sceau entre les coussins du muff d&rsquo;oreille et votre t\u00eate. Retirez les boucles d&rsquo;oreilles si elles interf\u00e8rent avec le sceau du coussin contre votre t\u00eate.<\/p>\n<p>\u26ab Appuyez sur les tasses vers l&rsquo;int\u00e9rieur jusqu&rsquo;\u00e0 ce qu&rsquo;elles se pr\u00e9cipitent autour des oreilles. Centre ensuite les oreilles sur les deux oreilles.<\/p>\n<p>\u26ab Faites glisser les oreillettes vers le haut ou vers le bas pour trouver la position o\u00f9 les oreillettes couvrent compl\u00e8tement vos oreilles. Lorsqu&rsquo;elles sont correctement install\u00e9es et ajust\u00e9es, les tasses ne doivent pas toucher la coque de casque ou l&rsquo;entourage de la visi\u00e8re.<\/p>\n<p>\u26ab V\u00e9rifiez l&rsquo;ajustement en parlant \u00e0 haute voix. Votre voix doit sembler couverte, comme si vous parliez dans un baril. Les bruits autour de vous ne devraient pas sembler aussi forts qu&rsquo;ils l&rsquo;ont fait avant de mettre les muffs.<\/p>\n<p>2.) L&rsquo;utilisateur doit s&rsquo;assurer:<\/p>\n<p>\u26ab Les massins d&rsquo;oreille sont ajust\u00e9s, ajust\u00e9s et entretenus conform\u00e9ment aux instructions du fabricant<\/p>\n<p>\u26ab Les massins d&rsquo;oreille sont port\u00e9s en tout temps dans un environnement bruyant<\/p>\n<p>\u26ab Les massins d&rsquo;oreille sont r\u00e9guli\u00e8rement inspect\u00e9s pour la facilit\u00e9 de service<\/p>\n<p>3.) Dur\u00e9e de vie<\/p>\n<p>On peut s&rsquo;attendre \u00e0 ce que l&rsquo;oreille de s\u00e9curit\u00e9 reste en service pendant 3 ans ou plus, lorsqu&rsquo;elle n&rsquo;est pas endommag\u00e9e pendant l&rsquo;utilisation.<\/p>\n<p>4.) Nettoyage et d\u00e9sinfection<\/p>\n<p>Nettoyez les oreilles avec du savon doux et de l&rsquo;eau ti\u00e8de. N&rsquo;utilisez pas de peintures, de solvants, de produits chimiques, d&rsquo;adh\u00e9sifs, d&rsquo;essence ou de substances comme des oreilles. La r\u00e9sistance \u00e0 l&rsquo;impact et d&rsquo;autres propri\u00e9t\u00e9s protectrices des oreilles peuvent \u00eatre d\u00e9truites par de telles substances. La perte de ces propri\u00e9t\u00e9s de protection peut ne pas \u00eatre apparente ou facilement d\u00e9tectable par l&rsquo;utilisateur. Apr\u00e8s chaque utilisation, la d\u00e9sinfection doit \u00eatre effectu\u00e9e et l&rsquo;utilisation d&rsquo;agents qui ne sont pas connus pour \u00eatre nocifs pour les oreilles.<\/p>\n<p>5.) Stockage<\/p>\n<p>Conservez les oreilles dans un endroit frais, sec et propre \u00e0 partir de la lumi\u00e8re directe du soleil. \u00c9vitez la zone o\u00f9 la chaleur, l&rsquo;humidit\u00e9, la lumi\u00e8re, l&rsquo;huile ou leurs vapeurs ou d&rsquo;autres \u00e9l\u00e9ments d\u00e9gradants peuvent \u00eatre pr\u00e9sents.<\/td>\n<\/tr>\n<\/tbody>\n<\/table>\n","protected":false},"excerpt":{"rendered":"<p>Coquille: Mat\u00e9riau ABS \u00e0 haute densit\u00e9 Bandeau Mat\u00e9riel d&rsquo;abs et absence \u00c9ponge Sound absorbant Sponge Concevoir R\u00e9glage de la glissi\u00e8re facile Couleur disponible Noir, rouge, bleu, orange, jaune, etc. Preuve sonore NRR 25DB, SNR 27DB Norme CE EN352-1: 2002 \/ CE EN352-3: 2002 ANSI S3.19-1974 Application Construction, ouvriers de la route et du b\u00e2timent, des [&hellip;]<\/p>\n","protected":false},"featured_media":2242,"comment_status":"open","ping_status":"closed","template":"","meta":[],"product_brand":[],"product_cat":[46,53],"product_tag":[],"class_list":{"0":"post-2241","1":"product","2":"type-product","3":"status-publish","4":"has-post-thumbnail","6":"product_cat-equipement-de-protection-individuelles","7":"product_cat-protection-auditive","9":"first","10":"instock","11":"taxable","12":"shipping-taxable","13":"product-type-simple"},"_links":{"self":[{"href":"https:\/\/saharatradings.com\/index.php\/wp-json\/wp\/v2\/product\/2241","targetHints":{"allow":["GET"]}}],"collection":[{"href":"https:\/\/saharatradings.com\/index.php\/wp-json\/wp\/v2\/product"}],"about":[{"href":"https:\/\/saharatradings.com\/index.php\/wp-json\/wp\/v2\/types\/product"}],"replies":[{"embeddable":true,"href":"https:\/\/saharatradings.com\/index.php\/wp-json\/wp\/v2\/comments?post=2241"}],"version-history":[{"count":0,"href":"https:\/\/saharatradings.com\/index.php\/wp-json\/wp\/v2\/product\/2241\/revisions"}],"wp:featuredmedia":[{"embeddable":true,"href":"https:\/\/saharatradings.com\/index.php\/wp-json\/wp\/v2\/media\/2242"}],"wp:attachment":[{"href":"https:\/\/saharatradings.com\/index.php\/wp-json\/wp\/v2\/media?parent=2241"}],"wp:term":[{"taxonomy":"product_brand","embeddable":true,"href":"https:\/\/saharatradings.com\/index.php\/wp-json\/wp\/v2\/product_brand?post=2241"},{"taxonomy":"product_cat","embeddable":true,"href":"https:\/\/saharatradings.com\/index.php\/wp-json\/wp\/v2\/product_cat?post=2241"},{"taxonomy":"product_tag","embeddable":true,"href":"https:\/\/saharatradings.com\/index.php\/wp-json\/wp\/v2\/product_tag?post=2241"}],"curies":[{"name":"wp","href":"https:\/\/api.w.org\/{rel}","templated":true}]}}