{"id":2236,"date":"2023-10-13T15:54:52","date_gmt":"2023-10-13T13:54:52","guid":{"rendered":"http:\/\/localhost\/saharatradings\/?post_type=product&#038;p=2236"},"modified":"2023-10-13T16:29:55","modified_gmt":"2023-10-13T14:29:55","slug":"reglette-a-led-simple-de-2ft-elexity-10w-1-200lm-230v","status":"publish","type":"product","link":"https:\/\/saharatradings.com\/index.php\/produit\/reglette-a-led-simple-de-2ft-elexity-10w-1-200lm-230v\/","title":{"rendered":"R\u00e9glette \u00e0 LED simple de 2ft Elexity 10W 1 200lm 230V"},"content":{"rendered":"<p>R\u00e9f\u00e9rence de produit 597TJ<\/p>\n<p>&nbsp;<\/p>\n<p>Gr\u00e2ce \u00e0 la technologie LED, vous \u00e9conomisez de l\u2019\u00e9nergie par rapport aux technologies traditionnelles. Les r\u00e9glettes \u00e9tanches LED sont parfaitement adapt\u00e9es pour une installation en milieux humides.<\/p>\n<ul>\n<li>IP65\u00a0: Pour une utilisation en int\u00e9rieur et en ext\u00e9rieur<\/li>\n<li>Lumi\u00e8re du jour<\/li>\n<li>1\u00a0200lm<\/li>\n<li>Corps en ABS<\/li>\n<li>Diffuseur en polycarbonate<\/li>\n<li>Dur\u00e9e de vie jusqu&rsquo;\u00e0 30 000 heures<\/li>\n<\/ul>\n","protected":false},"excerpt":{"rendered":"<p>R\u00e9f\u00e9rence de produit 597TJ &nbsp; Gr\u00e2ce \u00e0 la technologie LED, vous \u00e9conomisez de l\u2019\u00e9nergie par rapport aux technologies traditionnelles. Les r\u00e9glettes \u00e9tanches LED sont parfaitement adapt\u00e9es pour une installation en milieux humides. IP65\u00a0: Pour une utilisation en int\u00e9rieur et en ext\u00e9rieur Lumi\u00e8re du jour 1\u00a0200lm Corps en ABS Diffuseur en polycarbonate Dur\u00e9e de vie jusqu&rsquo;\u00e0 [&hellip;]<\/p>\n","protected":false},"featured_media":2237,"comment_status":"open","ping_status":"closed","template":"","meta":[],"product_brand":[],"product_cat":[45,52],"product_tag":[],"class_list":{"0":"post-2236","1":"product","2":"type-product","3":"status-publish","4":"has-post-thumbnail","6":"product_cat-electricite","7":"product_cat-reglettes","9":"first","10":"instock","11":"taxable","12":"shipping-taxable","13":"product-type-simple"},"_links":{"self":[{"href":"https:\/\/saharatradings.com\/index.php\/wp-json\/wp\/v2\/product\/2236","targetHints":{"allow":["GET"]}}],"collection":[{"href":"https:\/\/saharatradings.com\/index.php\/wp-json\/wp\/v2\/product"}],"about":[{"href":"https:\/\/saharatradings.com\/index.php\/wp-json\/wp\/v2\/types\/product"}],"replies":[{"embeddable":true,"href":"https:\/\/saharatradings.com\/index.php\/wp-json\/wp\/v2\/comments?post=2236"}],"version-history":[{"count":0,"href":"https:\/\/saharatradings.com\/index.php\/wp-json\/wp\/v2\/product\/2236\/revisions"}],"wp:featuredmedia":[{"embeddable":true,"href":"https:\/\/saharatradings.com\/index.php\/wp-json\/wp\/v2\/media\/2237"}],"wp:attachment":[{"href":"https:\/\/saharatradings.com\/index.php\/wp-json\/wp\/v2\/media?parent=2236"}],"wp:term":[{"taxonomy":"product_brand","embeddable":true,"href":"https:\/\/saharatradings.com\/index.php\/wp-json\/wp\/v2\/product_brand?post=2236"},{"taxonomy":"product_cat","embeddable":true,"href":"https:\/\/saharatradings.com\/index.php\/wp-json\/wp\/v2\/product_cat?post=2236"},{"taxonomy":"product_tag","embeddable":true,"href":"https:\/\/saharatradings.com\/index.php\/wp-json\/wp\/v2\/product_tag?post=2236"}],"curies":[{"name":"wp","href":"https:\/\/api.w.org\/{rel}","templated":true}]}}