{"id":2227,"date":"2023-10-13T15:31:16","date_gmt":"2023-10-13T13:31:16","guid":{"rendered":"http:\/\/localhost\/saharatradings\/?post_type=product&#038;p=2227"},"modified":"2023-10-13T15:35:56","modified_gmt":"2023-10-13T13:35:56","slug":"reglette-a-led-double-de-2ft-elexity-2-x-9w-1-400lm-230v","status":"publish","type":"product","link":"https:\/\/saharatradings.com\/index.php\/produit\/reglette-a-led-double-de-2ft-elexity-2-x-9w-1-400lm-230v\/","title":{"rendered":"R\u00e9glette \u00e0 LED double de 2ft Elexity 2 x 9W 1 400lm 230V"},"content":{"rendered":"<p>R\u00e9f\u00e9rence de produit 955TJ<\/p>\n<p>&nbsp;<\/p>\n<p>Gr\u00e2ce \u00e0 la technologie LED, vous \u00e9conomisez de l\u2019\u00e9nergie par rapport aux technologies traditionnelles. Les r\u00e9glettes \u00e9tanches LED sont parfaitement adapt\u00e9es pour une installation en milieux humides.<\/p>\n<ul>\n<li>IP65\u00a0: Pour une utilisation en int\u00e9rieur et en ext\u00e9rieur<\/li>\n<li>Lumi\u00e8re du jour<\/li>\n<li>1\u00a0400lm<\/li>\n<li>Corps en ABS<\/li>\n<li>Diffuseur en polycarbonate<\/li>\n<li>Dur\u00e9e de vie jusqu&rsquo;\u00e0 30 000 heures<\/li>\n<\/ul>\n","protected":false},"excerpt":{"rendered":"<p>R\u00e9f\u00e9rence de produit 955TJ &nbsp; Gr\u00e2ce \u00e0 la technologie LED, vous \u00e9conomisez de l\u2019\u00e9nergie par rapport aux technologies traditionnelles. Les r\u00e9glettes \u00e9tanches LED sont parfaitement adapt\u00e9es pour une installation en milieux humides. IP65\u00a0: Pour une utilisation en int\u00e9rieur et en ext\u00e9rieur Lumi\u00e8re du jour 1\u00a0400lm Corps en ABS Diffuseur en polycarbonate Dur\u00e9e de vie jusqu&rsquo;\u00e0 [&hellip;]<\/p>\n","protected":false},"featured_media":2228,"comment_status":"open","ping_status":"closed","template":"","meta":[],"product_brand":[],"product_cat":[45,52],"product_tag":[],"class_list":{"0":"post-2227","1":"product","2":"type-product","3":"status-publish","4":"has-post-thumbnail","6":"product_cat-electricite","7":"product_cat-reglettes","9":"first","10":"instock","11":"taxable","12":"shipping-taxable","13":"product-type-simple"},"_links":{"self":[{"href":"https:\/\/saharatradings.com\/index.php\/wp-json\/wp\/v2\/product\/2227","targetHints":{"allow":["GET"]}}],"collection":[{"href":"https:\/\/saharatradings.com\/index.php\/wp-json\/wp\/v2\/product"}],"about":[{"href":"https:\/\/saharatradings.com\/index.php\/wp-json\/wp\/v2\/types\/product"}],"replies":[{"embeddable":true,"href":"https:\/\/saharatradings.com\/index.php\/wp-json\/wp\/v2\/comments?post=2227"}],"version-history":[{"count":0,"href":"https:\/\/saharatradings.com\/index.php\/wp-json\/wp\/v2\/product\/2227\/revisions"}],"wp:featuredmedia":[{"embeddable":true,"href":"https:\/\/saharatradings.com\/index.php\/wp-json\/wp\/v2\/media\/2228"}],"wp:attachment":[{"href":"https:\/\/saharatradings.com\/index.php\/wp-json\/wp\/v2\/media?parent=2227"}],"wp:term":[{"taxonomy":"product_brand","embeddable":true,"href":"https:\/\/saharatradings.com\/index.php\/wp-json\/wp\/v2\/product_brand?post=2227"},{"taxonomy":"product_cat","embeddable":true,"href":"https:\/\/saharatradings.com\/index.php\/wp-json\/wp\/v2\/product_cat?post=2227"},{"taxonomy":"product_tag","embeddable":true,"href":"https:\/\/saharatradings.com\/index.php\/wp-json\/wp\/v2\/product_tag?post=2227"}],"curies":[{"name":"wp","href":"https:\/\/api.w.org\/{rel}","templated":true}]}}