{"id":2180,"date":"2023-10-11T19:04:47","date_gmt":"2023-10-11T17:04:47","guid":{"rendered":"http:\/\/localhost\/saharatradings\/?post_type=product&#038;p=2180"},"modified":"2023-10-11T19:09:03","modified_gmt":"2023-10-11T17:09:03","slug":"cone-starlite_75_lrg","status":"publish","type":"product","link":"https:\/\/saharatradings.com\/index.php\/produit\/cone-starlite_75_lrg\/","title":{"rendered":"CONE STARLITE_75_LRG"},"content":{"rendered":"<p><strong>STARLITE<\/strong><\/p>\n<p>Le c\u00f4ne Starlite est un c\u00f4ne en deux parties, dont le centre est fabriqu\u00e9 en PEHD vierge et la base en PVC recycl\u00e9. Le c\u00f4ne est 100% recyclable et est \u00e9quip\u00e9 du manchon prismatique haute performance Melba Swintex Starlux\u2122.<\/p>\n<p>&nbsp;<\/p>\n<p><strong>Caract\u00e9ristiques<\/strong><\/p>\n<p>Dessus moul\u00e9 par soufflage avec acc\u00e8s facile \u00e0 la poign\u00e9e.<\/p>\n<p>Base recyclable 100 % thermoplastique avec fonction antid\u00e9rapante.<\/p>\n<p>Equip\u00e9 d&rsquo;un manchon prismatique Starlux\u2122 haute performance, offrant une superbe luminance de jour et une r\u00e9flectivit\u00e9 de nuit.<\/p>\n<p>Les bases et les centres peuvent \u00e9galement \u00eatre emboss\u00e9s et color\u00e9s.<\/p>\n<p><strong>Normes<\/strong><\/p>\n<p>Conforme aux exigences de la norme BSEN13422<\/p>\n<p>Chapitre 8 &#8211; Manuel de signalisation routi\u00e8re<\/p>\n<p>S\u00e9curit\u00e9 dans les travaux de rue et les travaux routiers<\/p>\n<p>&#8211; Un code de pratique.<\/p>\n<p>R\u00e9glementation des panneaux de signalisation et instructions g\u00e9n\u00e9rales<\/p>\n","protected":false},"excerpt":{"rendered":"<p>STARLITE Le c\u00f4ne Starlite est un c\u00f4ne en deux parties, dont le centre est fabriqu\u00e9 en PEHD vierge et la base en PVC recycl\u00e9. Le c\u00f4ne est 100% recyclable et est \u00e9quip\u00e9 du manchon prismatique haute performance Melba Swintex Starlux\u2122. &nbsp; Caract\u00e9ristiques Dessus moul\u00e9 par soufflage avec acc\u00e8s facile \u00e0 la poign\u00e9e. Base recyclable 100 [&hellip;]<\/p>\n","protected":false},"featured_media":2181,"comment_status":"open","ping_status":"closed","template":"","meta":[],"product_brand":[],"product_cat":[34,36],"product_tag":[],"class_list":{"0":"post-2180","1":"product","2":"type-product","3":"status-publish","4":"has-post-thumbnail","6":"product_cat-circulation","7":"product_cat-cone","9":"first","10":"instock","11":"taxable","12":"shipping-taxable","13":"product-type-simple"},"_links":{"self":[{"href":"https:\/\/saharatradings.com\/index.php\/wp-json\/wp\/v2\/product\/2180","targetHints":{"allow":["GET"]}}],"collection":[{"href":"https:\/\/saharatradings.com\/index.php\/wp-json\/wp\/v2\/product"}],"about":[{"href":"https:\/\/saharatradings.com\/index.php\/wp-json\/wp\/v2\/types\/product"}],"replies":[{"embeddable":true,"href":"https:\/\/saharatradings.com\/index.php\/wp-json\/wp\/v2\/comments?post=2180"}],"version-history":[{"count":0,"href":"https:\/\/saharatradings.com\/index.php\/wp-json\/wp\/v2\/product\/2180\/revisions"}],"wp:featuredmedia":[{"embeddable":true,"href":"https:\/\/saharatradings.com\/index.php\/wp-json\/wp\/v2\/media\/2181"}],"wp:attachment":[{"href":"https:\/\/saharatradings.com\/index.php\/wp-json\/wp\/v2\/media?parent=2180"}],"wp:term":[{"taxonomy":"product_brand","embeddable":true,"href":"https:\/\/saharatradings.com\/index.php\/wp-json\/wp\/v2\/product_brand?post=2180"},{"taxonomy":"product_cat","embeddable":true,"href":"https:\/\/saharatradings.com\/index.php\/wp-json\/wp\/v2\/product_cat?post=2180"},{"taxonomy":"product_tag","embeddable":true,"href":"https:\/\/saharatradings.com\/index.php\/wp-json\/wp\/v2\/product_tag?post=2180"}],"curies":[{"name":"wp","href":"https:\/\/api.w.org\/{rel}","templated":true}]}}