{"id":2175,"date":"2023-10-11T19:01:01","date_gmt":"2023-10-11T17:01:01","guid":{"rendered":"http:\/\/localhost\/saharatradings\/?post_type=product&#038;p=2175"},"modified":"2023-10-11T19:03:59","modified_gmt":"2023-10-11T17:03:59","slug":"cone-melba-46-euro","status":"publish","type":"product","link":"https:\/\/saharatradings.com\/index.php\/produit\/cone-melba-46-euro\/","title":{"rendered":"CONE MELBA 46 EURO"},"content":{"rendered":"<p>Le c\u00f4ne MELBA 46 est un c\u00f4ne monobloc \u00e9conomique fabriqu\u00e9 \u00e0 partir de mat\u00e9riaux recycl\u00e9s de qualit\u00e9 Ultra, qui sont recyclables \u00e0 100 %, ce qui en fait un c\u00f4ne de circulation totalement respectueux de l&rsquo;environnement. La couleur et le logo de l&rsquo;entreprise sont disponibles en option.<\/p>\n<p>&nbsp;<\/p>\n<p>Caract\u00e9ristiques<\/p>\n<p>Fabriqu\u00e9 \u00e0 partir d&rsquo;un mat\u00e9riau recycl\u00e9 de qualit\u00e9 sup\u00e9rieure.<\/p>\n<p>Enti\u00e8rement recyclable \u00e0 100 %.<\/p>\n<p>Flexibilit\u00e9 \u00e9tudi\u00e9e pour une grande r\u00e9sistance aux chocs.<\/p>\n<p>Options standard et sans attente disponibles.<\/p>\n<p>Possibilit\u00e9 de logos et de couleurs d&rsquo;entreprise.<\/p>\n<p>Possibilit\u00e9 de manches personnalis\u00e9es.<\/p>\n<p>Normes<\/p>\n<p>Manchon conforme aux exigences de la norme BSEN13422<\/p>\n<p>Chapitre 8 &#8211; Manuel de signalisation routi\u00e8re<\/p>\n<p>S\u00e9curit\u00e9 lors des travaux de voirie et des travaux routiers<\/p>\n<p>&#8211; Un code de pratique.<\/p>\n<p>R\u00e8glement sur la signalisation routi\u00e8re et instructions g\u00e9n\u00e9rales.<\/p>\n","protected":false},"excerpt":{"rendered":"<p>Le c\u00f4ne MELBA 46 est un c\u00f4ne monobloc \u00e9conomique fabriqu\u00e9 \u00e0 partir de mat\u00e9riaux recycl\u00e9s de qualit\u00e9 Ultra, qui sont recyclables \u00e0 100 %, ce qui en fait un c\u00f4ne de circulation totalement respectueux de l&rsquo;environnement. La couleur et le logo de l&rsquo;entreprise sont disponibles en option. &nbsp; Caract\u00e9ristiques Fabriqu\u00e9 \u00e0 partir d&rsquo;un mat\u00e9riau recycl\u00e9 [&hellip;]<\/p>\n","protected":false},"featured_media":2176,"comment_status":"open","ping_status":"closed","template":"","meta":[],"product_brand":[],"product_cat":[34,36],"product_tag":[],"class_list":{"0":"post-2175","1":"product","2":"type-product","3":"status-publish","4":"has-post-thumbnail","6":"product_cat-circulation","7":"product_cat-cone","9":"first","10":"instock","11":"taxable","12":"shipping-taxable","13":"product-type-simple"},"_links":{"self":[{"href":"https:\/\/saharatradings.com\/index.php\/wp-json\/wp\/v2\/product\/2175","targetHints":{"allow":["GET"]}}],"collection":[{"href":"https:\/\/saharatradings.com\/index.php\/wp-json\/wp\/v2\/product"}],"about":[{"href":"https:\/\/saharatradings.com\/index.php\/wp-json\/wp\/v2\/types\/product"}],"replies":[{"embeddable":true,"href":"https:\/\/saharatradings.com\/index.php\/wp-json\/wp\/v2\/comments?post=2175"}],"version-history":[{"count":0,"href":"https:\/\/saharatradings.com\/index.php\/wp-json\/wp\/v2\/product\/2175\/revisions"}],"wp:featuredmedia":[{"embeddable":true,"href":"https:\/\/saharatradings.com\/index.php\/wp-json\/wp\/v2\/media\/2176"}],"wp:attachment":[{"href":"https:\/\/saharatradings.com\/index.php\/wp-json\/wp\/v2\/media?parent=2175"}],"wp:term":[{"taxonomy":"product_brand","embeddable":true,"href":"https:\/\/saharatradings.com\/index.php\/wp-json\/wp\/v2\/product_brand?post=2175"},{"taxonomy":"product_cat","embeddable":true,"href":"https:\/\/saharatradings.com\/index.php\/wp-json\/wp\/v2\/product_cat?post=2175"},{"taxonomy":"product_tag","embeddable":true,"href":"https:\/\/saharatradings.com\/index.php\/wp-json\/wp\/v2\/product_tag?post=2175"}],"curies":[{"name":"wp","href":"https:\/\/api.w.org\/{rel}","templated":true}]}}