{"id":2172,"date":"2023-10-11T18:49:15","date_gmt":"2023-10-11T16:49:15","guid":{"rendered":"http:\/\/localhost\/saharatradings\/?post_type=product&#038;p=2172"},"modified":"2023-10-11T19:00:00","modified_gmt":"2023-10-11T17:00:00","slug":"cone-mpl-75","status":"publish","type":"product","link":"https:\/\/saharatradings.com\/index.php\/produit\/cone-mpl-75\/","title":{"rendered":"CONE MPL 75"},"content":{"rendered":"<p>Le MPL75 est un c\u00f4ne monobloc \u00e9conomique, fabriqu\u00e9 \u00e0 partir de thermoplastique 100 % recycl\u00e9, qui est recyclable, ce qui fait de ce c\u00f4ne un produit totalement respectueux de l&rsquo;environnement. La base peut \u00eatre color\u00e9e selon les besoins, et\/ou emboss\u00e9e avec le logo de l&rsquo;entreprise.<\/p>\n","protected":false},"excerpt":{"rendered":"<p>Le MPL75 est un c\u00f4ne monobloc \u00e9conomique, fabriqu\u00e9 \u00e0 partir de thermoplastique 100 % recycl\u00e9, qui est recyclable, ce qui fait de ce c\u00f4ne un produit totalement respectueux de l&rsquo;environnement. La base peut \u00eatre color\u00e9e selon les besoins, et\/ou emboss\u00e9e avec le logo de l&rsquo;entreprise.<\/p>\n","protected":false},"featured_media":2173,"comment_status":"open","ping_status":"closed","template":"","meta":[],"product_brand":[],"product_cat":[34,36],"product_tag":[],"class_list":{"0":"post-2172","1":"product","2":"type-product","3":"status-publish","4":"has-post-thumbnail","6":"product_cat-circulation","7":"product_cat-cone","9":"first","10":"instock","11":"taxable","12":"shipping-taxable","13":"product-type-simple"},"_links":{"self":[{"href":"https:\/\/saharatradings.com\/index.php\/wp-json\/wp\/v2\/product\/2172","targetHints":{"allow":["GET"]}}],"collection":[{"href":"https:\/\/saharatradings.com\/index.php\/wp-json\/wp\/v2\/product"}],"about":[{"href":"https:\/\/saharatradings.com\/index.php\/wp-json\/wp\/v2\/types\/product"}],"replies":[{"embeddable":true,"href":"https:\/\/saharatradings.com\/index.php\/wp-json\/wp\/v2\/comments?post=2172"}],"version-history":[{"count":1,"href":"https:\/\/saharatradings.com\/index.php\/wp-json\/wp\/v2\/product\/2172\/revisions"}],"predecessor-version":[{"id":2174,"href":"https:\/\/saharatradings.com\/index.php\/wp-json\/wp\/v2\/product\/2172\/revisions\/2174"}],"wp:featuredmedia":[{"embeddable":true,"href":"https:\/\/saharatradings.com\/index.php\/wp-json\/wp\/v2\/media\/2173"}],"wp:attachment":[{"href":"https:\/\/saharatradings.com\/index.php\/wp-json\/wp\/v2\/media?parent=2172"}],"wp:term":[{"taxonomy":"product_brand","embeddable":true,"href":"https:\/\/saharatradings.com\/index.php\/wp-json\/wp\/v2\/product_brand?post=2172"},{"taxonomy":"product_cat","embeddable":true,"href":"https:\/\/saharatradings.com\/index.php\/wp-json\/wp\/v2\/product_cat?post=2172"},{"taxonomy":"product_tag","embeddable":true,"href":"https:\/\/saharatradings.com\/index.php\/wp-json\/wp\/v2\/product_tag?post=2172"}],"curies":[{"name":"wp","href":"https:\/\/api.w.org\/{rel}","templated":true}]}}