{"id":2163,"date":"2023-10-11T18:25:15","date_gmt":"2023-10-11T16:25:15","guid":{"rendered":"http:\/\/localhost\/saharatradings\/?post_type=product&#038;p=2163"},"modified":"2023-12-27T17:14:15","modified_gmt":"2023-12-27T16:14:15","slug":"ruban-adhesif-davertissement-en-pvc","status":"publish","type":"product","link":"https:\/\/saharatradings.com\/index.php\/produit\/ruban-adhesif-davertissement-en-pvc\/","title":{"rendered":"RUBAN ADHESIF D\u2019AVERTISSEMENT EN PVC"},"content":{"rendered":"<p><strong>Caract\u00e9ristiques :<\/strong> haute r\u00e9sistance \u00e0 la traction, forte r\u00e9sistance \u00e0 l&rsquo;usure, bonne t\u00e9nacit\u00e9.<\/p>\n<p><strong>Application :<\/strong> division de zone d&rsquo;usine, division de stationnement de parking, marquage de terrain de basket-ball, marquage de terrain de badminton, utilisation de peinture, conduit d&rsquo;air, ol\u00e9oduc, pipeline souterrain, sol, colonne, construction, panneaux d&rsquo;avertissement, scellement de bo\u00eete d&#8217;emballage et autres avertissements.<\/p>\n","protected":false},"excerpt":{"rendered":"<p>Caract\u00e9ristiques : haute r\u00e9sistance \u00e0 la traction, forte r\u00e9sistance \u00e0 l&rsquo;usure, bonne t\u00e9nacit\u00e9. Application : division de zone d&rsquo;usine, division de stationnement de parking, marquage de terrain de basket-ball, marquage de terrain de badminton, utilisation de peinture, conduit d&rsquo;air, ol\u00e9oduc, pipeline souterrain, sol, colonne, construction, panneaux d&rsquo;avertissement, scellement de bo\u00eete d&#8217;emballage et autres avertissements.<\/p>\n","protected":false},"featured_media":2580,"comment_status":"open","ping_status":"closed","template":"","meta":[],"product_brand":[],"product_cat":[32],"product_tag":[],"class_list":{"0":"post-2163","1":"product","2":"type-product","3":"status-publish","4":"has-post-thumbnail","6":"product_cat-adhesifs","8":"first","9":"instock","10":"taxable","11":"shipping-taxable","12":"product-type-simple"},"_links":{"self":[{"href":"https:\/\/saharatradings.com\/index.php\/wp-json\/wp\/v2\/product\/2163","targetHints":{"allow":["GET"]}}],"collection":[{"href":"https:\/\/saharatradings.com\/index.php\/wp-json\/wp\/v2\/product"}],"about":[{"href":"https:\/\/saharatradings.com\/index.php\/wp-json\/wp\/v2\/types\/product"}],"replies":[{"embeddable":true,"href":"https:\/\/saharatradings.com\/index.php\/wp-json\/wp\/v2\/comments?post=2163"}],"version-history":[{"count":1,"href":"https:\/\/saharatradings.com\/index.php\/wp-json\/wp\/v2\/product\/2163\/revisions"}],"predecessor-version":[{"id":3029,"href":"https:\/\/saharatradings.com\/index.php\/wp-json\/wp\/v2\/product\/2163\/revisions\/3029"}],"wp:featuredmedia":[{"embeddable":true,"href":"https:\/\/saharatradings.com\/index.php\/wp-json\/wp\/v2\/media\/2580"}],"wp:attachment":[{"href":"https:\/\/saharatradings.com\/index.php\/wp-json\/wp\/v2\/media?parent=2163"}],"wp:term":[{"taxonomy":"product_brand","embeddable":true,"href":"https:\/\/saharatradings.com\/index.php\/wp-json\/wp\/v2\/product_brand?post=2163"},{"taxonomy":"product_cat","embeddable":true,"href":"https:\/\/saharatradings.com\/index.php\/wp-json\/wp\/v2\/product_cat?post=2163"},{"taxonomy":"product_tag","embeddable":true,"href":"https:\/\/saharatradings.com\/index.php\/wp-json\/wp\/v2\/product_tag?post=2163"}],"curies":[{"name":"wp","href":"https:\/\/api.w.org\/{rel}","templated":true}]}}