{"id":2147,"date":"2023-10-11T18:17:22","date_gmt":"2023-10-11T16:17:22","guid":{"rendered":"http:\/\/localhost\/saharatradings\/?post_type=product&#038;p=2147"},"modified":"2023-10-11T18:23:28","modified_gmt":"2023-10-11T16:23:28","slug":"rubans-adhesifs-reflechissants","status":"publish","type":"product","link":"https:\/\/saharatradings.com\/index.php\/produit\/rubans-adhesifs-reflechissants\/","title":{"rendered":"RUBANS ADHESIFS REFLECHISSANTS"},"content":{"rendered":"<p><strong>Caract\u00e9ristique<\/strong>\u00a0: La bande r\u00e9fl\u00e9chissante a une forte r\u00e9flectivit\u00e9 et une r\u00e9flexion sur un grand angle d&rsquo;environ 180 degr\u00e9s pour fournir la nuit.<\/p>\n<p><strong>S\u00e9curit\u00e9<\/strong> :\u00a0avec fonction r\u00e9sistante aux intemp\u00e9ries, aux UV et \u00e0 l&rsquo;eau, adapt\u00e9e \u00e0 toutes les conditions m\u00e9t\u00e9orologiques.<\/p>\n<p><strong>Application<\/strong> : l&rsquo;autocollant de carrosserie de voiture\/camion\/v\u00e9hicule peut \u00eatre utilis\u00e9 sur les poteaux, les barricades, les v\u00e9hicules, les machines, etc.<\/p>\n","protected":false},"excerpt":{"rendered":"<p>Caract\u00e9ristique\u00a0: La bande r\u00e9fl\u00e9chissante a une forte r\u00e9flectivit\u00e9 et une r\u00e9flexion sur un grand angle d&rsquo;environ 180 degr\u00e9s pour fournir la nuit. S\u00e9curit\u00e9 :\u00a0avec fonction r\u00e9sistante aux intemp\u00e9ries, aux UV et \u00e0 l&rsquo;eau, adapt\u00e9e \u00e0 toutes les conditions m\u00e9t\u00e9orologiques. Application : l&rsquo;autocollant de carrosserie de voiture\/camion\/v\u00e9hicule peut \u00eatre utilis\u00e9 sur les poteaux, les barricades, les [&hellip;]<\/p>\n","protected":false},"featured_media":2148,"comment_status":"open","ping_status":"closed","template":"","meta":[],"product_brand":[],"product_cat":[32,33],"product_tag":[],"class_list":{"0":"post-2147","1":"product","2":"type-product","3":"status-publish","4":"has-post-thumbnail","6":"product_cat-adhesifs","7":"product_cat-adhesives-reflechissantes","9":"first","10":"instock","11":"taxable","12":"shipping-taxable","13":"product-type-simple"},"_links":{"self":[{"href":"https:\/\/saharatradings.com\/index.php\/wp-json\/wp\/v2\/product\/2147","targetHints":{"allow":["GET"]}}],"collection":[{"href":"https:\/\/saharatradings.com\/index.php\/wp-json\/wp\/v2\/product"}],"about":[{"href":"https:\/\/saharatradings.com\/index.php\/wp-json\/wp\/v2\/types\/product"}],"replies":[{"embeddable":true,"href":"https:\/\/saharatradings.com\/index.php\/wp-json\/wp\/v2\/comments?post=2147"}],"version-history":[{"count":0,"href":"https:\/\/saharatradings.com\/index.php\/wp-json\/wp\/v2\/product\/2147\/revisions"}],"wp:featuredmedia":[{"embeddable":true,"href":"https:\/\/saharatradings.com\/index.php\/wp-json\/wp\/v2\/media\/2148"}],"wp:attachment":[{"href":"https:\/\/saharatradings.com\/index.php\/wp-json\/wp\/v2\/media?parent=2147"}],"wp:term":[{"taxonomy":"product_brand","embeddable":true,"href":"https:\/\/saharatradings.com\/index.php\/wp-json\/wp\/v2\/product_brand?post=2147"},{"taxonomy":"product_cat","embeddable":true,"href":"https:\/\/saharatradings.com\/index.php\/wp-json\/wp\/v2\/product_cat?post=2147"},{"taxonomy":"product_tag","embeddable":true,"href":"https:\/\/saharatradings.com\/index.php\/wp-json\/wp\/v2\/product_tag?post=2147"}],"curies":[{"name":"wp","href":"https:\/\/api.w.org\/{rel}","templated":true}]}}