{"id":2133,"date":"2023-10-11T17:50:13","date_gmt":"2023-10-11T15:50:13","guid":{"rendered":"http:\/\/localhost\/saharatradings\/?post_type=product&#038;p=2133"},"modified":"2023-10-11T17:57:25","modified_gmt":"2023-10-11T15:57:25","slug":"combinaison-de-protection-3m-4535-blanc","status":"publish","type":"product","link":"https:\/\/saharatradings.com\/index.php\/produit\/combinaison-de-protection-3m-4535-blanc\/","title":{"rendered":"COMBINAISON DE PROTECTION 3M\u2122 4535 BLANC"},"content":{"rendered":"<ul>\n<li>Combinaison de type\u00a05\/6 en tissu extr\u00eamement doux, l\u00e9ger mais durable, qui offre une protection efficace contre les particules dangereuses et les projections liquides limit\u00e9es<\/li>\n<li>La capuche sp\u00e9ciale \u00e0 pans respirants associ\u00e9e \u00e0 de grands panneaux dorsaux \u00e9galement respirants r\u00e9duit le risque de stress thermique dans les environnements chauds<\/li>\n<li>Une fermeture \u00e0 glissi\u00e8re double curseur avec rabat anti-temp\u00eate et des ouvertures \u00e9lastiques r\u00e9duisent le risque d&rsquo;exposition cutan\u00e9e<\/li>\n<li>Le rev\u00eatement antistatique EN 1149-5 r\u00e9duit les d\u00e9charges d&rsquo;\u00e9lectricit\u00e9 statique et le risque d&rsquo;\u00e9tincelles<\/li>\n<li>Poignets jersey et \u00e9lastiques \u00e0 la taille et aux chevilles pour plus de confort et une plus grande libert\u00e9 de mouvement<\/li>\n<li><\/li>\n<\/ul>\n","protected":false},"excerpt":{"rendered":"<p>Combinaison de type\u00a05\/6 en tissu extr\u00eamement doux, l\u00e9ger mais durable, qui offre une protection efficace contre les particules dangereuses et les projections liquides limit\u00e9es La capuche sp\u00e9ciale \u00e0 pans respirants associ\u00e9e \u00e0 de grands panneaux dorsaux \u00e9galement respirants r\u00e9duit le risque de stress thermique dans les environnements chauds Une fermeture \u00e0 glissi\u00e8re double curseur avec [&hellip;]<\/p>\n","protected":false},"featured_media":2134,"comment_status":"open","ping_status":"closed","template":"","meta":[],"product_brand":[],"product_cat":[39],"product_tag":[],"class_list":{"0":"post-2133","1":"product","2":"type-product","3":"status-publish","4":"has-post-thumbnail","6":"product_cat-combinaisons-de-protection","8":"first","9":"instock","10":"taxable","11":"shipping-taxable","12":"product-type-simple"},"_links":{"self":[{"href":"https:\/\/saharatradings.com\/index.php\/wp-json\/wp\/v2\/product\/2133","targetHints":{"allow":["GET"]}}],"collection":[{"href":"https:\/\/saharatradings.com\/index.php\/wp-json\/wp\/v2\/product"}],"about":[{"href":"https:\/\/saharatradings.com\/index.php\/wp-json\/wp\/v2\/types\/product"}],"replies":[{"embeddable":true,"href":"https:\/\/saharatradings.com\/index.php\/wp-json\/wp\/v2\/comments?post=2133"}],"version-history":[{"count":0,"href":"https:\/\/saharatradings.com\/index.php\/wp-json\/wp\/v2\/product\/2133\/revisions"}],"wp:featuredmedia":[{"embeddable":true,"href":"https:\/\/saharatradings.com\/index.php\/wp-json\/wp\/v2\/media\/2134"}],"wp:attachment":[{"href":"https:\/\/saharatradings.com\/index.php\/wp-json\/wp\/v2\/media?parent=2133"}],"wp:term":[{"taxonomy":"product_brand","embeddable":true,"href":"https:\/\/saharatradings.com\/index.php\/wp-json\/wp\/v2\/product_brand?post=2133"},{"taxonomy":"product_cat","embeddable":true,"href":"https:\/\/saharatradings.com\/index.php\/wp-json\/wp\/v2\/product_cat?post=2133"},{"taxonomy":"product_tag","embeddable":true,"href":"https:\/\/saharatradings.com\/index.php\/wp-json\/wp\/v2\/product_tag?post=2133"}],"curies":[{"name":"wp","href":"https:\/\/api.w.org\/{rel}","templated":true}]}}