{"id":2132,"date":"2023-10-11T17:46:25","date_gmt":"2023-10-11T15:46:25","guid":{"rendered":"http:\/\/localhost\/saharatradings\/?post_type=product&#038;p=2132"},"modified":"2023-10-11T17:48:04","modified_gmt":"2023-10-11T15:48:04","slug":"combinaison-de-protection-3m-4532-blanc-2","status":"publish","type":"product","link":"https:\/\/saharatradings.com\/index.php\/produit\/combinaison-de-protection-3m-4532-blanc-2\/","title":{"rendered":"COMBINAISON DE PROTECTION 3M\u2122 4532 BLANC"},"content":{"rendered":"<ul>\n<li>La combinaison de protection 3M\u2122 4532+ respecte les exigences de la directive EPI Cat\u00e9gorie III, Type 5\/6 et dispose d&rsquo;un traitement sp\u00e9cial suppl\u00e9mentaire appliqu\u00e9 au tissu SSMMS afin de garantir son caract\u00e8re hydrofuge am\u00e9lior\u00e9 \u00e0 certains alcools et \u00e0 certaines graisses. Le mat\u00e9riel robuste perm\u00e9able associ\u00e9 \u00e0 des caract\u00e9ristiques de conception de premi\u00e8re classe, assure un confort optimal lors de son utilisation.<\/li>\n<\/ul>\n","protected":false},"excerpt":{"rendered":"<ul>\n<li>\u00c9tanch\u00e9it\u00e9 unique aux liquides, avec traitement du mat\u00e9riau contre les huiles et l&rsquo;alcool<\/li>\n<li>SSMMS multicouches doux et robuste, 52 g\/m\u00b2, pour une bonne performance<\/li>\n<li>Fabriqu\u00e9e dans un tissu SSMMS non tiss\u00e9 perm\u00e9able \u00e0 l&rsquo;air pour une lib\u00e9ration efficace de la chaleur du corps et de l&rsquo;humidit\u00e9 et un stress thermique r\u00e9duit<\/li>\n<li>Capuche \u00e0 3 pans, panneau \u00e0 gousset triangulaire renforc\u00e9, fermeture \u00e0 glissi\u00e8re double curseur avec rabat de protection adh\u00e9siv\u00e9, \u00e9lastiques au niveau du dos et des chevilles pour une libert\u00e9 de mouvement accrue<\/li>\n<li>Le rev\u00eatement antistatique EN 1149-5 r\u00e9duit les d\u00e9charges d&rsquo;\u00e9lectricit\u00e9 statique et le risque d&rsquo;\u00e9tincelles<\/li>\n<li>R\u00e9siste aux particules nucl\u00e9aires selon la norme EN 1073-2-2:2002 sauf EN863 r\u00e9sistance \u00e0 la perforation. Ne prot\u00e8ge pas contre les radiations<\/li>\n<li>Poignets en jersey, \u00e9lastique \u00e0 la taille et aux chevilles pour un meilleur ajustement et une libert\u00e9 de mouvement<\/li>\n<\/ul>\n","protected":false},"featured_media":2131,"comment_status":"open","ping_status":"closed","template":"","meta":[],"product_brand":[],"product_cat":[39],"product_tag":[],"class_list":{"0":"post-2132","1":"product","2":"type-product","3":"status-publish","4":"has-post-thumbnail","6":"product_cat-combinaisons-de-protection","8":"first","9":"instock","10":"taxable","11":"shipping-taxable","12":"product-type-simple"},"_links":{"self":[{"href":"https:\/\/saharatradings.com\/index.php\/wp-json\/wp\/v2\/product\/2132","targetHints":{"allow":["GET"]}}],"collection":[{"href":"https:\/\/saharatradings.com\/index.php\/wp-json\/wp\/v2\/product"}],"about":[{"href":"https:\/\/saharatradings.com\/index.php\/wp-json\/wp\/v2\/types\/product"}],"replies":[{"embeddable":true,"href":"https:\/\/saharatradings.com\/index.php\/wp-json\/wp\/v2\/comments?post=2132"}],"version-history":[{"count":0,"href":"https:\/\/saharatradings.com\/index.php\/wp-json\/wp\/v2\/product\/2132\/revisions"}],"wp:featuredmedia":[{"embeddable":true,"href":"https:\/\/saharatradings.com\/index.php\/wp-json\/wp\/v2\/media\/2131"}],"wp:attachment":[{"href":"https:\/\/saharatradings.com\/index.php\/wp-json\/wp\/v2\/media?parent=2132"}],"wp:term":[{"taxonomy":"product_brand","embeddable":true,"href":"https:\/\/saharatradings.com\/index.php\/wp-json\/wp\/v2\/product_brand?post=2132"},{"taxonomy":"product_cat","embeddable":true,"href":"https:\/\/saharatradings.com\/index.php\/wp-json\/wp\/v2\/product_cat?post=2132"},{"taxonomy":"product_tag","embeddable":true,"href":"https:\/\/saharatradings.com\/index.php\/wp-json\/wp\/v2\/product_tag?post=2132"}],"curies":[{"name":"wp","href":"https:\/\/api.w.org\/{rel}","templated":true}]}}